{"id":14176,"date":"2024-01-06T12:14:11","date_gmt":"2024-01-06T12:14:11","guid":{"rendered":"https:\/\/dentaltestlab.com\/jobs-careers-at-dental-test-lab\/"},"modified":"2026-02-13T11:21:37","modified_gmt":"2026-02-13T11:21:37","slug":"jobs-careers-at-dental-test-lab","status":"publish","type":"page","link":"https:\/\/dentaltestlab.com\/es\/jobs-careers-at-dental-test-lab\/","title":{"rendered":"Empleo y carreras en Dental Test Lab"},"content":{"rendered":"<div class=\"gb-container gb-container-4742cc5d alignfull\"> <div class=\"gb-container gb-container-96eaf3e2\"> <h1 class=\"gb-headline gb-headline-829851c6 gb-headline-text\">Empleo y carreras en Dental Test Lab<\/h1>  <p class=\"gb-headline gb-headline-443652d4 gb-headline-text\"><strong>Da forma con nosotros al futuro de la salud bucodental y la est\u00e9tica dental<\/strong><\/p>  <\/div> <\/div><div class=\"gb-container gb-container-6c7c8f9f\"> <figure class=\"gb-block-image gb-block-image-9b290b03\"><img decoding=\"async\" width=\"1600\" height=\"1100\" src=\"https:\/\/dentaltestlab.com\/wp-content\/uploads\/2024\/01\/AdobeStock_583424428-scaled.jpeg\" class=\"gb-image-9b290b03\" alt=\"Business thinking, office laptop and black woman, creative agent or person working on advertising plan. Project, problem solving and serious girl brainstorming company idea for social media strategy\" srcset=\"https:\/\/dentaltestlab.com\/wp-content\/uploads\/2024\/01\/AdobeStock_583424428-scaled.jpeg 1600w, https:\/\/dentaltestlab.com\/wp-content\/uploads\/2024\/01\/AdobeStock_583424428-300x206.jpeg 300w, https:\/\/dentaltestlab.com\/wp-content\/uploads\/2024\/01\/AdobeStock_583424428-1024x704.jpeg 1024w, https:\/\/dentaltestlab.com\/wp-content\/uploads\/2024\/01\/AdobeStock_583424428-768x528.jpeg 768w, https:\/\/dentaltestlab.com\/wp-content\/uploads\/2024\/01\/AdobeStock_583424428-1536x1056.jpeg 1536w, https:\/\/dentaltestlab.com\/wp-content\/uploads\/2024\/01\/AdobeStock_583424428-2048x1408.jpeg 2048w\" sizes=\"(max-width: 1600px) 100vw, 1600px\" \/><\/figure> <\/div> <p>\u00a1Te damos la bienvenida a la p\u00e1gina de empleo y carreras de Dental Test Lab!<br\/>Aunque actualmente no estemos anunciando ninguna vacante fija, siempre estamos abiertos a candidaturas espont\u00e1neas de talento comprometido que quiera aportarnos nuevas ideas y experiencia.<\/p>  <p>Somos un equipo din\u00e1mico y en crecimiento, y damos la bienvenida a quienes quieran aportar su entusiasmo por la salud bucodental, las comparativas de productos y los informes de pruebas elaborados a partir de una investigaci\u00f3n exhaustiva.<\/p>  <p>En Dental Test Lab, la transparencia, la precisi\u00f3n y la credibilidad son fundamentales. Nuestros contenidos van desde an\u00e1lisis en profundidad hasta consejos pr\u00e1cticos sobre blanqueamiento dental y productos de cuidado bucodental \u2013 siempre adaptados a las necesidades de nuestros lectores. <\/p>  <h3 class=\"wp-block-heading\" id=\"h-werde-produkttester-in-und-teile-deine-erfahrung\">Convi\u00e9rtete en probador de productos y comparte tu experiencia<\/h3>  <p>Buscamos con regularidad probadores voluntarios interesados en probar productos innovadores para el blanqueamiento dental, kits de blanqueamiento y otros productos de cuidado bucodental. Si te gusta conocer productos nuevos y evaluarlos de forma cr\u00edtica, has llegado al lugar adecuado. <\/p>  <p>Como probador de productos en Dental Test Lab, recibir\u00e1s en casa productos seleccionados, que probar\u00e1s siguiendo criterios claros. Esto te da la oportunidad de probar productos nuevos antes que nadie y aportar comentarios valiosos con informes de experiencia honestos, no solo a otros consumidores, sino tambi\u00e9n a los fabricantes. <\/p>  <h3 class=\"wp-block-heading\" id=\"h-so-kannst-du-dich-bewerben\">C\u00f3mo postularte:<\/h3>  <p>\u00bfTe interesa formar parte de nuestro equipo de probadores?<br\/>Entonces env\u00edanos una breve presentaci\u00f3n y cu\u00e9ntanos tu inter\u00e9s por el cuidado bucodental a <a>productreviews@dentaltestlab.com<\/a>. Nos pondremos en contacto contigo con m\u00e1s informaci\u00f3n y detalles sobre las pruebas de producto actuales. <\/p>  <h3 class=\"wp-block-heading\" id=\"h-kontakt-amp-fragen\">Contacto y preguntas<\/h3>  <p>Tanto si tienes preguntas sobre colaboraciones, el equipo de pruebas o Dental Test Lab en general: en nuestra <a href=\"https:\/\/dentaltestlab.com\/es\/get-in-touch-with-us\/\">p\u00e1gina de contacto<\/a> encontrar\u00e1s todas las formas de escribirnos directamente por correo electr\u00f3nico \u2013 ya sea para enviarnos comentarios, sugerencias o preguntas.<\/p>  <p>Agradecemos cada aportaci\u00f3n que mejore lo que ofrecemos y fortalezca nuestra comunidad. Dental Test Lab se concibe como una comunidad que apuesta por una divulgaci\u00f3n rigurosa y por la calidad en el cuidado bucodental.<br\/>Forma parte \u2013 \u00a1estaremos encantados de saber de ti! <\/p>  <p><strong>Tu equipo de Dental Test Lab<\/strong><\/p> ","protected":false},"excerpt":{"rendered":"<p>Empleo y carreras en Dental Test Lab Da forma con nosotros al futuro de la salud bucodental y la est\u00e9tica dental \u00a1Te damos la bienvenida a la p\u00e1gina de empleo y carreras de Dental Test Lab!Aunque actualmente no estemos anunciando ninguna vacante fija, siempre estamos abiertos a candidaturas espont\u00e1neas de talento comprometido que quiera aportarnos &#8230; <a title=\"Empleo y carreras en Dental Test Lab\" class=\"read-more\" href=\"https:\/\/dentaltestlab.com\/es\/jobs-careers-at-dental-test-lab\/\" aria-label=\"Leer m\u00e1s sobre Empleo y carreras en Dental Test Lab\">Mehr erfahren<\/a><\/p>\n","protected":false},"author":1,"featured_media":14177,"parent":0,"menu_order":0,"comment_status":"closed","ping_status":"closed","template":"","meta":{"_lmt_disableupdate":"","_lmt_disable":"","footnotes":""},"categories":[],"tags":[],"class_list":["post-14176","page","type-page","status-publish","has-post-thumbnail"],"yoast_head":"<!-- This site is optimized with the Yoast SEO plugin v27.4 - https:\/\/yoast.com\/product\/yoast-seo-wordpress\/ -->\n<title>Empleo y carreras en Dental Test Lab | Dental Test Lab<\/title>\n<meta name=\"robots\" content=\"index, follow, max-snippet:-1, max-image-preview:large, max-video-preview:-1\" \/>\n<link rel=\"canonical\" href=\"https:\/\/dentaltestlab.com\/es\/jobs-careers-at-dental-test-lab\/\" \/>\n<meta property=\"og:locale\" content=\"es_ES\" \/>\n<meta property=\"og:type\" content=\"article\" \/>\n<meta property=\"og:title\" content=\"Empleo y carreras en Dental Test Lab | Dental Test Lab\" \/>\n<meta property=\"og:description\" content=\"Empleo y carreras en Dental Test Lab Da forma con nosotros al futuro de la salud bucodental y la est\u00e9tica dental \u00a1Te damos la bienvenida a la p\u00e1gina de empleo y carreras de Dental Test Lab!Aunque actualmente no estemos anunciando ninguna vacante fija, siempre estamos abiertos a candidaturas espont\u00e1neas de talento comprometido que quiera aportarnos ... Mehr erfahren\" \/>\n<meta property=\"og:url\" content=\"https:\/\/dentaltestlab.com\/es\/jobs-careers-at-dental-test-lab\/\" \/>\n<meta property=\"og:site_name\" content=\"Dental Test Lab\" \/>\n<meta property=\"article:modified_time\" content=\"2026-02-13T11:21:37+00:00\" \/>\n<meta property=\"og:image\" content=\"https:\/\/dentaltestlab.com\/wp-content\/uploads\/2024\/01\/AdobeStock_583424428-scaled.jpeg\" \/>\n\t<meta property=\"og:image:width\" content=\"1600\" \/>\n\t<meta property=\"og:image:height\" content=\"1100\" \/>\n\t<meta property=\"og:image:type\" content=\"image\/jpeg\" \/>\n<script type=\"application\/ld+json\" class=\"yoast-schema-graph\">{\"@context\":\"https:\\\/\\\/schema.org\",\"@graph\":[{\"@type\":\"WebPage\",\"@id\":\"https:\\\/\\\/dentaltestlab.com\\\/es\\\/jobs-careers-at-dental-test-lab\\\/\",\"url\":\"https:\\\/\\\/dentaltestlab.com\\\/es\\\/jobs-careers-at-dental-test-lab\\\/\",\"name\":\"Empleo y carreras en Dental Test Lab | Dental Test Lab\",\"isPartOf\":{\"@id\":\"https:\\\/\\\/dentaltestlab.com\\\/es\\\/#website\"},\"primaryImageOfPage\":{\"@id\":\"https:\\\/\\\/dentaltestlab.com\\\/es\\\/jobs-careers-at-dental-test-lab\\\/#primaryimage\"},\"image\":{\"@id\":\"https:\\\/\\\/dentaltestlab.com\\\/es\\\/jobs-careers-at-dental-test-lab\\\/#primaryimage\"},\"thumbnailUrl\":\"https:\\\/\\\/dentaltestlab.com\\\/wp-content\\\/uploads\\\/2024\\\/01\\\/AdobeStock_583424428-scaled.jpeg\",\"datePublished\":\"2024-01-06T12:14:11+00:00\",\"dateModified\":\"2026-02-13T11:21:37+00:00\",\"breadcrumb\":{\"@id\":\"https:\\\/\\\/dentaltestlab.com\\\/es\\\/jobs-careers-at-dental-test-lab\\\/#breadcrumb\"},\"inLanguage\":\"es\",\"potentialAction\":[{\"@type\":\"ReadAction\",\"target\":[\"https:\\\/\\\/dentaltestlab.com\\\/es\\\/jobs-careers-at-dental-test-lab\\\/\"]}]},{\"@type\":\"ImageObject\",\"inLanguage\":\"es\",\"@id\":\"https:\\\/\\\/dentaltestlab.com\\\/es\\\/jobs-careers-at-dental-test-lab\\\/#primaryimage\",\"url\":\"https:\\\/\\\/dentaltestlab.com\\\/wp-content\\\/uploads\\\/2024\\\/01\\\/AdobeStock_583424428-scaled.jpeg\",\"contentUrl\":\"https:\\\/\\\/dentaltestlab.com\\\/wp-content\\\/uploads\\\/2024\\\/01\\\/AdobeStock_583424428-scaled.jpeg\",\"width\":1600,\"height\":1100,\"caption\":\"Business thinking, office laptop and black woman, creative agent or person working on advertising plan. Project, problem solving and serious girl brainstorming company idea for social media strategy\"},{\"@type\":\"BreadcrumbList\",\"@id\":\"https:\\\/\\\/dentaltestlab.com\\\/es\\\/jobs-careers-at-dental-test-lab\\\/#breadcrumb\",\"itemListElement\":[{\"@type\":\"ListItem\",\"position\":1,\"name\":\"Dental Test Lab\",\"item\":\"https:\\\/\\\/dentaltestlab.com\\\/es\\\/\"},{\"@type\":\"ListItem\",\"position\":2,\"name\":\"Empleo y carreras en Dental Test Lab\"}]},{\"@type\":\"WebSite\",\"@id\":\"https:\\\/\\\/dentaltestlab.com\\\/es\\\/#website\",\"url\":\"https:\\\/\\\/dentaltestlab.com\\\/es\\\/\",\"name\":\"Dental Test Lab\",\"description\":\"\",\"publisher\":{\"@id\":\"https:\\\/\\\/dentaltestlab.com\\\/es\\\/#organization\"},\"potentialAction\":[{\"@type\":\"SearchAction\",\"target\":{\"@type\":\"EntryPoint\",\"urlTemplate\":\"https:\\\/\\\/dentaltestlab.com\\\/es\\\/?s={search_term_string}\"},\"query-input\":{\"@type\":\"PropertyValueSpecification\",\"valueRequired\":true,\"valueName\":\"search_term_string\"}}],\"inLanguage\":\"es\"},{\"@type\":\"Organization\",\"@id\":\"https:\\\/\\\/dentaltestlab.com\\\/es\\\/#organization\",\"name\":\"Dental Test Lab\",\"url\":\"https:\\\/\\\/dentaltestlab.com\\\/es\\\/\",\"logo\":{\"@type\":\"ImageObject\",\"inLanguage\":\"es\",\"@id\":\"https:\\\/\\\/dentaltestlab.com\\\/es\\\/#\\\/schema\\\/logo\\\/image\\\/\",\"url\":\"https:\\\/\\\/dentaltestlab.com\\\/wp-content\\\/uploads\\\/2023\\\/10\\\/cropped-THE-DERMA-CHECK-FAVICON-NEW-1.png\",\"contentUrl\":\"https:\\\/\\\/dentaltestlab.com\\\/wp-content\\\/uploads\\\/2023\\\/10\\\/cropped-THE-DERMA-CHECK-FAVICON-NEW-1.png\",\"width\":512,\"height\":512,\"caption\":\"Dental Test Lab\"},\"image\":{\"@id\":\"https:\\\/\\\/dentaltestlab.com\\\/es\\\/#\\\/schema\\\/logo\\\/image\\\/\"}}]}<\/script>\n<!-- \/ Yoast SEO plugin. -->","yoast_head_json":{"title":"Empleo y carreras en Dental Test Lab | Dental Test Lab","robots":{"index":"index","follow":"follow","max-snippet":"max-snippet:-1","max-image-preview":"max-image-preview:large","max-video-preview":"max-video-preview:-1"},"canonical":"https:\/\/dentaltestlab.com\/es\/jobs-careers-at-dental-test-lab\/","og_locale":"es_ES","og_type":"article","og_title":"Empleo y carreras en Dental Test Lab | Dental Test Lab","og_description":"Empleo y carreras en Dental Test Lab Da forma con nosotros al futuro de la salud bucodental y la est\u00e9tica dental \u00a1Te damos la bienvenida a la p\u00e1gina de empleo y carreras de Dental Test Lab!Aunque actualmente no estemos anunciando ninguna vacante fija, siempre estamos abiertos a candidaturas espont\u00e1neas de talento comprometido que quiera aportarnos ... Mehr erfahren","og_url":"https:\/\/dentaltestlab.com\/es\/jobs-careers-at-dental-test-lab\/","og_site_name":"Dental Test Lab","article_modified_time":"2026-02-13T11:21:37+00:00","og_image":[{"width":1600,"height":1100,"url":"https:\/\/dentaltestlab.com\/wp-content\/uploads\/2024\/01\/AdobeStock_583424428-scaled.jpeg","type":"image\/jpeg"}],"schema":{"@context":"https:\/\/schema.org","@graph":[{"@type":"WebPage","@id":"https:\/\/dentaltestlab.com\/es\/jobs-careers-at-dental-test-lab\/","url":"https:\/\/dentaltestlab.com\/es\/jobs-careers-at-dental-test-lab\/","name":"Empleo y carreras en Dental Test Lab | Dental Test Lab","isPartOf":{"@id":"https:\/\/dentaltestlab.com\/es\/#website"},"primaryImageOfPage":{"@id":"https:\/\/dentaltestlab.com\/es\/jobs-careers-at-dental-test-lab\/#primaryimage"},"image":{"@id":"https:\/\/dentaltestlab.com\/es\/jobs-careers-at-dental-test-lab\/#primaryimage"},"thumbnailUrl":"https:\/\/dentaltestlab.com\/wp-content\/uploads\/2024\/01\/AdobeStock_583424428-scaled.jpeg","datePublished":"2024-01-06T12:14:11+00:00","dateModified":"2026-02-13T11:21:37+00:00","breadcrumb":{"@id":"https:\/\/dentaltestlab.com\/es\/jobs-careers-at-dental-test-lab\/#breadcrumb"},"inLanguage":"es","potentialAction":[{"@type":"ReadAction","target":["https:\/\/dentaltestlab.com\/es\/jobs-careers-at-dental-test-lab\/"]}]},{"@type":"ImageObject","inLanguage":"es","@id":"https:\/\/dentaltestlab.com\/es\/jobs-careers-at-dental-test-lab\/#primaryimage","url":"https:\/\/dentaltestlab.com\/wp-content\/uploads\/2024\/01\/AdobeStock_583424428-scaled.jpeg","contentUrl":"https:\/\/dentaltestlab.com\/wp-content\/uploads\/2024\/01\/AdobeStock_583424428-scaled.jpeg","width":1600,"height":1100,"caption":"Business thinking, office laptop and black woman, creative agent or person working on advertising plan. Project, problem solving and serious girl brainstorming company idea for social media strategy"},{"@type":"BreadcrumbList","@id":"https:\/\/dentaltestlab.com\/es\/jobs-careers-at-dental-test-lab\/#breadcrumb","itemListElement":[{"@type":"ListItem","position":1,"name":"Dental Test Lab","item":"https:\/\/dentaltestlab.com\/es\/"},{"@type":"ListItem","position":2,"name":"Empleo y carreras en Dental Test Lab"}]},{"@type":"WebSite","@id":"https:\/\/dentaltestlab.com\/es\/#website","url":"https:\/\/dentaltestlab.com\/es\/","name":"Dental Test Lab","description":"","publisher":{"@id":"https:\/\/dentaltestlab.com\/es\/#organization"},"potentialAction":[{"@type":"SearchAction","target":{"@type":"EntryPoint","urlTemplate":"https:\/\/dentaltestlab.com\/es\/?s={search_term_string}"},"query-input":{"@type":"PropertyValueSpecification","valueRequired":true,"valueName":"search_term_string"}}],"inLanguage":"es"},{"@type":"Organization","@id":"https:\/\/dentaltestlab.com\/es\/#organization","name":"Dental Test Lab","url":"https:\/\/dentaltestlab.com\/es\/","logo":{"@type":"ImageObject","inLanguage":"es","@id":"https:\/\/dentaltestlab.com\/es\/#\/schema\/logo\/image\/","url":"https:\/\/dentaltestlab.com\/wp-content\/uploads\/2023\/10\/cropped-THE-DERMA-CHECK-FAVICON-NEW-1.png","contentUrl":"https:\/\/dentaltestlab.com\/wp-content\/uploads\/2023\/10\/cropped-THE-DERMA-CHECK-FAVICON-NEW-1.png","width":512,"height":512,"caption":"Dental Test Lab"},"image":{"@id":"https:\/\/dentaltestlab.com\/es\/#\/schema\/logo\/image\/"}}]}},"_links":{"self":[{"href":"https:\/\/dentaltestlab.com\/es\/wp-json\/wp\/v2\/pages\/14176","targetHints":{"allow":["GET"]}}],"collection":[{"href":"https:\/\/dentaltestlab.com\/es\/wp-json\/wp\/v2\/pages"}],"about":[{"href":"https:\/\/dentaltestlab.com\/es\/wp-json\/wp\/v2\/types\/page"}],"author":[{"embeddable":true,"href":"https:\/\/dentaltestlab.com\/es\/wp-json\/wp\/v2\/users\/1"}],"replies":[{"embeddable":true,"href":"https:\/\/dentaltestlab.com\/es\/wp-json\/wp\/v2\/comments?post=14176"}],"version-history":[{"count":2,"href":"https:\/\/dentaltestlab.com\/es\/wp-json\/wp\/v2\/pages\/14176\/revisions"}],"predecessor-version":[{"id":14251,"href":"https:\/\/dentaltestlab.com\/es\/wp-json\/wp\/v2\/pages\/14176\/revisions\/14251"}],"wp:featuredmedia":[{"embeddable":true,"href":"https:\/\/dentaltestlab.com\/es\/wp-json\/wp\/v2\/media\/14177"}],"wp:attachment":[{"href":"https:\/\/dentaltestlab.com\/es\/wp-json\/wp\/v2\/media?parent=14176"}],"wp:term":[{"taxonomy":"category","embeddable":true,"href":"https:\/\/dentaltestlab.com\/es\/wp-json\/wp\/v2\/categories?post=14176"},{"taxonomy":"post_tag","embeddable":true,"href":"https:\/\/dentaltestlab.com\/es\/wp-json\/wp\/v2\/tags?post=14176"}],"curies":[{"name":"wp","href":"https:\/\/api.w.org\/{rel}","templated":true}]}}