{"id":14179,"date":"2023-12-14T21:29:25","date_gmt":"2023-12-14T21:29:25","guid":{"rendered":"https:\/\/dentaltestlab.com\/about-us\/"},"modified":"2026-02-13T11:20:41","modified_gmt":"2026-02-13T11:20:41","slug":"quienes-somos","status":"publish","type":"page","link":"https:\/\/dentaltestlab.com\/es\/quienes-somos\/","title":{"rendered":"Qui\u00e9nes somos"},"content":{"rendered":"<div class=\"gb-container gb-container-4742cc5d alignfull\"> <div class=\"gb-container gb-container-96eaf3e2\"> <h1 class=\"gb-headline gb-headline-829851c6 gb-headline-text\">Qui\u00e9nes somos<\/h1>  <p class=\"gb-headline gb-headline-443652d4 gb-headline-text\">Cuando la precisi\u00f3n cient\u00edfica se combina con un amplio conocimiento pr\u00e1ctico, en el <strong>Dental Test Lab<\/strong> est\u00e1 en el lugar adecuado. Nuestro objetivo: pruebas de productos informativas y basadas en hechos que le sirvan como una br\u00fajula de confianza en el \u00e1mbito del cuidado dental y la est\u00e9tica dental.<\/p>  <\/div> <\/div><div class=\"gb-container gb-container-6c7c8f9f\"> <figure class=\"gb-block-image gb-block-image-9b290b03\"><img decoding=\"async\" width=\"1536\" height=\"1024\" src=\"https:\/\/dentaltestlab.com\/wp-content\/uploads\/2025\/04\/Redaktionelle-Richtlinien.png\" class=\"gb-image-9b290b03\" alt=\"Editorial Guidelines\" srcset=\"https:\/\/dentaltestlab.com\/wp-content\/uploads\/2025\/04\/Redaktionelle-Richtlinien.png 1536w, https:\/\/dentaltestlab.com\/wp-content\/uploads\/2025\/04\/Redaktionelle-Richtlinien-300x200.png 300w, https:\/\/dentaltestlab.com\/wp-content\/uploads\/2025\/04\/Redaktionelle-Richtlinien-1024x683.png 1024w, https:\/\/dentaltestlab.com\/wp-content\/uploads\/2025\/04\/Redaktionelle-Richtlinien-768x512.png 768w\" sizes=\"(max-width: 1536px) 100vw, 1536px\" \/><\/figure> <\/div> <h2 class=\"wp-block-heading\" id=\"h-unsere-mission\">Nuestra misi\u00f3n<\/h2>  <p><strong>Con pasi\u00f3n por la informaci\u00f3n clara y la aut\u00e9ntica experiencia.<\/strong><br\/>Queremos ser la referencia m\u00e1s fiable en todo lo relacionado con blanqueadores dentales, kits de blanqueamiento y productos de cuidado dental. Para ello, combinamos contenidos f\u00e1ciles de entender con evaluaciones detalladas y respaldadas por la evidencia cient\u00edfica. Nuestro compromiso es ofrecerle una plataforma en la que pueda sentirse seguro y bien asesorado ante cualquier duda sobre el blanqueamiento dental.<\/p>  <h2 class=\"wp-block-heading\" id=\"h-unsere-geschichte\">Nuestra historia<\/h2>  <p>De la pr\u00e1ctica para la pr\u00e1ctica: <strong data-start=\"1093\" data-end=\"1112\">Dental Test Lab<\/strong> naci\u00f3 del deseo de aportar transparencia y orientaci\u00f3n a un mercado dif\u00edcil de navegar. Desde nuestra fundaci\u00f3n en 2024, probamos y analizamos productos seg\u00fan criterios estrictos y verificables: de forma independiente, transparente y siempre al d\u00eda. Con cada prueba crece nuestro archivo de conocimientos y experiencias, y con ello, su beneficio como lector\/a.<\/p>  <h2 class=\"wp-block-heading\" id=\"h-wer-wir-sind\">Qui\u00e9nes somos<\/h2>  <p>Nuestro equipo re\u00fane conocimientos especializados en odontolog\u00eda, ciencia, an\u00e1lisis de productos y edici\u00f3n. Somos tan diversos como nuestra comunidad y apostamos por una evaluaci\u00f3n justa, objetiva y cr\u00edtica de cada producto que pasa por nuestro laboratorio de pruebas. La diversidad, la objetividad y el respeto en el trato con nuestra audiencia son, para nosotros, algo natural.<\/p>  <h2 class=\"wp-block-heading\" id=\"h-unsere-verantwortung\">Nuestra responsabilidad<\/h2>  <p><strong>Para nosotros, la objetividad y la transparencia no son frases hechas, sino principios.<\/strong><br\/>Nos financiamos en parte a trav\u00e9s de enlaces de afiliaci\u00f3n, pero no permitimos que eso influya ni en la evaluaci\u00f3n ni en la selecci\u00f3n de los productos. Cada recomendaci\u00f3n, cada ranking y cada informe de prueba se elabora con esp\u00edritu cr\u00edtico: su confianza es nuestra m\u00e1xima prioridad.<\/p>  <p>Si recibimos una comisi\u00f3n, lo indicamos abiertamente y sin que ello afecte a nuestra valoraci\u00f3n ni a su experiencia de usuario.<\/p>  <p><strong><a href=\"https:\/\/dentaltestlab.com\/es\/nuestras-normas-de-ensayo-y-evaluacion\/\">Descubra aqu\u00ed m\u00e1s sobre nuestros m\u00e9todos de prueba y c\u00f3mo se elaboran nuestras valoraciones.<\/a><\/strong><\/p>  <h2 class=\"wp-block-heading\" id=\"h-kontakt-amp-feedback\"><strong>Contacto &amp; comentarios<\/strong><\/h2>  <p>\u00a1El di\u00e1logo es importante para nosotros!<\/p>  <p>Sus comentarios son inspiraci\u00f3n y motor para seguir mejorando. \u00bfTiene sugerencias o propuestas de mejora?<\/p>  <p>Escr\u00edbanos: <a>feedback@dentaltestlab.com<\/a>.<\/p>  <p><a href=\"https:\/\/dentaltestlab.com\/es\/get-in-touch-with-us\/\">Aqu\u00ed encontrar\u00e1 otras formas de ponerse en contacto con nosotros.<\/a><\/p>  <p><strong>Dental Test Lab \u2013 juntos por m\u00e1s transparencia y seguridad en blanqueamiento dental &amp; cuidado dental.<\/strong><\/p> ","protected":false},"excerpt":{"rendered":"<p>Qui\u00e9nes somos Cuando la precisi\u00f3n cient\u00edfica se combina con un amplio conocimiento pr\u00e1ctico, en el Dental Test Lab est\u00e1 en el lugar adecuado. Nuestro objetivo: pruebas de productos informativas y basadas en hechos que le sirvan como una br\u00fajula de confianza en el \u00e1mbito del cuidado dental y la est\u00e9tica dental. Nuestra misi\u00f3n Con pasi\u00f3n &#8230; <a title=\"Qui\u00e9nes somos\" class=\"read-more\" href=\"https:\/\/dentaltestlab.com\/es\/quienes-somos\/\" aria-label=\"Leer m\u00e1s sobre Qui\u00e9nes somos\">Mehr erfahren<\/a><\/p>\n","protected":false},"author":1,"featured_media":14181,"parent":0,"menu_order":0,"comment_status":"closed","ping_status":"closed","template":"","meta":{"_lmt_disableupdate":"","_lmt_disable":"","footnotes":""},"categories":[],"tags":[],"class_list":["post-14179","page","type-page","status-publish","has-post-thumbnail"],"yoast_head":"<!-- This site is optimized with the Yoast SEO plugin v27.4 - https:\/\/yoast.com\/product\/yoast-seo-wordpress\/ -->\n<title>Qui\u00e9nes somos | Dental Test Lab<\/title>\n<meta name=\"robots\" content=\"index, follow, max-snippet:-1, max-image-preview:large, max-video-preview:-1\" \/>\n<link rel=\"canonical\" href=\"https:\/\/dentaltestlab.com\/es\/quienes-somos\/\" \/>\n<meta property=\"og:locale\" content=\"es_ES\" \/>\n<meta property=\"og:type\" content=\"article\" \/>\n<meta property=\"og:title\" content=\"Qui\u00e9nes somos | Dental Test Lab\" \/>\n<meta property=\"og:description\" content=\"Qui\u00e9nes somos Cuando la precisi\u00f3n cient\u00edfica se combina con un amplio conocimiento pr\u00e1ctico, en el Dental Test Lab est\u00e1 en el lugar adecuado. Nuestro objetivo: pruebas de productos informativas y basadas en hechos que le sirvan como una br\u00fajula de confianza en el \u00e1mbito del cuidado dental y la est\u00e9tica dental. Nuestra misi\u00f3n Con pasi\u00f3n ... Mehr erfahren\" \/>\n<meta property=\"og:url\" content=\"https:\/\/dentaltestlab.com\/es\/quienes-somos\/\" \/>\n<meta property=\"og:site_name\" content=\"Dental Test Lab\" \/>\n<meta property=\"article:modified_time\" content=\"2026-02-13T11:20:41+00:00\" \/>\n<meta property=\"og:image\" content=\"https:\/\/dentaltestlab.com\/wp-content\/uploads\/2025\/04\/Redaktionelle-Richtlinien-1024x683.png\" \/>\n\t<meta property=\"og:image:width\" content=\"1024\" \/>\n\t<meta property=\"og:image:height\" content=\"683\" \/>\n\t<meta property=\"og:image:type\" content=\"image\/png\" \/>\n<script type=\"application\/ld+json\" class=\"yoast-schema-graph\">{\"@context\":\"https:\\\/\\\/schema.org\",\"@graph\":[{\"@type\":\"WebPage\",\"@id\":\"https:\\\/\\\/dentaltestlab.com\\\/es\\\/quienes-somos\\\/\",\"url\":\"https:\\\/\\\/dentaltestlab.com\\\/es\\\/quienes-somos\\\/\",\"name\":\"Qui\u00e9nes somos | Dental Test Lab\",\"isPartOf\":{\"@id\":\"https:\\\/\\\/dentaltestlab.com\\\/es\\\/#website\"},\"primaryImageOfPage\":{\"@id\":\"https:\\\/\\\/dentaltestlab.com\\\/es\\\/quienes-somos\\\/#primaryimage\"},\"image\":{\"@id\":\"https:\\\/\\\/dentaltestlab.com\\\/es\\\/quienes-somos\\\/#primaryimage\"},\"thumbnailUrl\":\"https:\\\/\\\/dentaltestlab.com\\\/wp-content\\\/uploads\\\/2025\\\/04\\\/Redaktionelle-Richtlinien.png\",\"datePublished\":\"2023-12-14T21:29:25+00:00\",\"dateModified\":\"2026-02-13T11:20:41+00:00\",\"breadcrumb\":{\"@id\":\"https:\\\/\\\/dentaltestlab.com\\\/es\\\/quienes-somos\\\/#breadcrumb\"},\"inLanguage\":\"es\",\"potentialAction\":[{\"@type\":\"ReadAction\",\"target\":[\"https:\\\/\\\/dentaltestlab.com\\\/es\\\/quienes-somos\\\/\"]}]},{\"@type\":\"ImageObject\",\"inLanguage\":\"es\",\"@id\":\"https:\\\/\\\/dentaltestlab.com\\\/es\\\/quienes-somos\\\/#primaryimage\",\"url\":\"https:\\\/\\\/dentaltestlab.com\\\/wp-content\\\/uploads\\\/2025\\\/04\\\/Redaktionelle-Richtlinien.png\",\"contentUrl\":\"https:\\\/\\\/dentaltestlab.com\\\/wp-content\\\/uploads\\\/2025\\\/04\\\/Redaktionelle-Richtlinien.png\",\"width\":1536,\"height\":1024,\"caption\":\"Editorial Guidelines\"},{\"@type\":\"BreadcrumbList\",\"@id\":\"https:\\\/\\\/dentaltestlab.com\\\/es\\\/quienes-somos\\\/#breadcrumb\",\"itemListElement\":[{\"@type\":\"ListItem\",\"position\":1,\"name\":\"Dental Test Lab\",\"item\":\"https:\\\/\\\/dentaltestlab.com\\\/es\\\/\"},{\"@type\":\"ListItem\",\"position\":2,\"name\":\"Qui\u00e9nes somos\"}]},{\"@type\":\"WebSite\",\"@id\":\"https:\\\/\\\/dentaltestlab.com\\\/es\\\/#website\",\"url\":\"https:\\\/\\\/dentaltestlab.com\\\/es\\\/\",\"name\":\"Dental Test Lab\",\"description\":\"\",\"publisher\":{\"@id\":\"https:\\\/\\\/dentaltestlab.com\\\/es\\\/#organization\"},\"potentialAction\":[{\"@type\":\"SearchAction\",\"target\":{\"@type\":\"EntryPoint\",\"urlTemplate\":\"https:\\\/\\\/dentaltestlab.com\\\/es\\\/?s={search_term_string}\"},\"query-input\":{\"@type\":\"PropertyValueSpecification\",\"valueRequired\":true,\"valueName\":\"search_term_string\"}}],\"inLanguage\":\"es\"},{\"@type\":\"Organization\",\"@id\":\"https:\\\/\\\/dentaltestlab.com\\\/es\\\/#organization\",\"name\":\"Dental Test Lab\",\"url\":\"https:\\\/\\\/dentaltestlab.com\\\/es\\\/\",\"logo\":{\"@type\":\"ImageObject\",\"inLanguage\":\"es\",\"@id\":\"https:\\\/\\\/dentaltestlab.com\\\/es\\\/#\\\/schema\\\/logo\\\/image\\\/\",\"url\":\"https:\\\/\\\/dentaltestlab.com\\\/wp-content\\\/uploads\\\/2023\\\/10\\\/cropped-THE-DERMA-CHECK-FAVICON-NEW-1.png\",\"contentUrl\":\"https:\\\/\\\/dentaltestlab.com\\\/wp-content\\\/uploads\\\/2023\\\/10\\\/cropped-THE-DERMA-CHECK-FAVICON-NEW-1.png\",\"width\":512,\"height\":512,\"caption\":\"Dental Test Lab\"},\"image\":{\"@id\":\"https:\\\/\\\/dentaltestlab.com\\\/es\\\/#\\\/schema\\\/logo\\\/image\\\/\"}}]}<\/script>\n<!-- \/ Yoast SEO plugin. -->","yoast_head_json":{"title":"Qui\u00e9nes somos | Dental Test Lab","robots":{"index":"index","follow":"follow","max-snippet":"max-snippet:-1","max-image-preview":"max-image-preview:large","max-video-preview":"max-video-preview:-1"},"canonical":"https:\/\/dentaltestlab.com\/es\/quienes-somos\/","og_locale":"es_ES","og_type":"article","og_title":"Qui\u00e9nes somos | Dental Test Lab","og_description":"Qui\u00e9nes somos Cuando la precisi\u00f3n cient\u00edfica se combina con un amplio conocimiento pr\u00e1ctico, en el Dental Test Lab est\u00e1 en el lugar adecuado. Nuestro objetivo: pruebas de productos informativas y basadas en hechos que le sirvan como una br\u00fajula de confianza en el \u00e1mbito del cuidado dental y la est\u00e9tica dental. Nuestra misi\u00f3n Con pasi\u00f3n ... Mehr erfahren","og_url":"https:\/\/dentaltestlab.com\/es\/quienes-somos\/","og_site_name":"Dental Test Lab","article_modified_time":"2026-02-13T11:20:41+00:00","og_image":[{"width":1024,"height":683,"url":"https:\/\/dentaltestlab.com\/wp-content\/uploads\/2025\/04\/Redaktionelle-Richtlinien-1024x683.png","type":"image\/png"}],"schema":{"@context":"https:\/\/schema.org","@graph":[{"@type":"WebPage","@id":"https:\/\/dentaltestlab.com\/es\/quienes-somos\/","url":"https:\/\/dentaltestlab.com\/es\/quienes-somos\/","name":"Qui\u00e9nes somos | Dental Test Lab","isPartOf":{"@id":"https:\/\/dentaltestlab.com\/es\/#website"},"primaryImageOfPage":{"@id":"https:\/\/dentaltestlab.com\/es\/quienes-somos\/#primaryimage"},"image":{"@id":"https:\/\/dentaltestlab.com\/es\/quienes-somos\/#primaryimage"},"thumbnailUrl":"https:\/\/dentaltestlab.com\/wp-content\/uploads\/2025\/04\/Redaktionelle-Richtlinien.png","datePublished":"2023-12-14T21:29:25+00:00","dateModified":"2026-02-13T11:20:41+00:00","breadcrumb":{"@id":"https:\/\/dentaltestlab.com\/es\/quienes-somos\/#breadcrumb"},"inLanguage":"es","potentialAction":[{"@type":"ReadAction","target":["https:\/\/dentaltestlab.com\/es\/quienes-somos\/"]}]},{"@type":"ImageObject","inLanguage":"es","@id":"https:\/\/dentaltestlab.com\/es\/quienes-somos\/#primaryimage","url":"https:\/\/dentaltestlab.com\/wp-content\/uploads\/2025\/04\/Redaktionelle-Richtlinien.png","contentUrl":"https:\/\/dentaltestlab.com\/wp-content\/uploads\/2025\/04\/Redaktionelle-Richtlinien.png","width":1536,"height":1024,"caption":"Editorial Guidelines"},{"@type":"BreadcrumbList","@id":"https:\/\/dentaltestlab.com\/es\/quienes-somos\/#breadcrumb","itemListElement":[{"@type":"ListItem","position":1,"name":"Dental Test Lab","item":"https:\/\/dentaltestlab.com\/es\/"},{"@type":"ListItem","position":2,"name":"Qui\u00e9nes somos"}]},{"@type":"WebSite","@id":"https:\/\/dentaltestlab.com\/es\/#website","url":"https:\/\/dentaltestlab.com\/es\/","name":"Dental Test Lab","description":"","publisher":{"@id":"https:\/\/dentaltestlab.com\/es\/#organization"},"potentialAction":[{"@type":"SearchAction","target":{"@type":"EntryPoint","urlTemplate":"https:\/\/dentaltestlab.com\/es\/?s={search_term_string}"},"query-input":{"@type":"PropertyValueSpecification","valueRequired":true,"valueName":"search_term_string"}}],"inLanguage":"es"},{"@type":"Organization","@id":"https:\/\/dentaltestlab.com\/es\/#organization","name":"Dental Test Lab","url":"https:\/\/dentaltestlab.com\/es\/","logo":{"@type":"ImageObject","inLanguage":"es","@id":"https:\/\/dentaltestlab.com\/es\/#\/schema\/logo\/image\/","url":"https:\/\/dentaltestlab.com\/wp-content\/uploads\/2023\/10\/cropped-THE-DERMA-CHECK-FAVICON-NEW-1.png","contentUrl":"https:\/\/dentaltestlab.com\/wp-content\/uploads\/2023\/10\/cropped-THE-DERMA-CHECK-FAVICON-NEW-1.png","width":512,"height":512,"caption":"Dental Test Lab"},"image":{"@id":"https:\/\/dentaltestlab.com\/es\/#\/schema\/logo\/image\/"}}]}},"_links":{"self":[{"href":"https:\/\/dentaltestlab.com\/es\/wp-json\/wp\/v2\/pages\/14179","targetHints":{"allow":["GET"]}}],"collection":[{"href":"https:\/\/dentaltestlab.com\/es\/wp-json\/wp\/v2\/pages"}],"about":[{"href":"https:\/\/dentaltestlab.com\/es\/wp-json\/wp\/v2\/types\/page"}],"author":[{"embeddable":true,"href":"https:\/\/dentaltestlab.com\/es\/wp-json\/wp\/v2\/users\/1"}],"replies":[{"embeddable":true,"href":"https:\/\/dentaltestlab.com\/es\/wp-json\/wp\/v2\/comments?post=14179"}],"version-history":[{"count":4,"href":"https:\/\/dentaltestlab.com\/es\/wp-json\/wp\/v2\/pages\/14179\/revisions"}],"predecessor-version":[{"id":14250,"href":"https:\/\/dentaltestlab.com\/es\/wp-json\/wp\/v2\/pages\/14179\/revisions\/14250"}],"wp:featuredmedia":[{"embeddable":true,"href":"https:\/\/dentaltestlab.com\/es\/wp-json\/wp\/v2\/media\/14181"}],"wp:attachment":[{"href":"https:\/\/dentaltestlab.com\/es\/wp-json\/wp\/v2\/media?parent=14179"}],"wp:term":[{"taxonomy":"category","embeddable":true,"href":"https:\/\/dentaltestlab.com\/es\/wp-json\/wp\/v2\/categories?post=14179"},{"taxonomy":"post_tag","embeddable":true,"href":"https:\/\/dentaltestlab.com\/es\/wp-json\/wp\/v2\/tags?post=14179"}],"curies":[{"name":"wp","href":"https:\/\/api.w.org\/{rel}","templated":true}]}}