{"id":14184,"date":"2024-01-04T11:29:36","date_gmt":"2024-01-04T11:29:36","guid":{"rendered":"https:\/\/dentaltestlab.com\/our-test-and-evaluation-standards\/"},"modified":"2026-02-13T11:14:42","modified_gmt":"2026-02-13T11:14:42","slug":"nuestras-normas-de-ensayo-y-evaluacion","status":"publish","type":"page","link":"https:\/\/dentaltestlab.com\/es\/nuestras-normas-de-ensayo-y-evaluacion\/","title":{"rendered":"Nuestras normas de ensayo y evaluaci\u00f3n"},"content":{"rendered":"<div class=\"gb-container gb-container-4742cc5d alignfull\"> <div class=\"gb-container gb-container-96eaf3e2\"> <h1 class=\"gb-headline gb-headline-829851c6 gb-headline-text\">Nuestras normas de ensayo y evaluaci\u00f3n<\/h1>  <p class=\"gb-headline gb-headline-443652d4 gb-headline-text\">En <strong>Dental Test Lab<\/strong> lo tenemos claro: la selecci\u00f3n de productos para el cuidado dental es enorme, pero tambi\u00e9n lo son las diferencias de calidad. Por eso queremos ofrecer a nuestros lectores una base clara, honesta y comprensible para tomar decisiones.<\/p>  <\/div> <\/div><div class=\"gb-container gb-container-6c7c8f9f\"> <figure class=\"gb-block-image gb-block-image-9b290b03\"><img decoding=\"async\" width=\"1536\" height=\"1024\" src=\"https:\/\/dentaltestlab.com\/wp-content\/uploads\/2025\/04\/Test-und-Bewertungsstandards.png\" class=\"gb-image-9b290b03\" alt=\"Test and Evaluation Standards\" srcset=\"https:\/\/dentaltestlab.com\/wp-content\/uploads\/2025\/04\/Test-und-Bewertungsstandards.png 1536w, https:\/\/dentaltestlab.com\/wp-content\/uploads\/2025\/04\/Test-und-Bewertungsstandards-300x200.png 300w, https:\/\/dentaltestlab.com\/wp-content\/uploads\/2025\/04\/Test-und-Bewertungsstandards-1024x683.png 1024w, https:\/\/dentaltestlab.com\/wp-content\/uploads\/2025\/04\/Test-und-Bewertungsstandards-768x512.png 768w\" sizes=\"(max-width: 1536px) 100vw, 1536px\" \/><\/figure> <\/div> <p>Ya se trate de blanqueadores dentales, pasta de dientes, enjuague bucal o accesorios, probamos los productos mediante un proceso de prueba estructurado y en varias etapas que combina rigor cient\u00edfico, utilidad en la pr\u00e1ctica y las necesidades de las personas consumidoras.<\/p>  <hr class=\"wp-block-separator has-alpha-channel-opacity\"\/>  <h2 class=\"wp-block-heading\" id=\"h-i-produktauswahl-vielfalt-trifft-relevanz\">I. Selecci\u00f3n de productos: variedad y relevancia<\/h2>  <h3 class=\"wp-block-heading\" id=\"h-1-marktanalyse-und-relevanzprufung\">1. An\u00e1lisis de mercado y verificaci\u00f3n de relevancia<\/h3>  <p>Antes de poner un producto a prueba, realizamos una preselecci\u00f3n exhaustiva. Analizamos:<\/p>  <ul class=\"wp-block-list\"> <li>tendencias actuales del mercado<\/li>   <li>consultas de b\u00fasqueda frecuentes<\/li>   <li>innovaciones de producto<\/li>   <li>relevancia cient\u00edfica de determinados ingredientes o tecnolog\u00edas<\/li> <\/ul>  <h3 class=\"wp-block-heading\" id=\"h-2-reprasentative-produktauswahl\">2. Selecci\u00f3n representativa de productos<\/h3>  <p>Nos aseguramos de incluir una amplia gama de productos:<\/p>  <ul class=\"wp-block-list\"> <li>marcas conocidas y recomendaciones de nicho<\/li>   <li>variantes asequibles y de precio elevado<\/li>   <li>f\u00f3rmulas cl\u00e1sicas y conceptos innovadores<\/li> <\/ul>  <p><strong>Ejemplo:<\/strong> En una de nuestras pruebas de blanqueadores dentales, contemplamos tanto tiras blanqueadoras como polvos, geles y dispositivos LED.<\/p>  <h3 class=\"wp-block-heading\" id=\"h-3-produktbeschaffung\">3. Adquisici\u00f3n de productos<\/h3>  <p>Por lo general, nuestro equipo compra los productos por su cuenta, igual que cualquier persona consumidora. En algunos casos colaboramos con fabricantes, asegur\u00e1ndonos siempre de que los criterios de prueba, el procedimiento y la evaluaci\u00f3n se dise\u00f1en de forma <strong>independiente y objetiva<\/strong>.<\/p>  <hr class=\"wp-block-separator has-alpha-channel-opacity\"\/>  <h2 class=\"wp-block-heading\" id=\"h-ii-inhaltsstoffe-amp-sicherheit\">II. Ingredientes &amp; seguridad<\/h2>  <figure class=\"gb-block-image gb-block-image-bdaaf9a3\"><img decoding=\"async\" width=\"2048\" height=\"1363\" class=\"gb-image gb-image-bdaaf9a3\" src=\"https:\/\/dentaltestlab.com\/wp-content\/uploads\/2025\/04\/Analyzing-Ingredients-scaled.jpg\" alt=\"An\u00e1lisis de ingredientes\" title=\"An\u00e1lisis de ingredientes\" srcset=\"https:\/\/dentaltestlab.com\/wp-content\/uploads\/2025\/04\/Analyzing-Ingredients-scaled.jpg 2048w, https:\/\/dentaltestlab.com\/wp-content\/uploads\/2025\/04\/Analyzing-Ingredients-300x200.jpg 300w, https:\/\/dentaltestlab.com\/wp-content\/uploads\/2025\/04\/Analyzing-Ingredients-1024x681.jpg 1024w, https:\/\/dentaltestlab.com\/wp-content\/uploads\/2025\/04\/Analyzing-Ingredients-768x511.jpg 768w, https:\/\/dentaltestlab.com\/wp-content\/uploads\/2025\/04\/Analyzing-Ingredients-1536x1022.jpg 1536w\" sizes=\"(max-width: 2048px) 100vw, 2048px\" \/><\/figure>  <h3 class=\"wp-block-heading\" id=\"h-1-analyse-der-inhaltsstoffe\">1. An\u00e1lisis de los ingredientes<\/h3>  <p>Evaluamos la composici\u00f3n a la luz de los conocimientos odontol\u00f3gicos actuales. Para ello, tenemos en cuenta:<\/p>  <ul class=\"wp-block-list\"> <li>mecanismos de acci\u00f3n (p. ej., el per\u00f3xido de hidr\u00f3geno en los blanqueadores)<\/li>   <li>ingredientes que deben declararse<\/li>   <li>sustancias potencialmente perjudiciales (p. ej., micropl\u00e1sticos, PEG)<\/li> <\/ul>  <h3 class=\"wp-block-heading\" id=\"h-2-prufstandards-amp-grenzwerte\">2. Est\u00e1ndares de prueba &amp; valores l\u00edmite<\/h3>  <p>Cuando hay referencias disponibles, comparamos los productos con:<\/p>  <ul class=\"wp-block-list\"> <li>valores l\u00edmite legales<\/li>   <li>recomendaciones de asociaciones profesionales<\/li>   <li>normas internacionales<\/li> <\/ul>  <h3 class=\"wp-block-heading\" id=\"h-3-vertraglichkeit-amp-allergene\">3. Compatibilidad &amp; al\u00e9rgenos<\/h3>  <p>Buscamos posibles irritantes o ingredientes alerg\u00e9nicos y aportamos la informaci\u00f3n pertinente.<\/p>  <hr class=\"wp-block-separator has-alpha-channel-opacity\"\/>  <h2 class=\"wp-block-heading\" id=\"h-iii-anwendung-amp-erfahrungen-von-verbraucher-innen\">III. Aplicaci\u00f3n &amp; experiencias de consumidores<\/h2>  <figure class=\"gb-block-image gb-block-image-04981c11\"><img decoding=\"async\" width=\"2048\" height=\"1363\" class=\"gb-image gb-image-04981c11\" src=\"https:\/\/dentaltestlab.com\/wp-content\/uploads\/2025\/04\/Anwendung-und-Komfort-scaled.jpg\" alt=\"Aplicaci\u00f3n y comodidad\" title=\"Aplicaci\u00f3n y comodidad\" srcset=\"https:\/\/dentaltestlab.com\/wp-content\/uploads\/2025\/04\/Anwendung-und-Komfort-scaled.jpg 2048w, https:\/\/dentaltestlab.com\/wp-content\/uploads\/2025\/04\/Anwendung-und-Komfort-300x200.jpg 300w, https:\/\/dentaltestlab.com\/wp-content\/uploads\/2025\/04\/Anwendung-und-Komfort-1024x681.jpg 1024w, https:\/\/dentaltestlab.com\/wp-content\/uploads\/2025\/04\/Anwendung-und-Komfort-768x511.jpg 768w, https:\/\/dentaltestlab.com\/wp-content\/uploads\/2025\/04\/Anwendung-und-Komfort-1536x1022.jpg 1536w\" sizes=\"(max-width: 2048px) 100vw, 2048px\" \/><\/figure>  <h3 class=\"wp-block-heading\" id=\"h-1-praxisnahe-anwendungstests\">1. Pruebas pr\u00e1cticas de aplicaci\u00f3n<\/h3>  <p>Nuestros evaluadores valoran:<\/p>  <ul class=\"wp-block-list\"> <li>Facilidad de uso<\/li>   <li>Sabor y textura<\/li>   <li>Dosificaci\u00f3n y manejo<\/li>   <li>Envase e higiene<\/li>   <li>Mecanismo y efecto<\/li> <\/ul>  <h3 class=\"wp-block-heading\" id=\"h-2-beobachtungsdauer-amp-langzeittest\">2. Periodo de observaci\u00f3n &amp; prueba a largo plazo<\/h3>  <p>Especialmente en productos con un efecto acumulativo (p. ej., blanqueadores dentales), realizamos observaciones a largo plazo durante varias semanas.<\/p>  <h3 class=\"wp-block-heading\" id=\"h-3-produktsicherheit\">3. Seguridad del producto<\/h3>  <p>Comprobamos si el envase es a prueba de ni\u00f1os, higi\u00e9nico y con cierre seguro. Las instrucciones tambi\u00e9n se incluyen en la evaluaci\u00f3n.<\/p>  <hr class=\"wp-block-separator has-alpha-channel-opacity\"\/>  <h2 class=\"wp-block-heading\" id=\"h-iv-transparenz-amp-kommunikation-der-hersteller\">IV. Transparencia &amp; comunicaci\u00f3n del fabricante<\/h2>  <h3 class=\"wp-block-heading\" id=\"h-1-informationsqualitat\">1. Calidad de la informaci\u00f3n<\/h3>  <p>Evaluamos si los fabricantes informan de forma clara y comprensible sobre:<\/p>  <ul class=\"wp-block-list\"> <li>Ingredientes<\/li>   <li>Indicaciones de uso<\/li>   <li>Riesgos y efectos secundarios<\/li> <\/ul>  <p>M\u00e1s informaci\u00f3n.<\/p>  <h3 class=\"wp-block-heading\" id=\"h-2-erreichbarkeit-amp-kundenservice\">2. Accesibilidad &amp; atenci\u00f3n al cliente<\/h3>  <p>Si es necesario, ponemos a prueba el soporte del fabricante; por ejemplo, ante consultas o problemas con el producto.<\/p>  <h3 class=\"wp-block-heading\" id=\"h-3-nachhaltigkeit-amp-verantwortung\">3. Sostenibilidad &amp; responsabilidad<\/h3>  <p>Cuando es posible, tambi\u00e9n incorporamos aspectos \u00e9ticos:<\/p>  <ul class=\"wp-block-list\"> <li>envases respetuosos con el medio ambiente<\/li>   <li>m\u00e9todos de producci\u00f3n sostenibles<\/li>   <li>responsabilidad social corporativa<\/li> <\/ul>  <hr class=\"wp-block-separator has-alpha-channel-opacity\"\/>  <h2 class=\"wp-block-heading\" id=\"h-v-nutzer-innenstimmen-amp-fachexpertise\">V. Voces de usuarios &amp; conocimiento experto<\/h2>  <h3 class=\"wp-block-heading\" id=\"h-1-analyse-echter-erfahrungen\">1. An\u00e1lisis de experiencias reales<\/h3>  <p>Analizamos rese\u00f1as en plataformas de venta, foros y redes sociales, y buscamos:<\/p>  <ul class=\"wp-block-list\"> <li>Frecuencia de cr\u00edticas concretas<\/li>   <li>Elogios y preocupaciones<\/li>   <li>Patrones llamativos en el uso<\/li> <\/ul>  <h3 class=\"wp-block-heading\" id=\"h-2-wissenschaftlicher-abgleich\">2. Contraste cient\u00edfico<\/h3>  <p>Complementamos nuestra evaluaci\u00f3n con:<\/p>  <ul class=\"wp-block-list\"> <li>estudios cient\u00edficos<\/li>   <li>revisiones cl\u00ednicas<\/li>   <li>recomendaciones de asociaciones profesionales odontol\u00f3gicas<\/li> <\/ul>  <h3 class=\"wp-block-heading\" id=\"h-3-dialog-mit-expert-innen\">3. Di\u00e1logo con expertos<\/h3>  <p>Dentistas, higienistas dentales y expertos en productos nos apoyan de forma puntual con comentarios o evaluaciones especializadas.<\/p>  <hr class=\"wp-block-separator has-alpha-channel-opacity\"\/>  <h2 class=\"wp-block-heading\" id=\"h-vi-nebenwirkungen-amp-warnhinweise\">VI. Efectos secundarios &amp; advertencias<\/h2>  <h3 class=\"wp-block-heading\" id=\"h-1-dokumentation-von-beschwerden\">1. Registro de molestias<\/h3>  <p>Especialmente en productos con ingredientes activos (p. ej., agentes blanqueadores), registramos de forma sistem\u00e1tica posibles efectos secundarios y los documentamos de manera an\u00f3nima.<\/p>  <h3 class=\"wp-block-heading\" id=\"h-2-herstellerhinweise-auf-risiken\">2. Advertencias del fabricante sobre riesgos<\/h3>  <p>Evaluamos si las advertencias se comunican de forma correcta, visible y comprensible.<\/p>  <h3 class=\"wp-block-heading\" id=\"h-3-ruckmeldungen-aus-der-community\">3. Comentarios de la comunidad<\/h3>  <p>Nos tomamos muy en serio los comentarios de nuestros lectores e investigamos las reacciones o intolerancias reportadas.<\/p>  <hr class=\"wp-block-separator has-alpha-channel-opacity\"\/>  <h2 class=\"wp-block-heading\" id=\"h-vii-preis-leistungs-verhaltnis-amp-gesamtbewertung\">VII. Relaci\u00f3n calidad-precio &amp; valoraci\u00f3n global<\/h2>  <figure class=\"gb-block-image gb-block-image-114188b4\"><img decoding=\"async\" width=\"2048\" height=\"1363\" class=\"gb-image gb-image-114188b4\" src=\"https:\/\/dentaltestlab.com\/wp-content\/uploads\/2025\/04\/Produktevergleich-hier-Zahnaufheller-LEDs-scaled.jpg\" alt=\"Comparaci\u00f3n de productos: dispositivos LED para blanquear los dientes\" title=\"Comparaci\u00f3n de productos: dispositivos LED para blanquear los dientes\" srcset=\"https:\/\/dentaltestlab.com\/wp-content\/uploads\/2025\/04\/Produktevergleich-hier-Zahnaufheller-LEDs-scaled.jpg 2048w, https:\/\/dentaltestlab.com\/wp-content\/uploads\/2025\/04\/Produktevergleich-hier-Zahnaufheller-LEDs-300x200.jpg 300w, https:\/\/dentaltestlab.com\/wp-content\/uploads\/2025\/04\/Produktevergleich-hier-Zahnaufheller-LEDs-1024x681.jpg 1024w, https:\/\/dentaltestlab.com\/wp-content\/uploads\/2025\/04\/Produktevergleich-hier-Zahnaufheller-LEDs-768x511.jpg 768w, https:\/\/dentaltestlab.com\/wp-content\/uploads\/2025\/04\/Produktevergleich-hier-Zahnaufheller-LEDs-1536x1022.jpg 1536w\" sizes=\"(max-width: 2048px) 100vw, 2048px\" \/><\/figure>  <h3 class=\"wp-block-heading\" id=\"h-1-vergleich-der-kosten\">1. Comparaci\u00f3n de costes<\/h3>  <p>Analizamos el precio por aplicaci\u00f3n o por unidad de envase y lo relacionamos con el rendimiento y la calidad ofrecidos.<\/p>  <h3 class=\"wp-block-heading\">2. Posicionamiento en el mercado<\/h3>  <p>Nuestra valoraci\u00f3n siempre incluye una comparaci\u00f3n de mercado: \u00bfc\u00f3mo se sit\u00faa un producto frente a ofertas similares? \u00bfPresenta caracter\u00edsticas por encima o por debajo de la media?<\/p>  <h3 class=\"wp-block-heading\">3. Criterios de evaluaci\u00f3n espec\u00edficos por producto<\/h3>  <p>Los aspectos evaluados pueden variar seg\u00fan el tipo de producto. Por ejemplo, aplicamos criterios distintos para los blanqueadores dentales que para las pastas de dientes o los enjuagues bucales.<\/p>  <p><strong>Por ello, los puntos de evaluaci\u00f3n considerados se enumeran siempre de forma espec\u00edfica y transparente en el informe de prueba correspondiente.<\/strong><\/p>  <h3 class=\"wp-block-heading\">4. Conclusi\u00f3n para nuestros lectores<\/h3>  <p>Al final de cada prueba, elaboramos un resumen estructurado con:<\/p>  <ul class=\"wp-block-list\"> <li>una lista clara de pros y contras<\/li>   <li>una identificaci\u00f3n clara de los ganadores de la prueba<\/li>   <li>recomendaciones para grupos objetivo espec\u00edficos (p. ej., dientes sensibles, uso diario, etc.)<\/li> <\/ul>  <hr class=\"wp-block-separator has-alpha-channel-opacity\"\/>  <h2 class=\"wp-block-heading\" id=\"h-unser-ziel-klarheit-statt-werbeversprechen\">Nuestro objetivo: claridad en lugar de promesas publicitarias<\/h2>  <p>No queremos convencer, sino orientar. Nuestras pruebas se rigen por el principio:<\/p>  <p>&#8211; <strong>Basado en hechos<\/strong><br\/>&#8211; <strong>Estructurado<\/strong><br\/>&#8211; <strong>Transparente<\/strong><\/p>  <p>Si recomendamos un producto, es porque nos ha convencido en nuestras \u00e1reas de prueba, no porque haya sido publicitado.<\/p>  <hr class=\"wp-block-separator has-alpha-channel-opacity\"\/>  <p><strong>Dental Test Lab<\/strong> es sin\u00f3nimo de comparativas de productos transparentes y f\u00e1ciles de entender, con un enfoque especial en la calidad, la aplicaci\u00f3n y las necesidades de las personas consumidoras.<\/p>  <p><\/p> ","protected":false},"excerpt":{"rendered":"<p>Nuestras normas de ensayo y evaluaci\u00f3n En Dental Test Lab lo tenemos claro: la selecci\u00f3n de productos para el cuidado dental es enorme, pero tambi\u00e9n lo son las diferencias de calidad. Por eso queremos ofrecer a nuestros lectores una base clara, honesta y comprensible para tomar decisiones. Ya se trate de blanqueadores dentales, pasta de &#8230; <a title=\"Nuestras normas de ensayo y evaluaci\u00f3n\" class=\"read-more\" href=\"https:\/\/dentaltestlab.com\/es\/nuestras-normas-de-ensayo-y-evaluacion\/\" aria-label=\"Leer m\u00e1s sobre Nuestras normas de ensayo y evaluaci\u00f3n\">Mehr erfahren<\/a><\/p>\n","protected":false},"author":1,"featured_media":14186,"parent":0,"menu_order":0,"comment_status":"closed","ping_status":"closed","template":"","meta":{"_lmt_disableupdate":"","_lmt_disable":"","footnotes":""},"categories":[],"tags":[],"class_list":["post-14184","page","type-page","status-publish","has-post-thumbnail"],"yoast_head":"<!-- This site is optimized with the Yoast SEO plugin v27.4 - https:\/\/yoast.com\/product\/yoast-seo-wordpress\/ -->\n<title>Nuestras normas de ensayo y evaluaci\u00f3n | Dental Test Lab<\/title>\n<meta name=\"robots\" content=\"index, follow, max-snippet:-1, max-image-preview:large, max-video-preview:-1\" \/>\n<link rel=\"canonical\" href=\"https:\/\/dentaltestlab.com\/es\/nuestras-normas-de-ensayo-y-evaluacion\/\" \/>\n<meta property=\"og:locale\" content=\"es_ES\" \/>\n<meta property=\"og:type\" content=\"article\" \/>\n<meta property=\"og:title\" content=\"Nuestras normas de ensayo y evaluaci\u00f3n | Dental Test Lab\" \/>\n<meta property=\"og:description\" content=\"Nuestras normas de ensayo y evaluaci\u00f3n En Dental Test Lab lo tenemos claro: la selecci\u00f3n de productos para el cuidado dental es enorme, pero tambi\u00e9n lo son las diferencias de calidad. Por eso queremos ofrecer a nuestros lectores una base clara, honesta y comprensible para tomar decisiones. Ya se trate de blanqueadores dentales, pasta de ... Mehr erfahren\" \/>\n<meta property=\"og:url\" content=\"https:\/\/dentaltestlab.com\/es\/nuestras-normas-de-ensayo-y-evaluacion\/\" \/>\n<meta property=\"og:site_name\" content=\"Dental Test Lab\" \/>\n<meta property=\"article:modified_time\" content=\"2026-02-13T11:14:42+00:00\" \/>\n<meta property=\"og:image\" content=\"https:\/\/dentaltestlab.com\/wp-content\/uploads\/2025\/04\/Test-und-Bewertungsstandards-1024x683.png\" \/>\n\t<meta property=\"og:image:width\" content=\"1024\" \/>\n\t<meta property=\"og:image:height\" content=\"683\" \/>\n\t<meta property=\"og:image:type\" content=\"image\/png\" \/>\n<script type=\"application\/ld+json\" class=\"yoast-schema-graph\">{\"@context\":\"https:\\\/\\\/schema.org\",\"@graph\":[{\"@type\":\"WebPage\",\"@id\":\"https:\\\/\\\/dentaltestlab.com\\\/es\\\/nuestras-normas-de-ensayo-y-evaluacion\\\/\",\"url\":\"https:\\\/\\\/dentaltestlab.com\\\/es\\\/nuestras-normas-de-ensayo-y-evaluacion\\\/\",\"name\":\"Nuestras normas de ensayo y evaluaci\u00f3n | Dental Test Lab\",\"isPartOf\":{\"@id\":\"https:\\\/\\\/dentaltestlab.com\\\/es\\\/#website\"},\"primaryImageOfPage\":{\"@id\":\"https:\\\/\\\/dentaltestlab.com\\\/es\\\/nuestras-normas-de-ensayo-y-evaluacion\\\/#primaryimage\"},\"image\":{\"@id\":\"https:\\\/\\\/dentaltestlab.com\\\/es\\\/nuestras-normas-de-ensayo-y-evaluacion\\\/#primaryimage\"},\"thumbnailUrl\":\"https:\\\/\\\/dentaltestlab.com\\\/wp-content\\\/uploads\\\/2025\\\/04\\\/Test-und-Bewertungsstandards.png\",\"datePublished\":\"2024-01-04T11:29:36+00:00\",\"dateModified\":\"2026-02-13T11:14:42+00:00\",\"breadcrumb\":{\"@id\":\"https:\\\/\\\/dentaltestlab.com\\\/es\\\/nuestras-normas-de-ensayo-y-evaluacion\\\/#breadcrumb\"},\"inLanguage\":\"es\",\"potentialAction\":[{\"@type\":\"ReadAction\",\"target\":[\"https:\\\/\\\/dentaltestlab.com\\\/es\\\/nuestras-normas-de-ensayo-y-evaluacion\\\/\"]}]},{\"@type\":\"ImageObject\",\"inLanguage\":\"es\",\"@id\":\"https:\\\/\\\/dentaltestlab.com\\\/es\\\/nuestras-normas-de-ensayo-y-evaluacion\\\/#primaryimage\",\"url\":\"https:\\\/\\\/dentaltestlab.com\\\/wp-content\\\/uploads\\\/2025\\\/04\\\/Test-und-Bewertungsstandards.png\",\"contentUrl\":\"https:\\\/\\\/dentaltestlab.com\\\/wp-content\\\/uploads\\\/2025\\\/04\\\/Test-und-Bewertungsstandards.png\",\"width\":1536,\"height\":1024,\"caption\":\"Test and Evaluation Standards\"},{\"@type\":\"BreadcrumbList\",\"@id\":\"https:\\\/\\\/dentaltestlab.com\\\/es\\\/nuestras-normas-de-ensayo-y-evaluacion\\\/#breadcrumb\",\"itemListElement\":[{\"@type\":\"ListItem\",\"position\":1,\"name\":\"Dental Test Lab\",\"item\":\"https:\\\/\\\/dentaltestlab.com\\\/es\\\/\"},{\"@type\":\"ListItem\",\"position\":2,\"name\":\"Nuestras normas de ensayo y evaluaci\u00f3n\"}]},{\"@type\":\"WebSite\",\"@id\":\"https:\\\/\\\/dentaltestlab.com\\\/es\\\/#website\",\"url\":\"https:\\\/\\\/dentaltestlab.com\\\/es\\\/\",\"name\":\"Dental Test Lab\",\"description\":\"\",\"publisher\":{\"@id\":\"https:\\\/\\\/dentaltestlab.com\\\/es\\\/#organization\"},\"potentialAction\":[{\"@type\":\"SearchAction\",\"target\":{\"@type\":\"EntryPoint\",\"urlTemplate\":\"https:\\\/\\\/dentaltestlab.com\\\/es\\\/?s={search_term_string}\"},\"query-input\":{\"@type\":\"PropertyValueSpecification\",\"valueRequired\":true,\"valueName\":\"search_term_string\"}}],\"inLanguage\":\"es\"},{\"@type\":\"Organization\",\"@id\":\"https:\\\/\\\/dentaltestlab.com\\\/es\\\/#organization\",\"name\":\"Dental Test Lab\",\"url\":\"https:\\\/\\\/dentaltestlab.com\\\/es\\\/\",\"logo\":{\"@type\":\"ImageObject\",\"inLanguage\":\"es\",\"@id\":\"https:\\\/\\\/dentaltestlab.com\\\/es\\\/#\\\/schema\\\/logo\\\/image\\\/\",\"url\":\"https:\\\/\\\/dentaltestlab.com\\\/wp-content\\\/uploads\\\/2023\\\/10\\\/cropped-THE-DERMA-CHECK-FAVICON-NEW-1.png\",\"contentUrl\":\"https:\\\/\\\/dentaltestlab.com\\\/wp-content\\\/uploads\\\/2023\\\/10\\\/cropped-THE-DERMA-CHECK-FAVICON-NEW-1.png\",\"width\":512,\"height\":512,\"caption\":\"Dental Test Lab\"},\"image\":{\"@id\":\"https:\\\/\\\/dentaltestlab.com\\\/es\\\/#\\\/schema\\\/logo\\\/image\\\/\"}}]}<\/script>\n<!-- \/ Yoast SEO plugin. -->","yoast_head_json":{"title":"Nuestras normas de ensayo y evaluaci\u00f3n | Dental Test Lab","robots":{"index":"index","follow":"follow","max-snippet":"max-snippet:-1","max-image-preview":"max-image-preview:large","max-video-preview":"max-video-preview:-1"},"canonical":"https:\/\/dentaltestlab.com\/es\/nuestras-normas-de-ensayo-y-evaluacion\/","og_locale":"es_ES","og_type":"article","og_title":"Nuestras normas de ensayo y evaluaci\u00f3n | Dental Test Lab","og_description":"Nuestras normas de ensayo y evaluaci\u00f3n En Dental Test Lab lo tenemos claro: la selecci\u00f3n de productos para el cuidado dental es enorme, pero tambi\u00e9n lo son las diferencias de calidad. Por eso queremos ofrecer a nuestros lectores una base clara, honesta y comprensible para tomar decisiones. Ya se trate de blanqueadores dentales, pasta de ... Mehr erfahren","og_url":"https:\/\/dentaltestlab.com\/es\/nuestras-normas-de-ensayo-y-evaluacion\/","og_site_name":"Dental Test Lab","article_modified_time":"2026-02-13T11:14:42+00:00","og_image":[{"width":1024,"height":683,"url":"https:\/\/dentaltestlab.com\/wp-content\/uploads\/2025\/04\/Test-und-Bewertungsstandards-1024x683.png","type":"image\/png"}],"schema":{"@context":"https:\/\/schema.org","@graph":[{"@type":"WebPage","@id":"https:\/\/dentaltestlab.com\/es\/nuestras-normas-de-ensayo-y-evaluacion\/","url":"https:\/\/dentaltestlab.com\/es\/nuestras-normas-de-ensayo-y-evaluacion\/","name":"Nuestras normas de ensayo y evaluaci\u00f3n | Dental Test Lab","isPartOf":{"@id":"https:\/\/dentaltestlab.com\/es\/#website"},"primaryImageOfPage":{"@id":"https:\/\/dentaltestlab.com\/es\/nuestras-normas-de-ensayo-y-evaluacion\/#primaryimage"},"image":{"@id":"https:\/\/dentaltestlab.com\/es\/nuestras-normas-de-ensayo-y-evaluacion\/#primaryimage"},"thumbnailUrl":"https:\/\/dentaltestlab.com\/wp-content\/uploads\/2025\/04\/Test-und-Bewertungsstandards.png","datePublished":"2024-01-04T11:29:36+00:00","dateModified":"2026-02-13T11:14:42+00:00","breadcrumb":{"@id":"https:\/\/dentaltestlab.com\/es\/nuestras-normas-de-ensayo-y-evaluacion\/#breadcrumb"},"inLanguage":"es","potentialAction":[{"@type":"ReadAction","target":["https:\/\/dentaltestlab.com\/es\/nuestras-normas-de-ensayo-y-evaluacion\/"]}]},{"@type":"ImageObject","inLanguage":"es","@id":"https:\/\/dentaltestlab.com\/es\/nuestras-normas-de-ensayo-y-evaluacion\/#primaryimage","url":"https:\/\/dentaltestlab.com\/wp-content\/uploads\/2025\/04\/Test-und-Bewertungsstandards.png","contentUrl":"https:\/\/dentaltestlab.com\/wp-content\/uploads\/2025\/04\/Test-und-Bewertungsstandards.png","width":1536,"height":1024,"caption":"Test and Evaluation Standards"},{"@type":"BreadcrumbList","@id":"https:\/\/dentaltestlab.com\/es\/nuestras-normas-de-ensayo-y-evaluacion\/#breadcrumb","itemListElement":[{"@type":"ListItem","position":1,"name":"Dental Test Lab","item":"https:\/\/dentaltestlab.com\/es\/"},{"@type":"ListItem","position":2,"name":"Nuestras normas de ensayo y evaluaci\u00f3n"}]},{"@type":"WebSite","@id":"https:\/\/dentaltestlab.com\/es\/#website","url":"https:\/\/dentaltestlab.com\/es\/","name":"Dental Test Lab","description":"","publisher":{"@id":"https:\/\/dentaltestlab.com\/es\/#organization"},"potentialAction":[{"@type":"SearchAction","target":{"@type":"EntryPoint","urlTemplate":"https:\/\/dentaltestlab.com\/es\/?s={search_term_string}"},"query-input":{"@type":"PropertyValueSpecification","valueRequired":true,"valueName":"search_term_string"}}],"inLanguage":"es"},{"@type":"Organization","@id":"https:\/\/dentaltestlab.com\/es\/#organization","name":"Dental Test Lab","url":"https:\/\/dentaltestlab.com\/es\/","logo":{"@type":"ImageObject","inLanguage":"es","@id":"https:\/\/dentaltestlab.com\/es\/#\/schema\/logo\/image\/","url":"https:\/\/dentaltestlab.com\/wp-content\/uploads\/2023\/10\/cropped-THE-DERMA-CHECK-FAVICON-NEW-1.png","contentUrl":"https:\/\/dentaltestlab.com\/wp-content\/uploads\/2023\/10\/cropped-THE-DERMA-CHECK-FAVICON-NEW-1.png","width":512,"height":512,"caption":"Dental Test Lab"},"image":{"@id":"https:\/\/dentaltestlab.com\/es\/#\/schema\/logo\/image\/"}}]}},"_links":{"self":[{"href":"https:\/\/dentaltestlab.com\/es\/wp-json\/wp\/v2\/pages\/14184","targetHints":{"allow":["GET"]}}],"collection":[{"href":"https:\/\/dentaltestlab.com\/es\/wp-json\/wp\/v2\/pages"}],"about":[{"href":"https:\/\/dentaltestlab.com\/es\/wp-json\/wp\/v2\/types\/page"}],"author":[{"embeddable":true,"href":"https:\/\/dentaltestlab.com\/es\/wp-json\/wp\/v2\/users\/1"}],"replies":[{"embeddable":true,"href":"https:\/\/dentaltestlab.com\/es\/wp-json\/wp\/v2\/comments?post=14184"}],"version-history":[{"count":3,"href":"https:\/\/dentaltestlab.com\/es\/wp-json\/wp\/v2\/pages\/14184\/revisions"}],"predecessor-version":[{"id":14243,"href":"https:\/\/dentaltestlab.com\/es\/wp-json\/wp\/v2\/pages\/14184\/revisions\/14243"}],"wp:featuredmedia":[{"embeddable":true,"href":"https:\/\/dentaltestlab.com\/es\/wp-json\/wp\/v2\/media\/14186"}],"wp:attachment":[{"href":"https:\/\/dentaltestlab.com\/es\/wp-json\/wp\/v2\/media?parent=14184"}],"wp:term":[{"taxonomy":"category","embeddable":true,"href":"https:\/\/dentaltestlab.com\/es\/wp-json\/wp\/v2\/categories?post=14184"},{"taxonomy":"post_tag","embeddable":true,"href":"https:\/\/dentaltestlab.com\/es\/wp-json\/wp\/v2\/tags?post=14184"}],"curies":[{"name":"wp","href":"https:\/\/api.w.org\/{rel}","templated":true}]}}