{"id":14197,"date":"2024-01-06T11:31:27","date_gmt":"2024-01-06T11:31:27","guid":{"rendered":"https:\/\/dentaltestlab.com\/our-editorial-guidelines\/"},"modified":"2026-02-13T11:20:11","modified_gmt":"2026-02-13T11:20:11","slug":"nuestras-directrices-editoriales","status":"publish","type":"page","link":"https:\/\/dentaltestlab.com\/es\/nuestras-directrices-editoriales\/","title":{"rendered":"Nuestras directrices editoriales"},"content":{"rendered":"<div class=\"gb-container gb-container-4742cc5d alignfull\"> <div class=\"gb-container gb-container-96eaf3e2\"> <h1 class=\"gb-headline gb-headline-829851c6 gb-headline-text\">Nuestras directrices editoriales<\/h1>  <p class=\"gb-headline gb-headline-443652d4 gb-headline-text\">Te damos la bienvenida a <strong>Dental Test Lab<\/strong> \u2013 tu portal de confianza con informaci\u00f3n bien fundamentada, pruebas de productos transparentes y contenidos pr\u00e1cticos sobre cuidado dental, blanqueamiento dental y salud bucodental.<\/p>  <\/div> <\/div><div class=\"gb-container gb-container-6c7c8f9f\"> <figure class=\"gb-block-image gb-block-image-9b290b03\"><img decoding=\"async\" width=\"2048\" height=\"1221\" src=\"https:\/\/dentaltestlab.com\/wp-content\/uploads\/2025\/04\/Redaktionelle-Richtlinien-Dental-Test-Lab-scaled.jpeg\" class=\"gb-image-9b290b03\" alt=\"Editorial Guidelines Dental Test Lab\" srcset=\"https:\/\/dentaltestlab.com\/wp-content\/uploads\/2025\/04\/Redaktionelle-Richtlinien-Dental-Test-Lab-scaled.jpeg 2048w, https:\/\/dentaltestlab.com\/wp-content\/uploads\/2025\/04\/Redaktionelle-Richtlinien-Dental-Test-Lab-300x179.jpeg 300w, https:\/\/dentaltestlab.com\/wp-content\/uploads\/2025\/04\/Redaktionelle-Richtlinien-Dental-Test-Lab-1024x611.jpeg 1024w, https:\/\/dentaltestlab.com\/wp-content\/uploads\/2025\/04\/Redaktionelle-Richtlinien-Dental-Test-Lab-768x458.jpeg 768w, https:\/\/dentaltestlab.com\/wp-content\/uploads\/2025\/04\/Redaktionelle-Richtlinien-Dental-Test-Lab-1536x916.jpeg 1536w\" sizes=\"(max-width: 2048px) 100vw, 2048px\" \/><\/figure> <\/div> <h2 class=\"wp-block-heading\" id=\"h-1-unsere-redaktionelle-mission\">1. Nuestra misi\u00f3n editorial<\/h2>  <h3 class=\"wp-block-heading\" id=\"h-1-1-ziel-aufklaren-nicht-uberreden\">1.1 Objetivo: informar, no persuadir<\/h3>  <p>Queremos ofrecerte contenidos comprensibles, muy bien documentados y actualizados \u2013 con un proceso editorial estructurado y un canal abierto a tus comentarios sinceros.<\/p>  <p>Nuestros art\u00edculos buscan informar \u2013 no persuadir. Nuestro objetivo es brindarte una base de conocimiento s\u00f3lida, sobre la que puedas tomar decisiones informadas para tu salud dental. <\/p>  <h3 class=\"wp-block-heading\" id=\"h-1-2-alltagsnah-und-zuganglich\">1.2 Pr\u00e1ctico y accesible<\/h3>  <p>Hacemos que la informaci\u00f3n compleja sea f\u00e1cil de entender:<\/p>  <ul class=\"wp-block-list\"> <li>Contenido cient\u00edfico en un lenguaje sencillo<\/li>   <li>Consejos relevantes para el d\u00eda a d\u00eda<\/li>   <li>Explicaciones claras que responden a tus preguntas<\/li> <\/ul>  <hr class=\"wp-block-separator has-alpha-channel-opacity\"\/>  <h2 class=\"wp-block-heading\" id=\"h-2-redaktionelle-arbeitsweise\">2. Proceso editorial<\/h2>  <h3 class=\"wp-block-heading\" id=\"h-2-1-autor-innen-mit-fachkenntnis\">2.1 Autor\u00eda experta<\/h3>  <p>Nuestros contenidos los elaboran profesionales cualificados. Cuentan con experiencia en \u00e1reas como la odontolog\u00eda, la comunicaci\u00f3n en salud o el periodismo cient\u00edfico, y reciben orientaci\u00f3n de forma peri\u00f3dica. <\/p>  <h3 class=\"wp-block-heading\" id=\"h-2-2-redaktionsprozess-mit-system\">2.2 Proceso editorial sistem\u00e1tico<\/h3>  <p>Cada art\u00edculo pasa por:<\/p>  <ul class=\"wp-block-list\"> <li>Una gu\u00eda de contenidos detallada<\/li>   <li>Investigaci\u00f3n con foco en hallazgos actuales<\/li>   <li>Revisi\u00f3n editorial y, cuando corresponde, revisi\u00f3n m\u00e9dica<\/li> <\/ul>  <h3 class=\"wp-block-heading\" id=\"h-2-3-qualitatsmanagement\">2.3 Gesti\u00f3n de calidad<\/h3>  <p>Entendemos la calidad como un proceso din\u00e1mico. Los comentarios, los nuevos conocimientos y los avances tecnol\u00f3gicos se incorporan de forma continua a nuestros contenidos. <\/p>  <hr class=\"wp-block-separator has-alpha-channel-opacity\"\/>  <h2 class=\"wp-block-heading\" id=\"h-3-quellen-amp-wissenschaftliche-integritat\">3. Fuentes &amp; integridad cient\u00edfica<\/h2>  <h3 class=\"wp-block-heading\" id=\"h-3-1-transparente-quellen\">3.1 Fuentes transparentes<\/h3>  <p>Sustentamos nuestras afirmaciones en:<\/p>  <ul class=\"wp-block-list\"> <li>Bibliograf\u00eda especializada<\/li>   <li>Estudios y publicaciones de institutos y universidades<\/li>   <li>Declaraciones de expertos en odontolog\u00eda e investigaci\u00f3n<\/li> <\/ul>  <h3 class=\"wp-block-heading\" id=\"h-3-2-umgang-mit-studien\">3.2 C\u00f3mo tratamos los estudios<\/h3>  <p>Damos prioridad a las fuentes primarias y siempre presentamos los resultados de los estudios en un contexto comprensible. En el caso de las fuentes secundarias, evaluamos su fiabilidad. <\/p>  <hr class=\"wp-block-separator has-alpha-channel-opacity\"\/>  <h2 class=\"wp-block-heading\" id=\"h-4-produktempfehlungen-amp-kooperationen\">4. Recomendaciones de productos &amp; colaboraciones<\/h2>  <h3 class=\"wp-block-heading\" id=\"h-4-1-zusammenarbeit-mit-herstellern\">4.1 Colaboraci\u00f3n con fabricantes<\/h3>  <p>Dental Test Lab colabora con marcas y fabricantes de productos seleccionados. Las colaboraciones nos ayudan a probar productos nuevos, obtener una visi\u00f3n m\u00e1s profunda y, en definitiva, hacer posible determinados contenidos. <\/p>  <h3 class=\"wp-block-heading\" id=\"h-4-2-transparenz-und-trennung-von-redaktion-amp-werbung\">4.2 Transparencia y separaci\u00f3n entre contenido editorial &amp; publicidad<\/h3>  <ul class=\"wp-block-list\"> <li>Las colaboraciones se identifican claramente<\/li>   <li>Nuestra l\u00ednea editorial se mantiene cr\u00edtica y basada en hechos<\/li>   <li>Solo recomendamos productos que cumplen nuestros est\u00e1ndares de evaluaci\u00f3n<\/li> <\/ul>  <h3 class=\"wp-block-heading\" id=\"h-4-3-unser-bewertungsansatz\">4.3 Nuestro enfoque de evaluaci\u00f3n<\/h3>  <p>Nuestras evaluaciones de productos se basan en:<\/p>  <ul class=\"wp-block-list\"> <li>An\u00e1lisis de ingredientes<\/li>   <li>Experiencia de uso<\/li>   <li>Seguridad y tolerabilidad<\/li>   <li>cuando procede, comentarios de especialistas o de personas participantes en las pruebas<\/li>   <li>otros criterios relacionados con el producto<\/li> <\/ul>  <hr class=\"wp-block-separator has-alpha-channel-opacity\"\/>  <h2 class=\"wp-block-heading\" id=\"h-5-medizinische-validierung\">5. Validaci\u00f3n m\u00e9dica<\/h2>  <h3 class=\"wp-block-heading\" id=\"h-5-1-zahnarztliche-uberprufung\">5.1 Revisi\u00f3n odontol\u00f3gica<\/h3>  <p>Parte de nuestros contenidos es revisada por odont\u00f3logos con licencia. Se\u00f1alamos de forma expl\u00edcita los art\u00edculos que han sido validados m\u00e9dicamente. <\/p>  <h3 class=\"wp-block-heading\" id=\"h-5-2-klare-abgrenzung\">5.2 Distinci\u00f3n clara<\/h3>  <p>Nuestros revisores m\u00e9dicos eval\u00faan la exactitud factual del contenido \u2013 pero no productos concretos ni rankings.<\/p>  <hr class=\"wp-block-separator has-alpha-channel-opacity\"\/>  <h2 class=\"wp-block-heading\" id=\"h-6-kunstliche-intelligenz-im-redaktionsprozess\">6. Inteligencia artificial en el proceso editorial<\/h2>  <h3 class=\"wp-block-heading\" id=\"h-6-1-wo-k-i-zum-einsatz-kommt\">6.1 D\u00f3nde aplicamos la IA<\/h3>  <p>La inteligencia artificial nos apoya en:<\/p>  <ul class=\"wp-block-list\"> <li>Estructurar el contenido<\/li>   <li>Resumir textos cient\u00edficos<\/li>   <li>Traducciones y borradores iniciales de texto<\/li> <\/ul>  <h3 class=\"wp-block-heading\" id=\"h-6-2-menschliche-kontrolle\">6.2 Supervisi\u00f3n humana<\/h3>  <p>Todos los art\u00edculos \u2013 se hayan creado con ayuda de la IA o no \u2013 son revisados, editados y ampliados por nuestro equipo editorial.<\/p>  <h3 class=\"wp-block-heading\" id=\"h-6-3-kennzeichnung\">6.3 Identificaci\u00f3n<\/h3>  <p>Los art\u00edculos en los que la IA ha tenido una participaci\u00f3n significativa se identifican como tales.<\/p>  <hr class=\"wp-block-separator has-alpha-channel-opacity\"\/>  <h2 class=\"wp-block-heading\" id=\"h-7-mehrsprachige-inhalte-amp-ubersetzungen\">7. Contenido multiling\u00fce &amp; traducciones<\/h2>  <h3 class=\"wp-block-heading\" id=\"h-7-1-anspruch-an-qualitat\">7.1 Est\u00e1ndares de calidad<\/h3>  <p>Nuestros contenidos se publican en varios idiomas. Nos apoyamos en: <\/p>  <ul class=\"wp-block-list\"> <li>Combinaci\u00f3n de traducci\u00f3n autom\u00e1tica y revisi\u00f3n manual<\/li>   <li>Traductores con formaci\u00f3n profesional<\/li>   <li>Control de calidad continuo<\/li> <\/ul>  <h3 class=\"wp-block-heading\" id=\"h-7-2-verbesserung-durch-feedback\">7.2 Mejora mediante comentarios<\/h3>  <p>Si detectas alg\u00fan error ling\u00fc\u00edstico, agradecemos tus comentarios \u2013 tu aportaci\u00f3n nos ayuda a mejorar.<\/p>  <hr class=\"wp-block-separator has-alpha-channel-opacity\"\/>  <h2 class=\"wp-block-heading\" id=\"h-8-aktualisierung-von-inhalten\">8. Actualizaci\u00f3n de contenidos<\/h2>  <h3 class=\"wp-block-heading\" id=\"h-8-1-regelmassige-prufzyklen\">8.1 Ciclos de revisi\u00f3n peri\u00f3dicos<\/h3>  <p>Revisamos nuestros contenidos peri\u00f3dicamente para comprobar que est\u00e9n al d\u00eda. Los nuevos hallazgos o productos dan lugar a actualizaciones espec\u00edficas. <\/p>  <h3 class=\"wp-block-heading\" id=\"h-8-2-nutzer-innenfeedback\">8.2 Comentarios de las personas usuarias<\/h3>  <p>Tus comentarios pueden tener un impacto directo en nuestros contenidos \u2013 ya sea aportando nuevas perspectivas, avis\u00e1ndonos de errores o planteando nuevas preguntas.<\/p>  <hr class=\"wp-block-separator has-alpha-channel-opacity\"\/>  <h2 class=\"wp-block-heading\" id=\"h-9-sprache-amp-stil\">9. Lenguaje &amp; estilo<\/h2>  <h3 class=\"wp-block-heading\" id=\"h-9-1-klar-respektvoll-inklusiv\">9.1 Claro. Respetuoso. Inclusivo. <\/h3>  <p>Nuestro lenguaje debe ser:<\/p>  <ul class=\"wp-block-list\"> <li><strong>f\u00e1cil de entender<\/strong><\/li>   <li>ser <strong>respetuoso y emp\u00e1tico<\/strong><\/li>   <li><strong>inclusivo<\/strong>, dirigi\u00e9ndose a todas las personas lectoras sin prejuicios<\/li> <\/ul>  <h3 class=\"wp-block-heading\" id=\"h-9-2-positive-leseerfahrung\">9.2 Una experiencia de lectura positiva<\/h3>  <p>Nuestros contenidos no solo deben informar, sino tambi\u00e9n generar confianza y despertar el deseo de seguir aprendiendo.<\/p>  <hr class=\"wp-block-separator has-alpha-channel-opacity\"\/>  <h2 class=\"wp-block-heading\" id=\"h-10-medizinischer-hinweis\">10. Aviso m\u00e9dico<\/h2>  <h3 class=\"wp-block-heading\" id=\"h-10-1-kein-ersatz-fur-eine-zahnarztliche-beratung\">10.1 No sustituye una consulta odontol\u00f3gica<\/h3>  <p>Nuestros contenidos tienen fines informativos. No sustituyen la consulta personal ni el tratamiento por parte de odont\u00f3logos u otros profesionales de la salud. <\/p>  <h3 class=\"wp-block-heading\" id=\"h-10-2-verantwortung-der-leser-innen\">10.2 Responsabilidad de las personas lectoras<\/h3>  <p>La informaci\u00f3n sobre salud debe evaluarse siempre de forma cr\u00edtica. Recomendamos buscar asesoramiento m\u00e9dico si tienes cualquier duda. <\/p>  <hr class=\"wp-block-separator has-alpha-channel-opacity\"\/>  <h2 class=\"wp-block-heading\" id=\"h-11-blick-in-die-zukunft\">11. Una mirada al futuro<\/h2>  <h3 class=\"wp-block-heading\" id=\"h-11-1-wir-wollen-besser-werden\">11.1 Queremos mejorar<\/h3>  <p>Trabajamos de forma continua para mejorar nuestros contenidos, procesos y formatos \u2013 en di\u00e1logo con expertos y nuestra comunidad.<\/p>  <h3 class=\"wp-block-heading\" id=\"h-11-2-ihre-meinung-zahlt\">11.2 Tu opini\u00f3n cuenta<\/h3>  <p>Ya sea una cr\u00edtica, una sugerencia o un elogio \u2013 agradecemos tu mensaje. Dental Test Lab se concibe como una plataforma de intercambio con las personas lectoras. <\/p>  <h3 class=\"wp-block-heading\" id=\"h-11-3-danke-fur-ihr-vertrauen\">11.3 Gracias por tu confianza<\/h3>  <p>Gracias por utilizar Dental Test Lab. Tu tiempo y tu confianza nos motivan a seguir creando contenidos de alta calidad, transparentes y \u00fatiles. <\/p>  <hr class=\"wp-block-separator has-alpha-channel-opacity\"\/>  <p><strong>Dental Test Lab significa:<\/strong><br\/>Experiencia. Claridad. Transparencia.<br\/>Y responder a tus preguntas sobre el cuidado dental con empat\u00eda y rigor. <\/p> ","protected":false},"excerpt":{"rendered":"<p>Nuestras directrices editoriales Te damos la bienvenida a Dental Test Lab \u2013 tu portal de confianza con informaci\u00f3n bien fundamentada, pruebas de productos transparentes y contenidos pr\u00e1cticos sobre cuidado dental, blanqueamiento dental y salud bucodental. 1. Nuestra misi\u00f3n editorial 1.1 Objetivo: informar, no persuadir Queremos ofrecerte contenidos comprensibles, muy bien documentados y actualizados \u2013 con &#8230; <a title=\"Nuestras directrices editoriales\" class=\"read-more\" href=\"https:\/\/dentaltestlab.com\/es\/nuestras-directrices-editoriales\/\" aria-label=\"Leer m\u00e1s sobre Nuestras directrices editoriales\">Mehr erfahren<\/a><\/p>\n","protected":false},"author":1,"featured_media":14199,"parent":0,"menu_order":0,"comment_status":"closed","ping_status":"closed","template":"","meta":{"_lmt_disableupdate":"","_lmt_disable":"","footnotes":""},"categories":[],"tags":[],"class_list":["post-14197","page","type-page","status-publish","has-post-thumbnail"],"yoast_head":"<!-- This site is optimized with the Yoast SEO plugin v27.4 - https:\/\/yoast.com\/product\/yoast-seo-wordpress\/ -->\n<title>Nuestras directrices editoriales | Dental Test Lab<\/title>\n<meta name=\"robots\" content=\"index, follow, max-snippet:-1, max-image-preview:large, max-video-preview:-1\" \/>\n<link rel=\"canonical\" href=\"https:\/\/dentaltestlab.com\/es\/nuestras-directrices-editoriales\/\" \/>\n<meta property=\"og:locale\" content=\"es_ES\" \/>\n<meta property=\"og:type\" content=\"article\" \/>\n<meta property=\"og:title\" content=\"Nuestras directrices editoriales | Dental Test Lab\" \/>\n<meta property=\"og:description\" content=\"Nuestras directrices editoriales Te damos la bienvenida a Dental Test Lab \u2013 tu portal de confianza con informaci\u00f3n bien fundamentada, pruebas de productos transparentes y contenidos pr\u00e1cticos sobre cuidado dental, blanqueamiento dental y salud bucodental. 1. Nuestra misi\u00f3n editorial 1.1 Objetivo: informar, no persuadir Queremos ofrecerte contenidos comprensibles, muy bien documentados y actualizados \u2013 con ... Mehr erfahren\" \/>\n<meta property=\"og:url\" content=\"https:\/\/dentaltestlab.com\/es\/nuestras-directrices-editoriales\/\" \/>\n<meta property=\"og:site_name\" content=\"Dental Test Lab\" \/>\n<meta property=\"article:modified_time\" content=\"2026-02-13T11:20:11+00:00\" \/>\n<meta property=\"og:image\" content=\"https:\/\/dentaltestlab.com\/wp-content\/uploads\/2025\/04\/Redaktionelle-Richtlinien-Dental-Test-Lab-scaled.jpeg\" \/>\n\t<meta property=\"og:image:width\" content=\"2048\" \/>\n\t<meta property=\"og:image:height\" content=\"1221\" \/>\n\t<meta property=\"og:image:type\" content=\"image\/jpeg\" \/>\n<script type=\"application\/ld+json\" class=\"yoast-schema-graph\">{\"@context\":\"https:\\\/\\\/schema.org\",\"@graph\":[{\"@type\":\"WebPage\",\"@id\":\"https:\\\/\\\/dentaltestlab.com\\\/es\\\/nuestras-directrices-editoriales\\\/\",\"url\":\"https:\\\/\\\/dentaltestlab.com\\\/es\\\/nuestras-directrices-editoriales\\\/\",\"name\":\"Nuestras directrices editoriales | Dental Test Lab\",\"isPartOf\":{\"@id\":\"https:\\\/\\\/dentaltestlab.com\\\/es\\\/#website\"},\"primaryImageOfPage\":{\"@id\":\"https:\\\/\\\/dentaltestlab.com\\\/es\\\/nuestras-directrices-editoriales\\\/#primaryimage\"},\"image\":{\"@id\":\"https:\\\/\\\/dentaltestlab.com\\\/es\\\/nuestras-directrices-editoriales\\\/#primaryimage\"},\"thumbnailUrl\":\"https:\\\/\\\/dentaltestlab.com\\\/wp-content\\\/uploads\\\/2025\\\/04\\\/Redaktionelle-Richtlinien-Dental-Test-Lab-scaled.jpeg\",\"datePublished\":\"2024-01-06T11:31:27+00:00\",\"dateModified\":\"2026-02-13T11:20:11+00:00\",\"breadcrumb\":{\"@id\":\"https:\\\/\\\/dentaltestlab.com\\\/es\\\/nuestras-directrices-editoriales\\\/#breadcrumb\"},\"inLanguage\":\"es\",\"potentialAction\":[{\"@type\":\"ReadAction\",\"target\":[\"https:\\\/\\\/dentaltestlab.com\\\/es\\\/nuestras-directrices-editoriales\\\/\"]}]},{\"@type\":\"ImageObject\",\"inLanguage\":\"es\",\"@id\":\"https:\\\/\\\/dentaltestlab.com\\\/es\\\/nuestras-directrices-editoriales\\\/#primaryimage\",\"url\":\"https:\\\/\\\/dentaltestlab.com\\\/wp-content\\\/uploads\\\/2025\\\/04\\\/Redaktionelle-Richtlinien-Dental-Test-Lab-scaled.jpeg\",\"contentUrl\":\"https:\\\/\\\/dentaltestlab.com\\\/wp-content\\\/uploads\\\/2025\\\/04\\\/Redaktionelle-Richtlinien-Dental-Test-Lab-scaled.jpeg\",\"width\":2048,\"height\":1221,\"caption\":\"Editorial Guidelines Dental Test Lab\"},{\"@type\":\"BreadcrumbList\",\"@id\":\"https:\\\/\\\/dentaltestlab.com\\\/es\\\/nuestras-directrices-editoriales\\\/#breadcrumb\",\"itemListElement\":[{\"@type\":\"ListItem\",\"position\":1,\"name\":\"Dental Test Lab\",\"item\":\"https:\\\/\\\/dentaltestlab.com\\\/es\\\/\"},{\"@type\":\"ListItem\",\"position\":2,\"name\":\"Nuestras directrices editoriales\"}]},{\"@type\":\"WebSite\",\"@id\":\"https:\\\/\\\/dentaltestlab.com\\\/es\\\/#website\",\"url\":\"https:\\\/\\\/dentaltestlab.com\\\/es\\\/\",\"name\":\"Dental Test Lab\",\"description\":\"\",\"publisher\":{\"@id\":\"https:\\\/\\\/dentaltestlab.com\\\/es\\\/#organization\"},\"potentialAction\":[{\"@type\":\"SearchAction\",\"target\":{\"@type\":\"EntryPoint\",\"urlTemplate\":\"https:\\\/\\\/dentaltestlab.com\\\/es\\\/?s={search_term_string}\"},\"query-input\":{\"@type\":\"PropertyValueSpecification\",\"valueRequired\":true,\"valueName\":\"search_term_string\"}}],\"inLanguage\":\"es\"},{\"@type\":\"Organization\",\"@id\":\"https:\\\/\\\/dentaltestlab.com\\\/es\\\/#organization\",\"name\":\"Dental Test Lab\",\"url\":\"https:\\\/\\\/dentaltestlab.com\\\/es\\\/\",\"logo\":{\"@type\":\"ImageObject\",\"inLanguage\":\"es\",\"@id\":\"https:\\\/\\\/dentaltestlab.com\\\/es\\\/#\\\/schema\\\/logo\\\/image\\\/\",\"url\":\"https:\\\/\\\/dentaltestlab.com\\\/wp-content\\\/uploads\\\/2023\\\/10\\\/cropped-THE-DERMA-CHECK-FAVICON-NEW-1.png\",\"contentUrl\":\"https:\\\/\\\/dentaltestlab.com\\\/wp-content\\\/uploads\\\/2023\\\/10\\\/cropped-THE-DERMA-CHECK-FAVICON-NEW-1.png\",\"width\":512,\"height\":512,\"caption\":\"Dental Test Lab\"},\"image\":{\"@id\":\"https:\\\/\\\/dentaltestlab.com\\\/es\\\/#\\\/schema\\\/logo\\\/image\\\/\"}}]}<\/script>\n<!-- \/ Yoast SEO plugin. -->","yoast_head_json":{"title":"Nuestras directrices editoriales | Dental Test Lab","robots":{"index":"index","follow":"follow","max-snippet":"max-snippet:-1","max-image-preview":"max-image-preview:large","max-video-preview":"max-video-preview:-1"},"canonical":"https:\/\/dentaltestlab.com\/es\/nuestras-directrices-editoriales\/","og_locale":"es_ES","og_type":"article","og_title":"Nuestras directrices editoriales | Dental Test Lab","og_description":"Nuestras directrices editoriales Te damos la bienvenida a Dental Test Lab \u2013 tu portal de confianza con informaci\u00f3n bien fundamentada, pruebas de productos transparentes y contenidos pr\u00e1cticos sobre cuidado dental, blanqueamiento dental y salud bucodental. 1. Nuestra misi\u00f3n editorial 1.1 Objetivo: informar, no persuadir Queremos ofrecerte contenidos comprensibles, muy bien documentados y actualizados \u2013 con ... Mehr erfahren","og_url":"https:\/\/dentaltestlab.com\/es\/nuestras-directrices-editoriales\/","og_site_name":"Dental Test Lab","article_modified_time":"2026-02-13T11:20:11+00:00","og_image":[{"width":2048,"height":1221,"url":"https:\/\/dentaltestlab.com\/wp-content\/uploads\/2025\/04\/Redaktionelle-Richtlinien-Dental-Test-Lab-scaled.jpeg","type":"image\/jpeg"}],"schema":{"@context":"https:\/\/schema.org","@graph":[{"@type":"WebPage","@id":"https:\/\/dentaltestlab.com\/es\/nuestras-directrices-editoriales\/","url":"https:\/\/dentaltestlab.com\/es\/nuestras-directrices-editoriales\/","name":"Nuestras directrices editoriales | Dental Test Lab","isPartOf":{"@id":"https:\/\/dentaltestlab.com\/es\/#website"},"primaryImageOfPage":{"@id":"https:\/\/dentaltestlab.com\/es\/nuestras-directrices-editoriales\/#primaryimage"},"image":{"@id":"https:\/\/dentaltestlab.com\/es\/nuestras-directrices-editoriales\/#primaryimage"},"thumbnailUrl":"https:\/\/dentaltestlab.com\/wp-content\/uploads\/2025\/04\/Redaktionelle-Richtlinien-Dental-Test-Lab-scaled.jpeg","datePublished":"2024-01-06T11:31:27+00:00","dateModified":"2026-02-13T11:20:11+00:00","breadcrumb":{"@id":"https:\/\/dentaltestlab.com\/es\/nuestras-directrices-editoriales\/#breadcrumb"},"inLanguage":"es","potentialAction":[{"@type":"ReadAction","target":["https:\/\/dentaltestlab.com\/es\/nuestras-directrices-editoriales\/"]}]},{"@type":"ImageObject","inLanguage":"es","@id":"https:\/\/dentaltestlab.com\/es\/nuestras-directrices-editoriales\/#primaryimage","url":"https:\/\/dentaltestlab.com\/wp-content\/uploads\/2025\/04\/Redaktionelle-Richtlinien-Dental-Test-Lab-scaled.jpeg","contentUrl":"https:\/\/dentaltestlab.com\/wp-content\/uploads\/2025\/04\/Redaktionelle-Richtlinien-Dental-Test-Lab-scaled.jpeg","width":2048,"height":1221,"caption":"Editorial Guidelines Dental Test Lab"},{"@type":"BreadcrumbList","@id":"https:\/\/dentaltestlab.com\/es\/nuestras-directrices-editoriales\/#breadcrumb","itemListElement":[{"@type":"ListItem","position":1,"name":"Dental Test Lab","item":"https:\/\/dentaltestlab.com\/es\/"},{"@type":"ListItem","position":2,"name":"Nuestras directrices editoriales"}]},{"@type":"WebSite","@id":"https:\/\/dentaltestlab.com\/es\/#website","url":"https:\/\/dentaltestlab.com\/es\/","name":"Dental Test Lab","description":"","publisher":{"@id":"https:\/\/dentaltestlab.com\/es\/#organization"},"potentialAction":[{"@type":"SearchAction","target":{"@type":"EntryPoint","urlTemplate":"https:\/\/dentaltestlab.com\/es\/?s={search_term_string}"},"query-input":{"@type":"PropertyValueSpecification","valueRequired":true,"valueName":"search_term_string"}}],"inLanguage":"es"},{"@type":"Organization","@id":"https:\/\/dentaltestlab.com\/es\/#organization","name":"Dental Test Lab","url":"https:\/\/dentaltestlab.com\/es\/","logo":{"@type":"ImageObject","inLanguage":"es","@id":"https:\/\/dentaltestlab.com\/es\/#\/schema\/logo\/image\/","url":"https:\/\/dentaltestlab.com\/wp-content\/uploads\/2023\/10\/cropped-THE-DERMA-CHECK-FAVICON-NEW-1.png","contentUrl":"https:\/\/dentaltestlab.com\/wp-content\/uploads\/2023\/10\/cropped-THE-DERMA-CHECK-FAVICON-NEW-1.png","width":512,"height":512,"caption":"Dental Test Lab"},"image":{"@id":"https:\/\/dentaltestlab.com\/es\/#\/schema\/logo\/image\/"}}]}},"_links":{"self":[{"href":"https:\/\/dentaltestlab.com\/es\/wp-json\/wp\/v2\/pages\/14197","targetHints":{"allow":["GET"]}}],"collection":[{"href":"https:\/\/dentaltestlab.com\/es\/wp-json\/wp\/v2\/pages"}],"about":[{"href":"https:\/\/dentaltestlab.com\/es\/wp-json\/wp\/v2\/types\/page"}],"author":[{"embeddable":true,"href":"https:\/\/dentaltestlab.com\/es\/wp-json\/wp\/v2\/users\/1"}],"replies":[{"embeddable":true,"href":"https:\/\/dentaltestlab.com\/es\/wp-json\/wp\/v2\/comments?post=14197"}],"version-history":[{"count":3,"href":"https:\/\/dentaltestlab.com\/es\/wp-json\/wp\/v2\/pages\/14197\/revisions"}],"predecessor-version":[{"id":14248,"href":"https:\/\/dentaltestlab.com\/es\/wp-json\/wp\/v2\/pages\/14197\/revisions\/14248"}],"wp:featuredmedia":[{"embeddable":true,"href":"https:\/\/dentaltestlab.com\/es\/wp-json\/wp\/v2\/media\/14199"}],"wp:attachment":[{"href":"https:\/\/dentaltestlab.com\/es\/wp-json\/wp\/v2\/media?parent=14197"}],"wp:term":[{"taxonomy":"category","embeddable":true,"href":"https:\/\/dentaltestlab.com\/es\/wp-json\/wp\/v2\/categories?post=14197"},{"taxonomy":"post_tag","embeddable":true,"href":"https:\/\/dentaltestlab.com\/es\/wp-json\/wp\/v2\/tags?post=14197"}],"curies":[{"name":"wp","href":"https:\/\/api.w.org\/{rel}","templated":true}]}}