{"id":14201,"date":"2023-12-22T13:18:05","date_gmt":"2023-12-22T13:18:05","guid":{"rendered":"https:\/\/dentaltestlab.com\/welcome-to-dental-test-lab\/"},"modified":"2026-02-13T11:23:55","modified_gmt":"2026-02-13T11:23:55","slug":"welcome-to-dental-test-lab","status":"publish","type":"page","link":"https:\/\/dentaltestlab.com\/es\/","title":{"rendered":"Te damos la bienvenida a Dental Test Lab."},"content":{"rendered":"<div class=\"gb-container gb-container-5834e5f9 alignfull\">\n<div class=\"gb-grid-wrapper gb-grid-wrapper-a015bd31\">\n<div class=\"gb-grid-column gb-grid-column-364a4649\"><div class=\"gb-container gb-container-364a4649\">\n\n<h2 class=\"gb-headline gb-headline-71ef25e2 gb-headline-text\"><strong>Experiencia. Claridad. Transparencia.  <\/strong><\/h2>\n\n\n\n<h4 class=\"gb-headline gb-headline-dc58ebf9 gb-headline-text\">&#8211; Dental Test Lab.<\/h4>\n\n<\/div><\/div>\n\n<div class=\"gb-grid-column gb-grid-column-827667ad\"><div class=\"gb-container gb-container-827667ad\">\n\n<figure class=\"gb-block-image gb-block-image-36d8e832\"><img decoding=\"async\" width=\"2048\" height=\"1366\" class=\"gb-image gb-image-36d8e832\" src=\"https:\/\/dentaltestlab.com\/wp-content\/uploads\/2025\/04\/Dental-Test-Lab-Team-Research-scaled.jpeg\" alt=\"Joven equipo de t\u00e9cnicos dentales fabricando pr\u00f3tesis dentales. Proceso de elaboraci\u00f3n de dentaduras.\" title=\"Joven equipo de t\u00e9cnicos dentales fabricando pr\u00f3tesis dentales. Proceso de elaboraci\u00f3n de dentaduras.\" srcset=\"https:\/\/dentaltestlab.com\/wp-content\/uploads\/2025\/04\/Dental-Test-Lab-Team-Research-scaled.jpeg 2048w, https:\/\/dentaltestlab.com\/wp-content\/uploads\/2025\/04\/Dental-Test-Lab-Team-Research-300x200.jpeg 300w, https:\/\/dentaltestlab.com\/wp-content\/uploads\/2025\/04\/Dental-Test-Lab-Team-Research-1024x683.jpeg 1024w, https:\/\/dentaltestlab.com\/wp-content\/uploads\/2025\/04\/Dental-Test-Lab-Team-Research-768x512.jpeg 768w, https:\/\/dentaltestlab.com\/wp-content\/uploads\/2025\/04\/Dental-Test-Lab-Team-Research-1536x1025.jpeg 1536w\" sizes=\"(max-width: 2048px) 100vw, 2048px\" \/><\/figure>\n\n<\/div><\/div>\n<\/div>\n<\/div>\n\n<div class=\"gb-container gb-container-44fbecae alignfull\">\n<div class=\"gb-container gb-container-f2fac5c3\">\n\n<h2 class=\"gb-headline gb-headline-c53f99ee gb-headline-text\">Ingredientes de la A a la Z<\/h2>\n\n<\/div>\n\n\n<div class=\"gb-grid-wrapper gb-grid-wrapper-159d4e7e gb-query-loop-wrapper\">\n<div class=\"gb-grid-column gb-grid-column-7531aa6f gb-query-loop-item post-14263 page type-page status-publish category-ingredientes\"><div class=\"gb-container gb-container-7531aa6f\"><a class=\"gb-container-link\" href=\"https:\/\/dentaltestlab.com\/es\/aloe-vera-en-el-cuidado-oral\/\"><\/a>\n<p class=\"gb-headline gb-headline-d4971ffc gb-headline-text\"><a href=\"https:\/\/dentaltestlab.com\/es\/aloe-vera-en-el-cuidado-oral\/\">Aloe vera en el cuidado oral: efectos en las enc\u00edas, la placa y la mucosa oral \u2014 qu\u00e9 est\u00e1 respaldado (y qu\u00e9 no)<\/a><\/p>\n<\/div><\/div>\n\n<div class=\"gb-grid-column gb-grid-column-7531aa6f gb-query-loop-item post-14265 page type-page status-publish category-ingredientes\"><div class=\"gb-container gb-container-7531aa6f\"><a class=\"gb-container-link\" href=\"https:\/\/dentaltestlab.com\/es\/aceite-de-coco-en-el-cuidado-bucal\/\"><\/a>\n<p class=\"gb-headline gb-headline-d4971ffc gb-headline-text\"><a href=\"https:\/\/dentaltestlab.com\/es\/aceite-de-coco-en-el-cuidado-bucal\/\">Aceite de coco en el cuidado bucal: efectos, beneficios y riesgos del \u201coil pulling\u201d<\/a><\/p>\n<\/div><\/div>\n\n<div class=\"gb-grid-column gb-grid-column-7531aa6f gb-query-loop-item post-14267 page type-page status-publish category-ingredientes\"><div class=\"gb-container gb-container-7531aa6f\"><a class=\"gb-container-link\" href=\"https:\/\/dentaltestlab.com\/es\/dioxido-de-cloro-clo%e2%82%82-en-blanqueadores-dentales\/\"><\/a>\n<p class=\"gb-headline gb-headline-d4971ffc gb-headline-text\"><a href=\"https:\/\/dentaltestlab.com\/es\/dioxido-de-cloro-clo%e2%82%82-en-blanqueadores-dentales\/\">Di\u00f3xido de cloro (ClO\u2082) en blanqueadores dentales: efectos, riesgos y por qu\u00e9 conviene ser prudente<\/a><\/p>\n<\/div><\/div>\n\n<div class=\"gb-grid-column gb-grid-column-7531aa6f gb-query-loop-item post-14266 page type-page status-publish category-ingredientes\"><div class=\"gb-container gb-container-7531aa6f\"><a class=\"gb-container-link\" href=\"https:\/\/dentaltestlab.com\/es\/xilitol-en-el-cuidado-oral\/\"><\/a>\n<p class=\"gb-headline gb-headline-d4971ffc gb-headline-text\"><a href=\"https:\/\/dentaltestlab.com\/es\/xilitol-en-el-cuidado-oral\/\">Xilitol en el cuidado oral: efectos sobre las caries, el microbioma oral y por qu\u00e9 \u201csin az\u00facar\u201d no significa autom\u00e1ticamente \u201camigable con los dientes\u201d<\/a><\/p>\n<\/div><\/div>\n\n<div class=\"gb-grid-column gb-grid-column-7531aa6f gb-query-loop-item post-14264 page type-page status-publish category-ingredientes\"><div class=\"gb-container gb-container-7531aa6f\"><a class=\"gb-container-link\" href=\"https:\/\/dentaltestlab.com\/es\/nitrato-de-potasio-en-el-cuidado-bucal\/\"><\/a>\n<p class=\"gb-headline gb-headline-d4971ffc gb-headline-text\"><a href=\"https:\/\/dentaltestlab.com\/es\/nitrato-de-potasio-en-el-cuidado-bucal\/\">Nitrato de potasio en el cuidado bucal: efectos para los dientes sensibles, uso en el blanqueamiento y seguridad<\/a><\/p>\n<\/div><\/div>\n\n<div class=\"gb-grid-column gb-grid-column-7531aa6f gb-query-loop-item post-14269 page type-page status-publish category-ingredientes\"><div class=\"gb-container gb-container-7531aa6f\"><a class=\"gb-container-link\" href=\"https:\/\/dentaltestlab.com\/es\/carbon-activado-en-pastas-dentales-polvos-blanqueadores\/\"><\/a>\n<p class=\"gb-headline gb-headline-d4971ffc gb-headline-text\"><a href=\"https:\/\/dentaltestlab.com\/es\/carbon-activado-en-pastas-dentales-polvos-blanqueadores\/\">Carb\u00f3n activado en pastas dentales &#038; polvos blanqueadores: efectos, riesgos y lo que realmente muestran los estudios<\/a><\/p>\n<\/div><\/div>\n<\/div>\n\n<\/div>\n\n<div class=\"gb-container gb-container-2661f47c alignfull\">\n<div class=\"gb-container gb-container-40a5fdad\">\n\n<h2 class=\"gb-headline gb-headline-bb427d49 gb-headline-text\">Informes de pruebas actuales<\/h2>\n\n<\/div>\n\n\n<div class=\"gb-grid-wrapper gb-grid-wrapper-8dda9ca0 gb-query-loop-wrapper\">\n<div class=\"gb-grid-column gb-grid-column-2eea34cf gb-query-loop-item post-14170 page type-page status-publish has-post-thumbnail category-informes-de-las-pruebas\"><div class=\"gb-container gb-container-2eea34cf\"><a class=\"gb-container-link\" href=\"https:\/\/dentaltestlab.com\/es\/the-5-best-and-safest-teeth-whitening-products\/\"><\/a>\n<figure class=\"gb-block-image gb-block-image-b9a3bb6b\"><img decoding=\"async\" width=\"2048\" height=\"1363\" src=\"https:\/\/dentaltestlab.com\/wp-content\/uploads\/2025\/07\/Zahnaufheller-Sets-im-Test-bei-Dental-Test-Lab-2-scaled.jpg\" class=\"gb-image-b9a3bb6b\" alt=\"Zahnaufheller Sets im Test bei Dental Test Lab 2\" srcset=\"https:\/\/dentaltestlab.com\/wp-content\/uploads\/2025\/07\/Zahnaufheller-Sets-im-Test-bei-Dental-Test-Lab-2-scaled.jpg 2048w, https:\/\/dentaltestlab.com\/wp-content\/uploads\/2025\/07\/Zahnaufheller-Sets-im-Test-bei-Dental-Test-Lab-2-300x200.jpg 300w, https:\/\/dentaltestlab.com\/wp-content\/uploads\/2025\/07\/Zahnaufheller-Sets-im-Test-bei-Dental-Test-Lab-2-1024x681.jpg 1024w, https:\/\/dentaltestlab.com\/wp-content\/uploads\/2025\/07\/Zahnaufheller-Sets-im-Test-bei-Dental-Test-Lab-2-768x511.jpg 768w, https:\/\/dentaltestlab.com\/wp-content\/uploads\/2025\/07\/Zahnaufheller-Sets-im-Test-bei-Dental-Test-Lab-2-1536x1022.jpg 1536w\" sizes=\"(max-width: 2048px) 100vw, 2048px\" \/><\/figure>\n\n<p class=\"gb-headline gb-headline-9f493216 gb-headline-text\"><a href=\"https:\/\/dentaltestlab.com\/es\/the-5-best-and-safest-teeth-whitening-products\/\">10 Products Rated \u201cPoor\u201d: The 5 Best and Safest Teeth-Whitening Products for 2026<\/a><\/p>\n<\/div><\/div>\n<\/div>\n\n<\/div>","protected":false},"excerpt":{"rendered":"<p>Ingredientes de la A a la Z Informes de pruebas actuales<\/p>\n","protected":false},"author":1,"featured_media":0,"parent":0,"menu_order":0,"comment_status":"closed","ping_status":"closed","template":"","meta":{"_lmt_disableupdate":"","_lmt_disable":"","footnotes":""},"categories":[],"tags":[],"class_list":["post-14201","page","type-page","status-publish"],"yoast_head":"<!-- This site is optimized with the Yoast SEO plugin v27.4 - https:\/\/yoast.com\/product\/yoast-seo-wordpress\/ -->\n<title>Te damos la bienvenida a Dental Test Lab. | Dental Test Lab<\/title>\n<meta name=\"robots\" content=\"index, follow, max-snippet:-1, max-image-preview:large, max-video-preview:-1\" \/>\n<link rel=\"canonical\" href=\"https:\/\/dentaltestlab.com\/es\/\" \/>\n<meta property=\"og:locale\" content=\"es_ES\" \/>\n<meta property=\"og:type\" content=\"article\" \/>\n<meta property=\"og:title\" content=\"Te damos la bienvenida a Dental Test Lab. | Dental Test Lab\" \/>\n<meta property=\"og:description\" content=\"Ingredientes de la A a la Z Informes de pruebas actuales\" \/>\n<meta property=\"og:url\" content=\"https:\/\/dentaltestlab.com\/es\/\" \/>\n<meta property=\"og:site_name\" content=\"Dental Test Lab\" \/>\n<meta property=\"article:modified_time\" content=\"2026-02-13T11:23:55+00:00\" \/>\n<meta property=\"og:image\" content=\"https:\/\/dentaltestlab.com\/wp-content\/uploads\/2025\/04\/Dental-Test-Lab-Team-Research-scaled.jpeg\" \/>\n<script type=\"application\/ld+json\" class=\"yoast-schema-graph\">{\"@context\":\"https:\\\/\\\/schema.org\",\"@graph\":[{\"@type\":\"WebPage\",\"@id\":\"https:\\\/\\\/dentaltestlab.com\\\/es\\\/\",\"url\":\"https:\\\/\\\/dentaltestlab.com\\\/es\\\/\",\"name\":\"Te damos la bienvenida a Dental Test Lab. | Dental Test Lab\",\"isPartOf\":{\"@id\":\"https:\\\/\\\/dentaltestlab.com\\\/es\\\/#website\"},\"primaryImageOfPage\":{\"@id\":\"https:\\\/\\\/dentaltestlab.com\\\/es\\\/#primaryimage\"},\"image\":{\"@id\":\"https:\\\/\\\/dentaltestlab.com\\\/es\\\/#primaryimage\"},\"thumbnailUrl\":\"https:\\\/\\\/dentaltestlab.com\\\/wp-content\\\/uploads\\\/2025\\\/04\\\/Dental-Test-Lab-Team-Research-scaled.jpeg\",\"datePublished\":\"2023-12-22T13:18:05+00:00\",\"dateModified\":\"2026-02-13T11:23:55+00:00\",\"breadcrumb\":{\"@id\":\"https:\\\/\\\/dentaltestlab.com\\\/es\\\/#breadcrumb\"},\"inLanguage\":\"es\",\"potentialAction\":[{\"@type\":\"ReadAction\",\"target\":[\"https:\\\/\\\/dentaltestlab.com\\\/es\\\/\"]}]},{\"@type\":\"ImageObject\",\"inLanguage\":\"es\",\"@id\":\"https:\\\/\\\/dentaltestlab.com\\\/es\\\/#primaryimage\",\"url\":\"https:\\\/\\\/dentaltestlab.com\\\/wp-content\\\/uploads\\\/2025\\\/04\\\/Dental-Test-Lab-Team-Research-scaled.jpeg\",\"contentUrl\":\"https:\\\/\\\/dentaltestlab.com\\\/wp-content\\\/uploads\\\/2025\\\/04\\\/Dental-Test-Lab-Team-Research-scaled.jpeg\"},{\"@type\":\"BreadcrumbList\",\"@id\":\"https:\\\/\\\/dentaltestlab.com\\\/es\\\/#breadcrumb\",\"itemListElement\":[{\"@type\":\"ListItem\",\"position\":1,\"name\":\"Dental Test Lab\",\"item\":\"https:\\\/\\\/dentaltestlab.com\\\/es\\\/\"},{\"@type\":\"ListItem\",\"position\":2,\"name\":\"Te damos la bienvenida a Dental Test Lab.\"}]},{\"@type\":\"WebSite\",\"@id\":\"https:\\\/\\\/dentaltestlab.com\\\/es\\\/#website\",\"url\":\"https:\\\/\\\/dentaltestlab.com\\\/es\\\/\",\"name\":\"Dental Test Lab\",\"description\":\"\",\"publisher\":{\"@id\":\"https:\\\/\\\/dentaltestlab.com\\\/es\\\/#organization\"},\"potentialAction\":[{\"@type\":\"SearchAction\",\"target\":{\"@type\":\"EntryPoint\",\"urlTemplate\":\"https:\\\/\\\/dentaltestlab.com\\\/es\\\/?s={search_term_string}\"},\"query-input\":{\"@type\":\"PropertyValueSpecification\",\"valueRequired\":true,\"valueName\":\"search_term_string\"}}],\"inLanguage\":\"es\"},{\"@type\":\"Organization\",\"@id\":\"https:\\\/\\\/dentaltestlab.com\\\/es\\\/#organization\",\"name\":\"Dental Test Lab\",\"url\":\"https:\\\/\\\/dentaltestlab.com\\\/es\\\/\",\"logo\":{\"@type\":\"ImageObject\",\"inLanguage\":\"es\",\"@id\":\"https:\\\/\\\/dentaltestlab.com\\\/es\\\/#\\\/schema\\\/logo\\\/image\\\/\",\"url\":\"https:\\\/\\\/dentaltestlab.com\\\/wp-content\\\/uploads\\\/2023\\\/10\\\/cropped-THE-DERMA-CHECK-FAVICON-NEW-1.png\",\"contentUrl\":\"https:\\\/\\\/dentaltestlab.com\\\/wp-content\\\/uploads\\\/2023\\\/10\\\/cropped-THE-DERMA-CHECK-FAVICON-NEW-1.png\",\"width\":512,\"height\":512,\"caption\":\"Dental Test Lab\"},\"image\":{\"@id\":\"https:\\\/\\\/dentaltestlab.com\\\/es\\\/#\\\/schema\\\/logo\\\/image\\\/\"}}]}<\/script>\n<!-- \/ Yoast SEO plugin. -->","yoast_head_json":{"title":"Te damos la bienvenida a Dental Test Lab. | Dental Test Lab","robots":{"index":"index","follow":"follow","max-snippet":"max-snippet:-1","max-image-preview":"max-image-preview:large","max-video-preview":"max-video-preview:-1"},"canonical":"https:\/\/dentaltestlab.com\/es\/","og_locale":"es_ES","og_type":"article","og_title":"Te damos la bienvenida a Dental Test Lab. | Dental Test Lab","og_description":"Ingredientes de la A a la Z Informes de pruebas actuales","og_url":"https:\/\/dentaltestlab.com\/es\/","og_site_name":"Dental Test Lab","article_modified_time":"2026-02-13T11:23:55+00:00","og_image":[{"url":"https:\/\/dentaltestlab.com\/wp-content\/uploads\/2025\/04\/Dental-Test-Lab-Team-Research-scaled.jpeg","type":"","width":"","height":""}],"schema":{"@context":"https:\/\/schema.org","@graph":[{"@type":"WebPage","@id":"https:\/\/dentaltestlab.com\/es\/","url":"https:\/\/dentaltestlab.com\/es\/","name":"Te damos la bienvenida a Dental Test Lab. | Dental Test Lab","isPartOf":{"@id":"https:\/\/dentaltestlab.com\/es\/#website"},"primaryImageOfPage":{"@id":"https:\/\/dentaltestlab.com\/es\/#primaryimage"},"image":{"@id":"https:\/\/dentaltestlab.com\/es\/#primaryimage"},"thumbnailUrl":"https:\/\/dentaltestlab.com\/wp-content\/uploads\/2025\/04\/Dental-Test-Lab-Team-Research-scaled.jpeg","datePublished":"2023-12-22T13:18:05+00:00","dateModified":"2026-02-13T11:23:55+00:00","breadcrumb":{"@id":"https:\/\/dentaltestlab.com\/es\/#breadcrumb"},"inLanguage":"es","potentialAction":[{"@type":"ReadAction","target":["https:\/\/dentaltestlab.com\/es\/"]}]},{"@type":"ImageObject","inLanguage":"es","@id":"https:\/\/dentaltestlab.com\/es\/#primaryimage","url":"https:\/\/dentaltestlab.com\/wp-content\/uploads\/2025\/04\/Dental-Test-Lab-Team-Research-scaled.jpeg","contentUrl":"https:\/\/dentaltestlab.com\/wp-content\/uploads\/2025\/04\/Dental-Test-Lab-Team-Research-scaled.jpeg"},{"@type":"BreadcrumbList","@id":"https:\/\/dentaltestlab.com\/es\/#breadcrumb","itemListElement":[{"@type":"ListItem","position":1,"name":"Dental Test Lab","item":"https:\/\/dentaltestlab.com\/es\/"},{"@type":"ListItem","position":2,"name":"Te damos la bienvenida a Dental Test Lab."}]},{"@type":"WebSite","@id":"https:\/\/dentaltestlab.com\/es\/#website","url":"https:\/\/dentaltestlab.com\/es\/","name":"Dental Test Lab","description":"","publisher":{"@id":"https:\/\/dentaltestlab.com\/es\/#organization"},"potentialAction":[{"@type":"SearchAction","target":{"@type":"EntryPoint","urlTemplate":"https:\/\/dentaltestlab.com\/es\/?s={search_term_string}"},"query-input":{"@type":"PropertyValueSpecification","valueRequired":true,"valueName":"search_term_string"}}],"inLanguage":"es"},{"@type":"Organization","@id":"https:\/\/dentaltestlab.com\/es\/#organization","name":"Dental Test Lab","url":"https:\/\/dentaltestlab.com\/es\/","logo":{"@type":"ImageObject","inLanguage":"es","@id":"https:\/\/dentaltestlab.com\/es\/#\/schema\/logo\/image\/","url":"https:\/\/dentaltestlab.com\/wp-content\/uploads\/2023\/10\/cropped-THE-DERMA-CHECK-FAVICON-NEW-1.png","contentUrl":"https:\/\/dentaltestlab.com\/wp-content\/uploads\/2023\/10\/cropped-THE-DERMA-CHECK-FAVICON-NEW-1.png","width":512,"height":512,"caption":"Dental Test Lab"},"image":{"@id":"https:\/\/dentaltestlab.com\/es\/#\/schema\/logo\/image\/"}}]}},"_links":{"self":[{"href":"https:\/\/dentaltestlab.com\/es\/wp-json\/wp\/v2\/pages\/14201","targetHints":{"allow":["GET"]}}],"collection":[{"href":"https:\/\/dentaltestlab.com\/es\/wp-json\/wp\/v2\/pages"}],"about":[{"href":"https:\/\/dentaltestlab.com\/es\/wp-json\/wp\/v2\/types\/page"}],"author":[{"embeddable":true,"href":"https:\/\/dentaltestlab.com\/es\/wp-json\/wp\/v2\/users\/1"}],"replies":[{"embeddable":true,"href":"https:\/\/dentaltestlab.com\/es\/wp-json\/wp\/v2\/comments?post=14201"}],"version-history":[{"count":2,"href":"https:\/\/dentaltestlab.com\/es\/wp-json\/wp\/v2\/pages\/14201\/revisions"}],"predecessor-version":[{"id":14260,"href":"https:\/\/dentaltestlab.com\/es\/wp-json\/wp\/v2\/pages\/14201\/revisions\/14260"}],"wp:attachment":[{"href":"https:\/\/dentaltestlab.com\/es\/wp-json\/wp\/v2\/media?parent=14201"}],"wp:term":[{"taxonomy":"category","embeddable":true,"href":"https:\/\/dentaltestlab.com\/es\/wp-json\/wp\/v2\/categories?post=14201"},{"taxonomy":"post_tag","embeddable":true,"href":"https:\/\/dentaltestlab.com\/es\/wp-json\/wp\/v2\/tags?post=14201"}],"curies":[{"name":"wp","href":"https:\/\/api.w.org\/{rel}","templated":true}]}}