{"id":13481,"date":"2023-12-22T13:18:05","date_gmt":"2023-12-22T13:18:05","guid":{"rendered":"https:\/\/dentaltestlab.com\/bienvenue-sur-dental-test-lab\/"},"modified":"2025-12-18T20:08:39","modified_gmt":"2025-12-18T20:08:39","slug":"bienvenue-sur-dental-test-lab","status":"publish","type":"page","link":"https:\/\/dentaltestlab.com\/fr\/","title":{"rendered":"Bienvenue sur Dental Test Lab."},"content":{"rendered":"<div class=\"gb-container gb-container-5834e5f9 alignfull\">\n<div class=\"gb-grid-wrapper gb-grid-wrapper-a015bd31\">\n<div class=\"gb-grid-column gb-grid-column-364a4649\"><div class=\"gb-container gb-container-364a4649\">\n\n<h2 class=\"gb-headline gb-headline-71ef25e2 gb-headline-text\"><strong>Expertise. Clart\u00e9. Transparence.   <\/strong><\/h2>\n\n\n\n<h4 class=\"gb-headline gb-headline-dc58ebf9 gb-headline-text\">&#8211; Dental Test Lab.<\/h4>\n\n<\/div><\/div>\n\n<div class=\"gb-grid-column gb-grid-column-827667ad\"><div class=\"gb-container gb-container-827667ad\">\n\n<figure class=\"gb-block-image gb-block-image-36d8e832\"><img decoding=\"async\" width=\"2048\" height=\"1366\" class=\"gb-image gb-image-36d8e832\" src=\"https:\/\/dentaltestlab.com\/wp-content\/uploads\/2025\/04\/Dental-Test-Lab-Team-Research-scaled.jpeg\" alt=\"Jeune \u00e9quipe de techniciens dentaires fabriquant des proth\u00e8ses dentaires. Processus de fabrication des proth\u00e8ses.\" title=\"Jeune \u00e9quipe de techniciens dentaires fabriquant des proth\u00e8ses dentaires. Processus de fabrication des proth\u00e8ses.\" srcset=\"https:\/\/dentaltestlab.com\/wp-content\/uploads\/2025\/04\/Dental-Test-Lab-Team-Research-scaled.jpeg 2048w, https:\/\/dentaltestlab.com\/wp-content\/uploads\/2025\/04\/Dental-Test-Lab-Team-Research-300x200.jpeg 300w, https:\/\/dentaltestlab.com\/wp-content\/uploads\/2025\/04\/Dental-Test-Lab-Team-Research-1024x683.jpeg 1024w, https:\/\/dentaltestlab.com\/wp-content\/uploads\/2025\/04\/Dental-Test-Lab-Team-Research-768x512.jpeg 768w, https:\/\/dentaltestlab.com\/wp-content\/uploads\/2025\/04\/Dental-Test-Lab-Team-Research-1536x1025.jpeg 1536w\" sizes=\"(max-width: 2048px) 100vw, 2048px\" \/><\/figure>\n\n<\/div><\/div>\n<\/div>\n<\/div><div class=\"gb-container gb-container-44fbecae alignfull\">\n<div class=\"gb-container gb-container-f2fac5c3\">\n\n<h2 class=\"gb-headline gb-headline-c53f99ee gb-headline-text\">Ingr\u00e9dients de A \u00e0 Z<\/h2>\n\n<\/div>\n\n\n<div class=\"gb-grid-wrapper gb-grid-wrapper-159d4e7e gb-query-loop-wrapper\">\n<div class=\"gb-grid-column gb-grid-column-7531aa6f gb-query-loop-item post-13809 page type-page status-publish category-ingredients\"><div class=\"gb-container gb-container-7531aa6f\"><a class=\"gb-container-link\" href=\"https:\/\/dentaltestlab.com\/fr\/aloe-vera-en-hygiene-bucco-dentaire\/\"><\/a>\n<p class=\"gb-headline gb-headline-d4971ffc gb-headline-text\"><a href=\"https:\/\/dentaltestlab.com\/fr\/aloe-vera-en-hygiene-bucco-dentaire\/\">Aloe vera en hygi\u00e8ne bucco-dentaire : effets sur les gencives, la plaque et la muqueuse buccale \u2014 ce qui est d\u00e9montr\u00e9 (et ce qui ne l\u2019est pas)<\/a><\/p>\n<\/div><\/div>\n\n<div class=\"gb-grid-column gb-grid-column-7531aa6f gb-query-loop-item post-13808 page type-page status-publish category-ingredients\"><div class=\"gb-container gb-container-7531aa6f\"><a class=\"gb-container-link\" href=\"https:\/\/dentaltestlab.com\/fr\/huile-de-coco-en-hygiene-bucco-dentaire\/\"><\/a>\n<p class=\"gb-headline gb-headline-d4971ffc gb-headline-text\"><a href=\"https:\/\/dentaltestlab.com\/fr\/huile-de-coco-en-hygiene-bucco-dentaire\/\">Huile de coco en hygi\u00e8ne bucco-dentaire : effets, b\u00e9n\u00e9fices et risques de l\u2019\u00ab oil pulling \u00bb<\/a><\/p>\n<\/div><\/div>\n\n<div class=\"gb-grid-column gb-grid-column-7531aa6f gb-query-loop-item post-13807 page type-page status-publish category-ingredients\"><div class=\"gb-container gb-container-7531aa6f\"><a class=\"gb-container-link\" href=\"https:\/\/dentaltestlab.com\/fr\/dioxyde-de-chlore-clo2-dans-les-produits-de-blanchiment-dentaire\/\"><\/a>\n<p class=\"gb-headline gb-headline-d4971ffc gb-headline-text\"><a href=\"https:\/\/dentaltestlab.com\/fr\/dioxyde-de-chlore-clo2-dans-les-produits-de-blanchiment-dentaire\/\">Dioxyde de chlore (ClO2) dans les produits de blanchiment dentaire : effets, risques et pourquoi la prudence s\u2019impose<\/a><\/p>\n<\/div><\/div>\n\n<div class=\"gb-grid-column gb-grid-column-7531aa6f gb-query-loop-item post-13806 page type-page status-publish category-ingredients\"><div class=\"gb-container gb-container-7531aa6f\"><a class=\"gb-container-link\" href=\"https:\/\/dentaltestlab.com\/fr\/xylitol-en-hygiene-bucco-dentaire\/\"><\/a>\n<p class=\"gb-headline gb-headline-d4971ffc gb-headline-text\"><a href=\"https:\/\/dentaltestlab.com\/fr\/xylitol-en-hygiene-bucco-dentaire\/\">Xylitol en hygi\u00e8ne bucco-dentaire : effet sur les caries, la flore buccale et pourquoi \u00ab sans sucre \u00bb ne veut pas automatiquement dire \u00ab bon pour les dents \u00bb<\/a><\/p>\n<\/div><\/div>\n\n<div class=\"gb-grid-column gb-grid-column-7531aa6f gb-query-loop-item post-13805 page type-page status-publish category-ingredients\"><div class=\"gb-container gb-container-7531aa6f\"><a class=\"gb-container-link\" href=\"https:\/\/dentaltestlab.com\/fr\/nitrate-de-potassium-en-hygiene-bucco-dentaire\/\"><\/a>\n<p class=\"gb-headline gb-headline-d4971ffc gb-headline-text\"><a href=\"https:\/\/dentaltestlab.com\/fr\/nitrate-de-potassium-en-hygiene-bucco-dentaire\/\">Nitrate de potassium en hygi\u00e8ne bucco-dentaire : effet sur les dents sensibles, usage en contexte de whitening et s\u00e9curit\u00e9<\/a><\/p>\n<\/div><\/div>\n\n<div class=\"gb-grid-column gb-grid-column-7531aa6f gb-query-loop-item post-13804 page type-page status-publish category-ingredients\"><div class=\"gb-container gb-container-7531aa6f\"><a class=\"gb-container-link\" href=\"https:\/\/dentaltestlab.com\/fr\/charbon-actif-dans-les-dentifrices-et-les-poudres-de-blanchiment\/\"><\/a>\n<p class=\"gb-headline gb-headline-d4971ffc gb-headline-text\"><a href=\"https:\/\/dentaltestlab.com\/fr\/charbon-actif-dans-les-dentifrices-et-les-poudres-de-blanchiment\/\">Charbon actif dans les dentifrices et les poudres de blanchiment : effets, risques et ce que montrent r\u00e9ellement les \u00e9tudes<\/a><\/p>\n<\/div><\/div>\n<\/div>\n\n<\/div><div class=\"gb-container gb-container-2661f47c alignfull\">\n<div class=\"gb-container gb-container-40a5fdad\">\n\n<h2 class=\"gb-headline gb-headline-bb427d49 gb-headline-text\">Rapports d&rsquo;essais actuels<\/h2>\n\n<\/div>\n\n\n<div class=\"gb-grid-wrapper gb-grid-wrapper-8dda9ca0 gb-query-loop-wrapper\">\n<div class=\"gb-grid-column gb-grid-column-2eea34cf gb-query-loop-item post-13649 page type-page status-publish has-post-thumbnail category-rapports-de-test\"><div class=\"gb-container gb-container-2eea34cf\"><a class=\"gb-container-link\" href=\"https:\/\/dentaltestlab.com\/fr\/les-produits-de-blanchiment-dentaire-les-plus-efficaces-et-les-plus-surs\/\"><\/a>\n<figure class=\"gb-block-image gb-block-image-b9a3bb6b\"><img decoding=\"async\" width=\"2048\" height=\"1363\" src=\"https:\/\/dentaltestlab.com\/wp-content\/uploads\/2025\/07\/Zahnaufheller-Sets-im-Test-bei-Dental-Test-Lab-2-scaled.jpg\" class=\"gb-image-b9a3bb6b\" alt=\"Zahnaufheller Sets im Test bei Dental Test Lab 2\" srcset=\"https:\/\/dentaltestlab.com\/wp-content\/uploads\/2025\/07\/Zahnaufheller-Sets-im-Test-bei-Dental-Test-Lab-2-scaled.jpg 2048w, https:\/\/dentaltestlab.com\/wp-content\/uploads\/2025\/07\/Zahnaufheller-Sets-im-Test-bei-Dental-Test-Lab-2-300x200.jpg 300w, https:\/\/dentaltestlab.com\/wp-content\/uploads\/2025\/07\/Zahnaufheller-Sets-im-Test-bei-Dental-Test-Lab-2-1024x681.jpg 1024w, https:\/\/dentaltestlab.com\/wp-content\/uploads\/2025\/07\/Zahnaufheller-Sets-im-Test-bei-Dental-Test-Lab-2-768x511.jpg 768w, https:\/\/dentaltestlab.com\/wp-content\/uploads\/2025\/07\/Zahnaufheller-Sets-im-Test-bei-Dental-Test-Lab-2-1536x1022.jpg 1536w\" sizes=\"(max-width: 2048px) 100vw, 2048px\" \/><\/figure>\n\n<p class=\"gb-headline gb-headline-9f493216 gb-headline-text\"><a href=\"https:\/\/dentaltestlab.com\/fr\/les-produits-de-blanchiment-dentaire-les-plus-efficaces-et-les-plus-surs\/\">10 produits jug\u00e9s \u00ab\u202finqui\u00e9tants\u202f\u00bb\u202f: les 5 produits de blanchiment dentaire les plus efficaces et les plus s\u00fbrs en 2026<\/a><\/p>\n<\/div><\/div>\n<\/div>\n\n<\/div>","protected":false},"excerpt":{"rendered":"<p>Ingr\u00e9dients de A \u00e0 Z Rapports d&rsquo;essais actuels<\/p>\n","protected":false},"author":1,"featured_media":0,"parent":0,"menu_order":0,"comment_status":"closed","ping_status":"closed","template":"","meta":{"_lmt_disableupdate":"","_lmt_disable":"","footnotes":""},"categories":[],"tags":[],"class_list":["post-13481","page","type-page","status-publish"],"yoast_head":"<!-- This site is optimized with the Yoast SEO plugin v27.4 - https:\/\/yoast.com\/product\/yoast-seo-wordpress\/ -->\n<title>Bienvenue sur Dental Test Lab. | Dental Test Lab<\/title>\n<meta name=\"robots\" content=\"index, follow, max-snippet:-1, max-image-preview:large, max-video-preview:-1\" \/>\n<link rel=\"canonical\" href=\"https:\/\/dentaltestlab.com\/fr\/\" \/>\n<meta property=\"og:locale\" content=\"fr_FR\" \/>\n<meta property=\"og:type\" content=\"article\" \/>\n<meta property=\"og:title\" content=\"Bienvenue sur Dental Test Lab. | Dental Test Lab\" \/>\n<meta property=\"og:description\" content=\"Ingr\u00e9dients de A \u00e0 Z Rapports d&rsquo;essais actuels\" \/>\n<meta property=\"og:url\" content=\"https:\/\/dentaltestlab.com\/fr\/\" \/>\n<meta property=\"og:site_name\" content=\"Dental Test Lab\" \/>\n<meta property=\"article:modified_time\" content=\"2025-12-18T20:08:39+00:00\" \/>\n<meta property=\"og:image\" content=\"https:\/\/dentaltestlab.com\/wp-content\/uploads\/2025\/04\/Dental-Test-Lab-Team-Research-scaled.jpeg\" \/>\n<script type=\"application\/ld+json\" class=\"yoast-schema-graph\">{\"@context\":\"https:\\\/\\\/schema.org\",\"@graph\":[{\"@type\":\"WebPage\",\"@id\":\"https:\\\/\\\/dentaltestlab.com\\\/fr\\\/\",\"url\":\"https:\\\/\\\/dentaltestlab.com\\\/fr\\\/\",\"name\":\"Bienvenue sur Dental Test Lab. | Dental Test Lab\",\"isPartOf\":{\"@id\":\"https:\\\/\\\/dentaltestlab.com\\\/fr\\\/#website\"},\"primaryImageOfPage\":{\"@id\":\"https:\\\/\\\/dentaltestlab.com\\\/fr\\\/#primaryimage\"},\"image\":{\"@id\":\"https:\\\/\\\/dentaltestlab.com\\\/fr\\\/#primaryimage\"},\"thumbnailUrl\":\"https:\\\/\\\/dentaltestlab.com\\\/wp-content\\\/uploads\\\/2025\\\/04\\\/Dental-Test-Lab-Team-Research-scaled.jpeg\",\"datePublished\":\"2023-12-22T13:18:05+00:00\",\"dateModified\":\"2025-12-18T20:08:39+00:00\",\"breadcrumb\":{\"@id\":\"https:\\\/\\\/dentaltestlab.com\\\/fr\\\/#breadcrumb\"},\"inLanguage\":\"fr-FR\",\"potentialAction\":[{\"@type\":\"ReadAction\",\"target\":[\"https:\\\/\\\/dentaltestlab.com\\\/fr\\\/\"]}]},{\"@type\":\"ImageObject\",\"inLanguage\":\"fr-FR\",\"@id\":\"https:\\\/\\\/dentaltestlab.com\\\/fr\\\/#primaryimage\",\"url\":\"https:\\\/\\\/dentaltestlab.com\\\/wp-content\\\/uploads\\\/2025\\\/04\\\/Dental-Test-Lab-Team-Research-scaled.jpeg\",\"contentUrl\":\"https:\\\/\\\/dentaltestlab.com\\\/wp-content\\\/uploads\\\/2025\\\/04\\\/Dental-Test-Lab-Team-Research-scaled.jpeg\"},{\"@type\":\"BreadcrumbList\",\"@id\":\"https:\\\/\\\/dentaltestlab.com\\\/fr\\\/#breadcrumb\",\"itemListElement\":[{\"@type\":\"ListItem\",\"position\":1,\"name\":\"Dental Test Lab\",\"item\":\"https:\\\/\\\/dentaltestlab.com\\\/fr\\\/\"},{\"@type\":\"ListItem\",\"position\":2,\"name\":\"Bienvenue sur Dental Test Lab.\"}]},{\"@type\":\"WebSite\",\"@id\":\"https:\\\/\\\/dentaltestlab.com\\\/fr\\\/#website\",\"url\":\"https:\\\/\\\/dentaltestlab.com\\\/fr\\\/\",\"name\":\"Dental Test Lab\",\"description\":\"\",\"publisher\":{\"@id\":\"https:\\\/\\\/dentaltestlab.com\\\/fr\\\/#organization\"},\"potentialAction\":[{\"@type\":\"SearchAction\",\"target\":{\"@type\":\"EntryPoint\",\"urlTemplate\":\"https:\\\/\\\/dentaltestlab.com\\\/fr\\\/?s={search_term_string}\"},\"query-input\":{\"@type\":\"PropertyValueSpecification\",\"valueRequired\":true,\"valueName\":\"search_term_string\"}}],\"inLanguage\":\"fr-FR\"},{\"@type\":\"Organization\",\"@id\":\"https:\\\/\\\/dentaltestlab.com\\\/fr\\\/#organization\",\"name\":\"Dental Test Lab\",\"url\":\"https:\\\/\\\/dentaltestlab.com\\\/fr\\\/\",\"logo\":{\"@type\":\"ImageObject\",\"inLanguage\":\"fr-FR\",\"@id\":\"https:\\\/\\\/dentaltestlab.com\\\/fr\\\/#\\\/schema\\\/logo\\\/image\\\/\",\"url\":\"https:\\\/\\\/dentaltestlab.com\\\/wp-content\\\/uploads\\\/2023\\\/10\\\/cropped-THE-DERMA-CHECK-FAVICON-NEW-1.png\",\"contentUrl\":\"https:\\\/\\\/dentaltestlab.com\\\/wp-content\\\/uploads\\\/2023\\\/10\\\/cropped-THE-DERMA-CHECK-FAVICON-NEW-1.png\",\"width\":512,\"height\":512,\"caption\":\"Dental Test Lab\"},\"image\":{\"@id\":\"https:\\\/\\\/dentaltestlab.com\\\/fr\\\/#\\\/schema\\\/logo\\\/image\\\/\"}}]}<\/script>\n<!-- \/ Yoast SEO plugin. -->","yoast_head_json":{"title":"Bienvenue sur Dental Test Lab. | Dental Test Lab","robots":{"index":"index","follow":"follow","max-snippet":"max-snippet:-1","max-image-preview":"max-image-preview:large","max-video-preview":"max-video-preview:-1"},"canonical":"https:\/\/dentaltestlab.com\/fr\/","og_locale":"fr_FR","og_type":"article","og_title":"Bienvenue sur Dental Test Lab. | Dental Test Lab","og_description":"Ingr\u00e9dients de A \u00e0 Z Rapports d&rsquo;essais actuels","og_url":"https:\/\/dentaltestlab.com\/fr\/","og_site_name":"Dental Test Lab","article_modified_time":"2025-12-18T20:08:39+00:00","og_image":[{"url":"https:\/\/dentaltestlab.com\/wp-content\/uploads\/2025\/04\/Dental-Test-Lab-Team-Research-scaled.jpeg","type":"","width":"","height":""}],"schema":{"@context":"https:\/\/schema.org","@graph":[{"@type":"WebPage","@id":"https:\/\/dentaltestlab.com\/fr\/","url":"https:\/\/dentaltestlab.com\/fr\/","name":"Bienvenue sur Dental Test Lab. | Dental Test Lab","isPartOf":{"@id":"https:\/\/dentaltestlab.com\/fr\/#website"},"primaryImageOfPage":{"@id":"https:\/\/dentaltestlab.com\/fr\/#primaryimage"},"image":{"@id":"https:\/\/dentaltestlab.com\/fr\/#primaryimage"},"thumbnailUrl":"https:\/\/dentaltestlab.com\/wp-content\/uploads\/2025\/04\/Dental-Test-Lab-Team-Research-scaled.jpeg","datePublished":"2023-12-22T13:18:05+00:00","dateModified":"2025-12-18T20:08:39+00:00","breadcrumb":{"@id":"https:\/\/dentaltestlab.com\/fr\/#breadcrumb"},"inLanguage":"fr-FR","potentialAction":[{"@type":"ReadAction","target":["https:\/\/dentaltestlab.com\/fr\/"]}]},{"@type":"ImageObject","inLanguage":"fr-FR","@id":"https:\/\/dentaltestlab.com\/fr\/#primaryimage","url":"https:\/\/dentaltestlab.com\/wp-content\/uploads\/2025\/04\/Dental-Test-Lab-Team-Research-scaled.jpeg","contentUrl":"https:\/\/dentaltestlab.com\/wp-content\/uploads\/2025\/04\/Dental-Test-Lab-Team-Research-scaled.jpeg"},{"@type":"BreadcrumbList","@id":"https:\/\/dentaltestlab.com\/fr\/#breadcrumb","itemListElement":[{"@type":"ListItem","position":1,"name":"Dental Test Lab","item":"https:\/\/dentaltestlab.com\/fr\/"},{"@type":"ListItem","position":2,"name":"Bienvenue sur Dental Test Lab."}]},{"@type":"WebSite","@id":"https:\/\/dentaltestlab.com\/fr\/#website","url":"https:\/\/dentaltestlab.com\/fr\/","name":"Dental Test Lab","description":"","publisher":{"@id":"https:\/\/dentaltestlab.com\/fr\/#organization"},"potentialAction":[{"@type":"SearchAction","target":{"@type":"EntryPoint","urlTemplate":"https:\/\/dentaltestlab.com\/fr\/?s={search_term_string}"},"query-input":{"@type":"PropertyValueSpecification","valueRequired":true,"valueName":"search_term_string"}}],"inLanguage":"fr-FR"},{"@type":"Organization","@id":"https:\/\/dentaltestlab.com\/fr\/#organization","name":"Dental Test Lab","url":"https:\/\/dentaltestlab.com\/fr\/","logo":{"@type":"ImageObject","inLanguage":"fr-FR","@id":"https:\/\/dentaltestlab.com\/fr\/#\/schema\/logo\/image\/","url":"https:\/\/dentaltestlab.com\/wp-content\/uploads\/2023\/10\/cropped-THE-DERMA-CHECK-FAVICON-NEW-1.png","contentUrl":"https:\/\/dentaltestlab.com\/wp-content\/uploads\/2023\/10\/cropped-THE-DERMA-CHECK-FAVICON-NEW-1.png","width":512,"height":512,"caption":"Dental Test Lab"},"image":{"@id":"https:\/\/dentaltestlab.com\/fr\/#\/schema\/logo\/image\/"}}]}},"_links":{"self":[{"href":"https:\/\/dentaltestlab.com\/fr\/wp-json\/wp\/v2\/pages\/13481","targetHints":{"allow":["GET"]}}],"collection":[{"href":"https:\/\/dentaltestlab.com\/fr\/wp-json\/wp\/v2\/pages"}],"about":[{"href":"https:\/\/dentaltestlab.com\/fr\/wp-json\/wp\/v2\/types\/page"}],"author":[{"embeddable":true,"href":"https:\/\/dentaltestlab.com\/fr\/wp-json\/wp\/v2\/users\/1"}],"replies":[{"embeddable":true,"href":"https:\/\/dentaltestlab.com\/fr\/wp-json\/wp\/v2\/comments?post=13481"}],"version-history":[{"count":2,"href":"https:\/\/dentaltestlab.com\/fr\/wp-json\/wp\/v2\/pages\/13481\/revisions"}],"predecessor-version":[{"id":13524,"href":"https:\/\/dentaltestlab.com\/fr\/wp-json\/wp\/v2\/pages\/13481\/revisions\/13524"}],"wp:attachment":[{"href":"https:\/\/dentaltestlab.com\/fr\/wp-json\/wp\/v2\/media?parent=13481"}],"wp:term":[{"taxonomy":"category","embeddable":true,"href":"https:\/\/dentaltestlab.com\/fr\/wp-json\/wp\/v2\/categories?post=13481"},{"taxonomy":"post_tag","embeddable":true,"href":"https:\/\/dentaltestlab.com\/fr\/wp-json\/wp\/v2\/tags?post=13481"}],"curies":[{"name":"wp","href":"https:\/\/api.w.org\/{rel}","templated":true}]}}