{"id":13493,"date":"2023-12-21T14:14:10","date_gmt":"2023-12-21T14:14:10","guid":{"rendered":"https:\/\/dentaltestlab.com\/contactez-nous\/"},"modified":"2025-12-18T20:08:36","modified_gmt":"2025-12-18T20:08:36","slug":"contactez-nous","status":"publish","type":"page","link":"https:\/\/dentaltestlab.com\/fr\/contactez-nous\/","title":{"rendered":"Contactez-nous"},"content":{"rendered":"<div class=\"gb-container gb-container-4742cc5d alignfull\">\n<div class=\"gb-container gb-container-96eaf3e2\">\n<h1 class=\"gb-headline gb-headline-829851c6 gb-headline-text\">Contactez-nous<\/h1>\n\n\n<p class=\"gb-headline gb-headline-443652d4 gb-headline-text\">Chez <strong>Dental Test Lab<\/strong>, nous accordons une grande importance \u00e0 une communication ouverte et honn\u00eate avec notre communaut\u00e9. Vos questions, suggestions et id\u00e9es nous aident \u00e0 d\u00e9velopper et \u00e0 am\u00e9liorer continuellement nos offres.  <\/p>\n\n<\/div>\n<\/div><div class=\"gb-container gb-container-6c7c8f9f\">\n<figure class=\"gb-block-image gb-block-image-9b290b03\"><img decoding=\"async\" width=\"1536\" height=\"1024\" src=\"https:\/\/dentaltestlab.com\/wp-content\/uploads\/2025\/04\/Dental-Test-Lab.png\" class=\"gb-image-9b290b03\" alt=\"Dental Test Lab\" srcset=\"https:\/\/dentaltestlab.com\/wp-content\/uploads\/2025\/04\/Dental-Test-Lab.png 1536w, https:\/\/dentaltestlab.com\/wp-content\/uploads\/2025\/04\/Dental-Test-Lab-300x200.png 300w, https:\/\/dentaltestlab.com\/wp-content\/uploads\/2025\/04\/Dental-Test-Lab-1024x683.png 1024w, https:\/\/dentaltestlab.com\/wp-content\/uploads\/2025\/04\/Dental-Test-Lab-768x512.png 768w\" sizes=\"(max-width: 1536px) 100vw, 1536px\" \/><\/figure>\n<\/div>\n<p><strong>Comment nous joindre<\/strong><\/p>\n\n<p>Pour nous assurer que votre demande parvienne rapidement \u00e0 la bonne personne, nous avons mis en place diff\u00e9rentes options de contact pour vous\u00a0:<\/p>\n\n<ul class=\"wp-block-list\">\n<li><strong>Commentaires et suggestions\u00a0:<\/strong><br \/>Votre opinion est importante pour nous\u00a0! Qu\u2019il s\u2019agisse de nos rapports de test, de nos m\u00e9thodes de test ou de sujets g\u00e9n\u00e9raux, veuillez nous \u00e9crire \u00e0 feedback@dentaltestlab.com. Chaque commentaire contribue \u00e0 am\u00e9liorer notre plateforme.   <\/li>\n\n\n\n<li><strong>Coop\u00e9rations et partenariats\u00a0:<\/strong><br \/>Vous souhaitez collaborer avec nous ou faire tester votre produit par nos soins\u00a0? Nous sommes ouverts aux collaborations int\u00e9ressantes. Contactez-nous \u00e0 <a>cooperation@dentaltestlab.com<\/a> pour les partenariats et les demandes commerciales.   <\/li>\n\n\n\n<li><strong>Carri\u00e8re et emplois\u00a0:<\/strong><br \/>Dental Test Lab est en pleine croissance et nous sommes ouverts aux candidatures spontan\u00e9es de talents d\u00e9vou\u00e9s. Si vous souhaitez faire partie de notre \u00e9quipe, veuillez envoyer votre candidature \u00e0 <a>jobs@dentaltestlab.com<\/a>.  <\/li>\n\n\n\n<li><strong>Demandes g\u00e9n\u00e9rales\u00a0:<\/strong><br \/>Pour toutes les autres questions et pr\u00e9occupations, notre \u00e9quipe est disponible \u00e0 l\u2019adresse <a>info@dentaltestlab.com<\/a>. Nous vous r\u00e9pondrons dans les plus brefs d\u00e9lais.  <\/li>\n<\/ul>\n\n<p><strong>Votre voix compte\u00a0!<\/strong><\/p>\n\n<p>Qu\u2019il s\u2019agisse d\u2019\u00e9loges, de critiques ou simplement d\u2019une question\u00a0: nous appr\u00e9cions chaque message et accordons une grande importance au dialogue avec notre communaut\u00e9. Ensemble, nous veillons \u00e0 ce que les soins dentaires deviennent plus transparents, plus s\u00fbrs et plus faciles \u00e0 comprendre.  <\/p>\n\n<p><strong>Dental Test Lab \u2013 Votre partenaire pour des tests de produits \u00e9tudi\u00e9s de mani\u00e8re approfondie et des informations claires sur le blanchiment des dents et la sant\u00e9 dentaire.<\/strong><\/p>\n","protected":false},"excerpt":{"rendered":"<p>Contactez-nous Chez Dental Test Lab, nous accordons une grande importance \u00e0 une communication ouverte et honn\u00eate avec notre communaut\u00e9. Vos questions, suggestions et id\u00e9es nous aident \u00e0 d\u00e9velopper et \u00e0 am\u00e9liorer continuellement nos offres. Comment nous joindre Pour nous assurer que votre demande parvienne rapidement \u00e0 la bonne personne, nous avons mis en place diff\u00e9rentes &#8230; <a title=\"Contactez-nous\" class=\"read-more\" href=\"https:\/\/dentaltestlab.com\/fr\/contactez-nous\/\" aria-label=\"En savoir plus sur Contactez-nous\">Mehr erfahren<\/a><\/p>\n","protected":false},"author":1,"featured_media":13487,"parent":0,"menu_order":0,"comment_status":"closed","ping_status":"closed","template":"","meta":{"_lmt_disableupdate":"","_lmt_disable":"","footnotes":""},"categories":[],"tags":[],"class_list":["post-13493","page","type-page","status-publish","has-post-thumbnail"],"yoast_head":"<!-- This site is optimized with the Yoast SEO plugin v27.4 - https:\/\/yoast.com\/product\/yoast-seo-wordpress\/ -->\n<title>Contactez-nous | Dental Test Lab<\/title>\n<meta name=\"robots\" content=\"index, follow, max-snippet:-1, max-image-preview:large, max-video-preview:-1\" \/>\n<link rel=\"canonical\" href=\"https:\/\/dentaltestlab.com\/fr\/contactez-nous\/\" \/>\n<meta property=\"og:locale\" content=\"fr_FR\" \/>\n<meta property=\"og:type\" content=\"article\" \/>\n<meta property=\"og:title\" content=\"Contactez-nous | Dental Test Lab\" \/>\n<meta property=\"og:description\" content=\"Contactez-nous Chez Dental Test Lab, nous accordons une grande importance \u00e0 une communication ouverte et honn\u00eate avec notre communaut\u00e9. Vos questions, suggestions et id\u00e9es nous aident \u00e0 d\u00e9velopper et \u00e0 am\u00e9liorer continuellement nos offres. Comment nous joindre Pour nous assurer que votre demande parvienne rapidement \u00e0 la bonne personne, nous avons mis en place diff\u00e9rentes ... Mehr erfahren\" \/>\n<meta property=\"og:url\" content=\"https:\/\/dentaltestlab.com\/fr\/contactez-nous\/\" \/>\n<meta property=\"og:site_name\" content=\"Dental Test Lab\" \/>\n<meta property=\"article:modified_time\" content=\"2025-12-18T20:08:36+00:00\" \/>\n<meta property=\"og:image\" content=\"https:\/\/dentaltestlab.com\/wp-content\/uploads\/2025\/04\/Dental-Test-Lab.png\" \/>\n\t<meta property=\"og:image:width\" content=\"1536\" \/>\n\t<meta property=\"og:image:height\" content=\"1024\" \/>\n\t<meta property=\"og:image:type\" content=\"image\/png\" \/>\n<script type=\"application\/ld+json\" class=\"yoast-schema-graph\">{\"@context\":\"https:\\\/\\\/schema.org\",\"@graph\":[{\"@type\":\"WebPage\",\"@id\":\"https:\\\/\\\/dentaltestlab.com\\\/fr\\\/contactez-nous\\\/\",\"url\":\"https:\\\/\\\/dentaltestlab.com\\\/fr\\\/contactez-nous\\\/\",\"name\":\"Contactez-nous | Dental Test Lab\",\"isPartOf\":{\"@id\":\"https:\\\/\\\/dentaltestlab.com\\\/fr\\\/#website\"},\"primaryImageOfPage\":{\"@id\":\"https:\\\/\\\/dentaltestlab.com\\\/fr\\\/contactez-nous\\\/#primaryimage\"},\"image\":{\"@id\":\"https:\\\/\\\/dentaltestlab.com\\\/fr\\\/contactez-nous\\\/#primaryimage\"},\"thumbnailUrl\":\"https:\\\/\\\/dentaltestlab.com\\\/wp-content\\\/uploads\\\/2025\\\/04\\\/Dental-Test-Lab.png\",\"datePublished\":\"2023-12-21T14:14:10+00:00\",\"dateModified\":\"2025-12-18T20:08:36+00:00\",\"breadcrumb\":{\"@id\":\"https:\\\/\\\/dentaltestlab.com\\\/fr\\\/contactez-nous\\\/#breadcrumb\"},\"inLanguage\":\"fr-FR\",\"potentialAction\":[{\"@type\":\"ReadAction\",\"target\":[\"https:\\\/\\\/dentaltestlab.com\\\/fr\\\/contactez-nous\\\/\"]}]},{\"@type\":\"ImageObject\",\"inLanguage\":\"fr-FR\",\"@id\":\"https:\\\/\\\/dentaltestlab.com\\\/fr\\\/contactez-nous\\\/#primaryimage\",\"url\":\"https:\\\/\\\/dentaltestlab.com\\\/wp-content\\\/uploads\\\/2025\\\/04\\\/Dental-Test-Lab.png\",\"contentUrl\":\"https:\\\/\\\/dentaltestlab.com\\\/wp-content\\\/uploads\\\/2025\\\/04\\\/Dental-Test-Lab.png\",\"width\":1536,\"height\":1024,\"caption\":\"Dental Test Lab\"},{\"@type\":\"BreadcrumbList\",\"@id\":\"https:\\\/\\\/dentaltestlab.com\\\/fr\\\/contactez-nous\\\/#breadcrumb\",\"itemListElement\":[{\"@type\":\"ListItem\",\"position\":1,\"name\":\"Dental Test Lab\",\"item\":\"https:\\\/\\\/dentaltestlab.com\\\/fr\\\/\"},{\"@type\":\"ListItem\",\"position\":2,\"name\":\"Contactez-nous\"}]},{\"@type\":\"WebSite\",\"@id\":\"https:\\\/\\\/dentaltestlab.com\\\/fr\\\/#website\",\"url\":\"https:\\\/\\\/dentaltestlab.com\\\/fr\\\/\",\"name\":\"Dental Test Lab\",\"description\":\"\",\"publisher\":{\"@id\":\"https:\\\/\\\/dentaltestlab.com\\\/fr\\\/#organization\"},\"potentialAction\":[{\"@type\":\"SearchAction\",\"target\":{\"@type\":\"EntryPoint\",\"urlTemplate\":\"https:\\\/\\\/dentaltestlab.com\\\/fr\\\/?s={search_term_string}\"},\"query-input\":{\"@type\":\"PropertyValueSpecification\",\"valueRequired\":true,\"valueName\":\"search_term_string\"}}],\"inLanguage\":\"fr-FR\"},{\"@type\":\"Organization\",\"@id\":\"https:\\\/\\\/dentaltestlab.com\\\/fr\\\/#organization\",\"name\":\"Dental Test Lab\",\"url\":\"https:\\\/\\\/dentaltestlab.com\\\/fr\\\/\",\"logo\":{\"@type\":\"ImageObject\",\"inLanguage\":\"fr-FR\",\"@id\":\"https:\\\/\\\/dentaltestlab.com\\\/fr\\\/#\\\/schema\\\/logo\\\/image\\\/\",\"url\":\"https:\\\/\\\/dentaltestlab.com\\\/wp-content\\\/uploads\\\/2023\\\/10\\\/cropped-THE-DERMA-CHECK-FAVICON-NEW-1.png\",\"contentUrl\":\"https:\\\/\\\/dentaltestlab.com\\\/wp-content\\\/uploads\\\/2023\\\/10\\\/cropped-THE-DERMA-CHECK-FAVICON-NEW-1.png\",\"width\":512,\"height\":512,\"caption\":\"Dental Test Lab\"},\"image\":{\"@id\":\"https:\\\/\\\/dentaltestlab.com\\\/fr\\\/#\\\/schema\\\/logo\\\/image\\\/\"}}]}<\/script>\n<!-- \/ Yoast SEO plugin. -->","yoast_head_json":{"title":"Contactez-nous | Dental Test Lab","robots":{"index":"index","follow":"follow","max-snippet":"max-snippet:-1","max-image-preview":"max-image-preview:large","max-video-preview":"max-video-preview:-1"},"canonical":"https:\/\/dentaltestlab.com\/fr\/contactez-nous\/","og_locale":"fr_FR","og_type":"article","og_title":"Contactez-nous | Dental Test Lab","og_description":"Contactez-nous Chez Dental Test Lab, nous accordons une grande importance \u00e0 une communication ouverte et honn\u00eate avec notre communaut\u00e9. Vos questions, suggestions et id\u00e9es nous aident \u00e0 d\u00e9velopper et \u00e0 am\u00e9liorer continuellement nos offres. Comment nous joindre Pour nous assurer que votre demande parvienne rapidement \u00e0 la bonne personne, nous avons mis en place diff\u00e9rentes ... Mehr erfahren","og_url":"https:\/\/dentaltestlab.com\/fr\/contactez-nous\/","og_site_name":"Dental Test Lab","article_modified_time":"2025-12-18T20:08:36+00:00","og_image":[{"width":1536,"height":1024,"url":"https:\/\/dentaltestlab.com\/wp-content\/uploads\/2025\/04\/Dental-Test-Lab.png","type":"image\/png"}],"schema":{"@context":"https:\/\/schema.org","@graph":[{"@type":"WebPage","@id":"https:\/\/dentaltestlab.com\/fr\/contactez-nous\/","url":"https:\/\/dentaltestlab.com\/fr\/contactez-nous\/","name":"Contactez-nous | Dental Test Lab","isPartOf":{"@id":"https:\/\/dentaltestlab.com\/fr\/#website"},"primaryImageOfPage":{"@id":"https:\/\/dentaltestlab.com\/fr\/contactez-nous\/#primaryimage"},"image":{"@id":"https:\/\/dentaltestlab.com\/fr\/contactez-nous\/#primaryimage"},"thumbnailUrl":"https:\/\/dentaltestlab.com\/wp-content\/uploads\/2025\/04\/Dental-Test-Lab.png","datePublished":"2023-12-21T14:14:10+00:00","dateModified":"2025-12-18T20:08:36+00:00","breadcrumb":{"@id":"https:\/\/dentaltestlab.com\/fr\/contactez-nous\/#breadcrumb"},"inLanguage":"fr-FR","potentialAction":[{"@type":"ReadAction","target":["https:\/\/dentaltestlab.com\/fr\/contactez-nous\/"]}]},{"@type":"ImageObject","inLanguage":"fr-FR","@id":"https:\/\/dentaltestlab.com\/fr\/contactez-nous\/#primaryimage","url":"https:\/\/dentaltestlab.com\/wp-content\/uploads\/2025\/04\/Dental-Test-Lab.png","contentUrl":"https:\/\/dentaltestlab.com\/wp-content\/uploads\/2025\/04\/Dental-Test-Lab.png","width":1536,"height":1024,"caption":"Dental Test Lab"},{"@type":"BreadcrumbList","@id":"https:\/\/dentaltestlab.com\/fr\/contactez-nous\/#breadcrumb","itemListElement":[{"@type":"ListItem","position":1,"name":"Dental Test Lab","item":"https:\/\/dentaltestlab.com\/fr\/"},{"@type":"ListItem","position":2,"name":"Contactez-nous"}]},{"@type":"WebSite","@id":"https:\/\/dentaltestlab.com\/fr\/#website","url":"https:\/\/dentaltestlab.com\/fr\/","name":"Dental Test Lab","description":"","publisher":{"@id":"https:\/\/dentaltestlab.com\/fr\/#organization"},"potentialAction":[{"@type":"SearchAction","target":{"@type":"EntryPoint","urlTemplate":"https:\/\/dentaltestlab.com\/fr\/?s={search_term_string}"},"query-input":{"@type":"PropertyValueSpecification","valueRequired":true,"valueName":"search_term_string"}}],"inLanguage":"fr-FR"},{"@type":"Organization","@id":"https:\/\/dentaltestlab.com\/fr\/#organization","name":"Dental Test Lab","url":"https:\/\/dentaltestlab.com\/fr\/","logo":{"@type":"ImageObject","inLanguage":"fr-FR","@id":"https:\/\/dentaltestlab.com\/fr\/#\/schema\/logo\/image\/","url":"https:\/\/dentaltestlab.com\/wp-content\/uploads\/2023\/10\/cropped-THE-DERMA-CHECK-FAVICON-NEW-1.png","contentUrl":"https:\/\/dentaltestlab.com\/wp-content\/uploads\/2023\/10\/cropped-THE-DERMA-CHECK-FAVICON-NEW-1.png","width":512,"height":512,"caption":"Dental Test Lab"},"image":{"@id":"https:\/\/dentaltestlab.com\/fr\/#\/schema\/logo\/image\/"}}]}},"_links":{"self":[{"href":"https:\/\/dentaltestlab.com\/fr\/wp-json\/wp\/v2\/pages\/13493","targetHints":{"allow":["GET"]}}],"collection":[{"href":"https:\/\/dentaltestlab.com\/fr\/wp-json\/wp\/v2\/pages"}],"about":[{"href":"https:\/\/dentaltestlab.com\/fr\/wp-json\/wp\/v2\/types\/page"}],"author":[{"embeddable":true,"href":"https:\/\/dentaltestlab.com\/fr\/wp-json\/wp\/v2\/users\/1"}],"replies":[{"embeddable":true,"href":"https:\/\/dentaltestlab.com\/fr\/wp-json\/wp\/v2\/comments?post=13493"}],"version-history":[{"count":2,"href":"https:\/\/dentaltestlab.com\/fr\/wp-json\/wp\/v2\/pages\/13493\/revisions"}],"predecessor-version":[{"id":13497,"href":"https:\/\/dentaltestlab.com\/fr\/wp-json\/wp\/v2\/pages\/13493\/revisions\/13497"}],"wp:featuredmedia":[{"embeddable":true,"href":"https:\/\/dentaltestlab.com\/fr\/wp-json\/wp\/v2\/media\/13487"}],"wp:attachment":[{"href":"https:\/\/dentaltestlab.com\/fr\/wp-json\/wp\/v2\/media?parent=13493"}],"wp:term":[{"taxonomy":"category","embeddable":true,"href":"https:\/\/dentaltestlab.com\/fr\/wp-json\/wp\/v2\/categories?post=13493"},{"taxonomy":"post_tag","embeddable":true,"href":"https:\/\/dentaltestlab.com\/fr\/wp-json\/wp\/v2\/tags?post=13493"}],"curies":[{"name":"wp","href":"https:\/\/api.w.org\/{rel}","templated":true}]}}