{"id":13498,"date":"2023-12-14T21:29:25","date_gmt":"2023-12-14T21:29:25","guid":{"rendered":"https:\/\/dentaltestlab.com\/a-propos-de-nous\/"},"modified":"2025-12-18T20:53:37","modified_gmt":"2025-12-18T20:53:37","slug":"a-propos-de-nous","status":"publish","type":"page","link":"https:\/\/dentaltestlab.com\/fr\/a-propos-de-nous\/","title":{"rendered":"\u00c0 propos de nous"},"content":{"rendered":"<div class=\"gb-container gb-container-4742cc5d alignfull\">\n<div class=\"gb-container gb-container-96eaf3e2\">\n<h1 class=\"gb-headline gb-headline-829851c6 gb-headline-text\">\u00c0 propos de nous<\/h1>\n\n\n<p class=\"gb-headline gb-headline-443652d4 gb-headline-text\">Quand la pr\u00e9cision scientifique rencontre une solide exp\u00e9rience de terrain, vous \u00eates au bon endroit chez Dental Test Lab. Notre objectif : des tests de produits informatifs et fond\u00e9s sur les faits, qui vous servent de boussole fiable dans le domaine de l\u2019hygi\u00e8ne bucco-dentaire et de l\u2019esth\u00e9tique dentaire.<\/p>\n\n<\/div>\n<\/div>\n\n<div class=\"gb-container gb-container-6c7c8f9f\">\n<figure class=\"gb-block-image gb-block-image-9b290b03\"><img decoding=\"async\" width=\"1536\" height=\"1024\" src=\"https:\/\/dentaltestlab.com\/wp-content\/uploads\/2025\/04\/Redaktionelle-Richtlinien.png\" class=\"gb-image-9b290b03\" alt=\"Editorial Guidelines\" srcset=\"https:\/\/dentaltestlab.com\/wp-content\/uploads\/2025\/04\/Redaktionelle-Richtlinien.png 1536w, https:\/\/dentaltestlab.com\/wp-content\/uploads\/2025\/04\/Redaktionelle-Richtlinien-300x200.png 300w, https:\/\/dentaltestlab.com\/wp-content\/uploads\/2025\/04\/Redaktionelle-Richtlinien-1024x683.png 1024w, https:\/\/dentaltestlab.com\/wp-content\/uploads\/2025\/04\/Redaktionelle-Richtlinien-768x512.png 768w\" sizes=\"(max-width: 1536px) 100vw, 1536px\" \/><\/figure>\n<\/div>\n\n\n<h2 class=\"wp-block-heading\" id=\"h-unsere-mission\">Notre mission<\/h2>\n\n\n\n<p>Avec la passion des informations claires et d\u2019une expertise authentique.<\/p>\n\n\n\n<p>Nous voulons \u00eatre la r\u00e9f\u00e9rence la plus fiable en mati\u00e8re de produits blanchissants, de kits de blanchiment (bleaching) et de soins bucco-dentaires. Pour cela, nous associons des contenus faciles \u00e0 comprendre \u00e0 des \u00e9valuations d\u00e9taill\u00e9es, bas\u00e9es sur des donn\u00e9es scientifiques. Notre ambition est de vous proposer une plateforme sur laquelle vous vous sentez en confiance et bien accompagn\u00e9\u00b7e pour toutes les questions li\u00e9es au blanchiment des dents.<\/p>\n\n\n\n<h2 class=\"wp-block-heading\">Notre histoire<\/h2>\n\n\n\n<p>De la pratique pour la pratique : Dental Test Lab est n\u00e9 de l\u2019envie d\u2019apporter transparence et rep\u00e8res dans un march\u00e9 difficile \u00e0 d\u00e9crypter. Depuis notre cr\u00e9ation en 2024, nous testons et analysons les produits selon des crit\u00e8res stricts et compr\u00e9hensibles \u2014 de mani\u00e8re ind\u00e9pendante, transparente et en phase avec l\u2019actualit\u00e9. \u00c0 chaque nouveau test, notre base de connaissances et d\u2019exp\u00e9riences s\u2019enrichit \u2014 et votre b\u00e9n\u00e9fice en tant que lecteur ou lectrice avec elle.<\/p>\n\n\n\n<h2 class=\"wp-block-heading\">Qui nous sommes<\/h2>\n\n\n\n<p>Notre \u00e9quipe r\u00e9unit des comp\u00e9tences en dentisterie, en science, en analyse produit et en r\u00e9daction. Nous sommes aussi diversifi\u00e9s que notre communaut\u00e9 et nous misons sur une \u00e9valuation \u00e9quitable, factuelle et critique de chaque produit qui passe par notre laboratoire. Diversit\u00e9, objectivit\u00e9 et respect dans notre relation avec notre lectorat vont de soi pour nous.<\/p>\n\n\n\n<h2 class=\"wp-block-heading\">Notre responsabilit\u00e9<\/h2>\n\n\n\n<p>Pour nous, l\u2019objectivit\u00e9 et la transparence ne sont pas de simples formules, mais des principes.<\/p>\n\n\n\n<p>Nous sommes financ\u00e9s en partie via des liens d\u2019affiliation, sans que cela n\u2019influence ni nos \u00e9valuations, ni la s\u00e9lection des produits. Chaque recommandation, chaque classement et chaque rapport de test est \u00e9labor\u00e9 de mani\u00e8re critique \u2014 votre confiance est notre priorit\u00e9.<\/p>\n\n\n\n<p>Si nous percevons une commission, cela se fait en toute transparence et sans aucun impact sur notre \u00e9valuation ni sur votre exp\u00e9rience d\u2019utilisation.<\/p>\n\n\n\n<p><a href=\"https:\/\/dentaltestlab.com\/fr\/nos-normes-de-test-et-devaluation\/\">D\u00e9couvrez ici plus d\u2019informations sur nos m\u00e9thodes de test et sur la mani\u00e8re dont nos \u00e9valuations sont \u00e9tablies.<\/a><\/p>\n\n\n\n<h2 class=\"wp-block-heading\">Contact &amp; feedback<\/h2>\n\n\n\n<p>L\u2019\u00e9change compte pour nous !<\/p>\n\n\n\n<p>Vos retours sont \u00e0 la fois une source d\u2019inspiration et un moteur pour continuer \u00e0 progresser. Vous avez des id\u00e9es ou des suggestions d\u2019am\u00e9lioration ? \u00c9crivez-nous : <a href=\"https:\/\/platform.openai.com\/chat\/edit?models=gpt-5.2\">feedback@dentaltestlab.com<\/a>.<\/p>\n\n\n\n<p>Vous trouverez ici d\u2019autres moyens<a href=\"https:\/\/dentaltestlab.com\/fr\/contactez-nous\/\"> de nous contacter<\/a>.<\/p>\n\n\n\n<p>Dental Test Lab \u2013 ensemble, pour plus de transparence et de s\u00e9curit\u00e9 en mati\u00e8re de blanchiment dentaire &amp; d\u2019hygi\u00e8ne bucco-dentaire.<\/p>\n","protected":false},"excerpt":{"rendered":"<p>\u00c0 propos de nous Quand la pr\u00e9cision scientifique rencontre une solide exp\u00e9rience de terrain, vous \u00eates au bon endroit chez Dental Test Lab. Notre objectif : des tests de produits informatifs et fond\u00e9s sur les faits, qui vous servent de boussole fiable dans le domaine de l\u2019hygi\u00e8ne bucco-dentaire et de l\u2019esth\u00e9tique dentaire. Notre mission Avec &#8230; <a title=\"\u00c0 propos de nous\" class=\"read-more\" href=\"https:\/\/dentaltestlab.com\/fr\/a-propos-de-nous\/\" aria-label=\"En savoir plus sur \u00c0 propos de nous\">Mehr erfahren<\/a><\/p>\n","protected":false},"author":1,"featured_media":13501,"parent":0,"menu_order":0,"comment_status":"closed","ping_status":"closed","template":"","meta":{"_lmt_disableupdate":"","_lmt_disable":"","footnotes":""},"categories":[],"tags":[],"class_list":["post-13498","page","type-page","status-publish","has-post-thumbnail"],"yoast_head":"<!-- This site is optimized with the Yoast SEO plugin v27.4 - https:\/\/yoast.com\/product\/yoast-seo-wordpress\/ -->\n<title>\u00c0 propos de nous | Dental Test Lab<\/title>\n<meta name=\"robots\" content=\"index, follow, max-snippet:-1, max-image-preview:large, max-video-preview:-1\" \/>\n<link rel=\"canonical\" href=\"https:\/\/dentaltestlab.com\/fr\/a-propos-de-nous\/\" \/>\n<meta property=\"og:locale\" content=\"fr_FR\" \/>\n<meta property=\"og:type\" content=\"article\" \/>\n<meta property=\"og:title\" content=\"\u00c0 propos de nous | Dental Test Lab\" \/>\n<meta property=\"og:description\" content=\"\u00c0 propos de nous Quand la pr\u00e9cision scientifique rencontre une solide exp\u00e9rience de terrain, vous \u00eates au bon endroit chez Dental Test Lab. Notre objectif : des tests de produits informatifs et fond\u00e9s sur les faits, qui vous servent de boussole fiable dans le domaine de l\u2019hygi\u00e8ne bucco-dentaire et de l\u2019esth\u00e9tique dentaire. Notre mission Avec ... Mehr erfahren\" \/>\n<meta property=\"og:url\" content=\"https:\/\/dentaltestlab.com\/fr\/a-propos-de-nous\/\" \/>\n<meta property=\"og:site_name\" content=\"Dental Test Lab\" \/>\n<meta property=\"article:modified_time\" content=\"2025-12-18T20:53:37+00:00\" \/>\n<meta property=\"og:image\" content=\"https:\/\/dentaltestlab.com\/wp-content\/uploads\/2025\/04\/Redaktionelle-Richtlinien-1024x683.png\" \/>\n\t<meta property=\"og:image:width\" content=\"1024\" \/>\n\t<meta property=\"og:image:height\" content=\"683\" \/>\n\t<meta property=\"og:image:type\" content=\"image\/png\" \/>\n<script type=\"application\/ld+json\" class=\"yoast-schema-graph\">{\"@context\":\"https:\\\/\\\/schema.org\",\"@graph\":[{\"@type\":\"WebPage\",\"@id\":\"https:\\\/\\\/dentaltestlab.com\\\/fr\\\/a-propos-de-nous\\\/\",\"url\":\"https:\\\/\\\/dentaltestlab.com\\\/fr\\\/a-propos-de-nous\\\/\",\"name\":\"\u00c0 propos de nous | Dental Test Lab\",\"isPartOf\":{\"@id\":\"https:\\\/\\\/dentaltestlab.com\\\/fr\\\/#website\"},\"primaryImageOfPage\":{\"@id\":\"https:\\\/\\\/dentaltestlab.com\\\/fr\\\/a-propos-de-nous\\\/#primaryimage\"},\"image\":{\"@id\":\"https:\\\/\\\/dentaltestlab.com\\\/fr\\\/a-propos-de-nous\\\/#primaryimage\"},\"thumbnailUrl\":\"https:\\\/\\\/dentaltestlab.com\\\/wp-content\\\/uploads\\\/2025\\\/04\\\/Redaktionelle-Richtlinien.png\",\"datePublished\":\"2023-12-14T21:29:25+00:00\",\"dateModified\":\"2025-12-18T20:53:37+00:00\",\"breadcrumb\":{\"@id\":\"https:\\\/\\\/dentaltestlab.com\\\/fr\\\/a-propos-de-nous\\\/#breadcrumb\"},\"inLanguage\":\"fr-FR\",\"potentialAction\":[{\"@type\":\"ReadAction\",\"target\":[\"https:\\\/\\\/dentaltestlab.com\\\/fr\\\/a-propos-de-nous\\\/\"]}]},{\"@type\":\"ImageObject\",\"inLanguage\":\"fr-FR\",\"@id\":\"https:\\\/\\\/dentaltestlab.com\\\/fr\\\/a-propos-de-nous\\\/#primaryimage\",\"url\":\"https:\\\/\\\/dentaltestlab.com\\\/wp-content\\\/uploads\\\/2025\\\/04\\\/Redaktionelle-Richtlinien.png\",\"contentUrl\":\"https:\\\/\\\/dentaltestlab.com\\\/wp-content\\\/uploads\\\/2025\\\/04\\\/Redaktionelle-Richtlinien.png\",\"width\":1536,\"height\":1024,\"caption\":\"Editorial Guidelines\"},{\"@type\":\"BreadcrumbList\",\"@id\":\"https:\\\/\\\/dentaltestlab.com\\\/fr\\\/a-propos-de-nous\\\/#breadcrumb\",\"itemListElement\":[{\"@type\":\"ListItem\",\"position\":1,\"name\":\"Dental Test Lab\",\"item\":\"https:\\\/\\\/dentaltestlab.com\\\/fr\\\/\"},{\"@type\":\"ListItem\",\"position\":2,\"name\":\"\u00c0 propos de nous\"}]},{\"@type\":\"WebSite\",\"@id\":\"https:\\\/\\\/dentaltestlab.com\\\/fr\\\/#website\",\"url\":\"https:\\\/\\\/dentaltestlab.com\\\/fr\\\/\",\"name\":\"Dental Test Lab\",\"description\":\"\",\"publisher\":{\"@id\":\"https:\\\/\\\/dentaltestlab.com\\\/fr\\\/#organization\"},\"potentialAction\":[{\"@type\":\"SearchAction\",\"target\":{\"@type\":\"EntryPoint\",\"urlTemplate\":\"https:\\\/\\\/dentaltestlab.com\\\/fr\\\/?s={search_term_string}\"},\"query-input\":{\"@type\":\"PropertyValueSpecification\",\"valueRequired\":true,\"valueName\":\"search_term_string\"}}],\"inLanguage\":\"fr-FR\"},{\"@type\":\"Organization\",\"@id\":\"https:\\\/\\\/dentaltestlab.com\\\/fr\\\/#organization\",\"name\":\"Dental Test Lab\",\"url\":\"https:\\\/\\\/dentaltestlab.com\\\/fr\\\/\",\"logo\":{\"@type\":\"ImageObject\",\"inLanguage\":\"fr-FR\",\"@id\":\"https:\\\/\\\/dentaltestlab.com\\\/fr\\\/#\\\/schema\\\/logo\\\/image\\\/\",\"url\":\"https:\\\/\\\/dentaltestlab.com\\\/wp-content\\\/uploads\\\/2023\\\/10\\\/cropped-THE-DERMA-CHECK-FAVICON-NEW-1.png\",\"contentUrl\":\"https:\\\/\\\/dentaltestlab.com\\\/wp-content\\\/uploads\\\/2023\\\/10\\\/cropped-THE-DERMA-CHECK-FAVICON-NEW-1.png\",\"width\":512,\"height\":512,\"caption\":\"Dental Test Lab\"},\"image\":{\"@id\":\"https:\\\/\\\/dentaltestlab.com\\\/fr\\\/#\\\/schema\\\/logo\\\/image\\\/\"}}]}<\/script>\n<!-- \/ Yoast SEO plugin. -->","yoast_head_json":{"title":"\u00c0 propos de nous | Dental Test Lab","robots":{"index":"index","follow":"follow","max-snippet":"max-snippet:-1","max-image-preview":"max-image-preview:large","max-video-preview":"max-video-preview:-1"},"canonical":"https:\/\/dentaltestlab.com\/fr\/a-propos-de-nous\/","og_locale":"fr_FR","og_type":"article","og_title":"\u00c0 propos de nous | Dental Test Lab","og_description":"\u00c0 propos de nous Quand la pr\u00e9cision scientifique rencontre une solide exp\u00e9rience de terrain, vous \u00eates au bon endroit chez Dental Test Lab. Notre objectif : des tests de produits informatifs et fond\u00e9s sur les faits, qui vous servent de boussole fiable dans le domaine de l\u2019hygi\u00e8ne bucco-dentaire et de l\u2019esth\u00e9tique dentaire. Notre mission Avec ... Mehr erfahren","og_url":"https:\/\/dentaltestlab.com\/fr\/a-propos-de-nous\/","og_site_name":"Dental Test Lab","article_modified_time":"2025-12-18T20:53:37+00:00","og_image":[{"width":1024,"height":683,"url":"https:\/\/dentaltestlab.com\/wp-content\/uploads\/2025\/04\/Redaktionelle-Richtlinien-1024x683.png","type":"image\/png"}],"schema":{"@context":"https:\/\/schema.org","@graph":[{"@type":"WebPage","@id":"https:\/\/dentaltestlab.com\/fr\/a-propos-de-nous\/","url":"https:\/\/dentaltestlab.com\/fr\/a-propos-de-nous\/","name":"\u00c0 propos de nous | Dental Test Lab","isPartOf":{"@id":"https:\/\/dentaltestlab.com\/fr\/#website"},"primaryImageOfPage":{"@id":"https:\/\/dentaltestlab.com\/fr\/a-propos-de-nous\/#primaryimage"},"image":{"@id":"https:\/\/dentaltestlab.com\/fr\/a-propos-de-nous\/#primaryimage"},"thumbnailUrl":"https:\/\/dentaltestlab.com\/wp-content\/uploads\/2025\/04\/Redaktionelle-Richtlinien.png","datePublished":"2023-12-14T21:29:25+00:00","dateModified":"2025-12-18T20:53:37+00:00","breadcrumb":{"@id":"https:\/\/dentaltestlab.com\/fr\/a-propos-de-nous\/#breadcrumb"},"inLanguage":"fr-FR","potentialAction":[{"@type":"ReadAction","target":["https:\/\/dentaltestlab.com\/fr\/a-propos-de-nous\/"]}]},{"@type":"ImageObject","inLanguage":"fr-FR","@id":"https:\/\/dentaltestlab.com\/fr\/a-propos-de-nous\/#primaryimage","url":"https:\/\/dentaltestlab.com\/wp-content\/uploads\/2025\/04\/Redaktionelle-Richtlinien.png","contentUrl":"https:\/\/dentaltestlab.com\/wp-content\/uploads\/2025\/04\/Redaktionelle-Richtlinien.png","width":1536,"height":1024,"caption":"Editorial Guidelines"},{"@type":"BreadcrumbList","@id":"https:\/\/dentaltestlab.com\/fr\/a-propos-de-nous\/#breadcrumb","itemListElement":[{"@type":"ListItem","position":1,"name":"Dental Test Lab","item":"https:\/\/dentaltestlab.com\/fr\/"},{"@type":"ListItem","position":2,"name":"\u00c0 propos de nous"}]},{"@type":"WebSite","@id":"https:\/\/dentaltestlab.com\/fr\/#website","url":"https:\/\/dentaltestlab.com\/fr\/","name":"Dental Test Lab","description":"","publisher":{"@id":"https:\/\/dentaltestlab.com\/fr\/#organization"},"potentialAction":[{"@type":"SearchAction","target":{"@type":"EntryPoint","urlTemplate":"https:\/\/dentaltestlab.com\/fr\/?s={search_term_string}"},"query-input":{"@type":"PropertyValueSpecification","valueRequired":true,"valueName":"search_term_string"}}],"inLanguage":"fr-FR"},{"@type":"Organization","@id":"https:\/\/dentaltestlab.com\/fr\/#organization","name":"Dental Test Lab","url":"https:\/\/dentaltestlab.com\/fr\/","logo":{"@type":"ImageObject","inLanguage":"fr-FR","@id":"https:\/\/dentaltestlab.com\/fr\/#\/schema\/logo\/image\/","url":"https:\/\/dentaltestlab.com\/wp-content\/uploads\/2023\/10\/cropped-THE-DERMA-CHECK-FAVICON-NEW-1.png","contentUrl":"https:\/\/dentaltestlab.com\/wp-content\/uploads\/2023\/10\/cropped-THE-DERMA-CHECK-FAVICON-NEW-1.png","width":512,"height":512,"caption":"Dental Test Lab"},"image":{"@id":"https:\/\/dentaltestlab.com\/fr\/#\/schema\/logo\/image\/"}}]}},"_links":{"self":[{"href":"https:\/\/dentaltestlab.com\/fr\/wp-json\/wp\/v2\/pages\/13498","targetHints":{"allow":["GET"]}}],"collection":[{"href":"https:\/\/dentaltestlab.com\/fr\/wp-json\/wp\/v2\/pages"}],"about":[{"href":"https:\/\/dentaltestlab.com\/fr\/wp-json\/wp\/v2\/types\/page"}],"author":[{"embeddable":true,"href":"https:\/\/dentaltestlab.com\/fr\/wp-json\/wp\/v2\/users\/1"}],"replies":[{"embeddable":true,"href":"https:\/\/dentaltestlab.com\/fr\/wp-json\/wp\/v2\/comments?post=13498"}],"version-history":[{"count":4,"href":"https:\/\/dentaltestlab.com\/fr\/wp-json\/wp\/v2\/pages\/13498\/revisions"}],"predecessor-version":[{"id":13532,"href":"https:\/\/dentaltestlab.com\/fr\/wp-json\/wp\/v2\/pages\/13498\/revisions\/13532"}],"wp:featuredmedia":[{"embeddable":true,"href":"https:\/\/dentaltestlab.com\/fr\/wp-json\/wp\/v2\/media\/13501"}],"wp:attachment":[{"href":"https:\/\/dentaltestlab.com\/fr\/wp-json\/wp\/v2\/media?parent=13498"}],"wp:term":[{"taxonomy":"category","embeddable":true,"href":"https:\/\/dentaltestlab.com\/fr\/wp-json\/wp\/v2\/categories?post=13498"},{"taxonomy":"post_tag","embeddable":true,"href":"https:\/\/dentaltestlab.com\/fr\/wp-json\/wp\/v2\/tags?post=13498"}],"curies":[{"name":"wp","href":"https:\/\/api.w.org\/{rel}","templated":true}]}}