{"id":13503,"date":"2024-01-04T11:29:36","date_gmt":"2024-01-04T11:29:36","guid":{"rendered":"https:\/\/dentaltestlab.com\/nos-normes-de-test-et-devaluation\/"},"modified":"2025-12-18T20:26:41","modified_gmt":"2025-12-18T20:26:41","slug":"nos-normes-de-test-et-devaluation","status":"publish","type":"page","link":"https:\/\/dentaltestlab.com\/fr\/nos-normes-de-test-et-devaluation\/","title":{"rendered":"Nos standards de test et d\u2019\u00e9valuation"},"content":{"rendered":"<div class=\"gb-container gb-container-4742cc5d alignfull\">\n<div class=\"gb-container gb-container-96eaf3e2\">\n<h1 class=\"gb-headline gb-headline-829851c6 gb-headline-text\">Nos standards de test et d\u2019\u00e9valuation<\/h1>\n\n\n<p class=\"gb-headline gb-headline-443652d4 gb-headline-text\">Chez Dental Test Lab, nous le savons : l\u2019offre de produits d\u2019hygi\u00e8ne bucco-dentaire est immense \u2014 et les \u00e9carts de qualit\u00e9 le sont tout autant. C\u2019est pourquoi nous voulons offrir \u00e0 nos lectrices et lecteurs une base de d\u00e9cision claire, honn\u00eate et compr\u00e9hensible.<\/p>\n\n<\/div>\n<\/div>\n\n<div class=\"gb-container gb-container-6c7c8f9f\">\n<figure class=\"gb-block-image gb-block-image-9b290b03\"><img decoding=\"async\" width=\"1536\" height=\"1024\" src=\"https:\/\/dentaltestlab.com\/wp-content\/uploads\/2025\/04\/Test-und-Bewertungsstandards.png\" class=\"gb-image-9b290b03\" alt=\"Test and Evaluation Standards\" srcset=\"https:\/\/dentaltestlab.com\/wp-content\/uploads\/2025\/04\/Test-und-Bewertungsstandards.png 1536w, https:\/\/dentaltestlab.com\/wp-content\/uploads\/2025\/04\/Test-und-Bewertungsstandards-300x200.png 300w, https:\/\/dentaltestlab.com\/wp-content\/uploads\/2025\/04\/Test-und-Bewertungsstandards-1024x683.png 1024w, https:\/\/dentaltestlab.com\/wp-content\/uploads\/2025\/04\/Test-und-Bewertungsstandards-768x512.png 768w\" sizes=\"(max-width: 1536px) 100vw, 1536px\" \/><\/figure>\n<\/div>\n\n\n<p>Qu\u2019il s\u2019agisse de produits de blanchiment dentaire, de dentifrices, de bains de bouche ou Qu\u2019il s\u2019agisse de produits de blanchiment dentaire, de dentifrices, de bains de bouche ou d\u2019accessoires, nous testons les produits selon un processus d\u2019\u00e9valuation structur\u00e9, en plusieurs \u00e9tapes, qui associe rigueur scientifique, praticit\u00e9 au quotidien et besoins des consommateurs et consommatrices.<\/p>\n\n\n\n<h2 class=\"wp-block-heading\">I. S\u00e9lection des produits : diversit\u00e9 et pertinence<\/h2>\n\n\n\n<h3 class=\"wp-block-heading\">1. Analyse du march\u00e9 et v\u00e9rification de la pertinence<\/h3>\n\n\n\n<p>Avant qu\u2019un produit ne soit test\u00e9 chez nous, une pr\u00e9s\u00e9lection solide est indispensable. Nous analysons :<\/p>\n\n\n\n<ul class=\"wp-block-list\">\n<li>les tendances actuelles du march\u00e9<\/li>\n\n\n\n<li>les requ\u00eates de recherche fr\u00e9quentes<\/li>\n\n\n\n<li>les innovations produits<\/li>\n\n\n\n<li>la pertinence scientifique de certains ingr\u00e9dients ou technologies<\/li>\n<\/ul>\n\n\n\n<h3 class=\"wp-block-heading\">2. S\u00e9lection repr\u00e9sentative des produits<\/h3>\n\n\n\n<p>Nous veillons \u00e0 couvrir une large gamme de produits :<\/p>\n\n\n\n<ul class=\"wp-block-list\">\n<li>marques connues et alternatives moins m\u00e9diatis\u00e9es<\/li>\n\n\n\n<li>options abordables et versions haut de gamme<\/li>\n\n\n\n<li>formules classiques et concepts innovants<\/li>\n<\/ul>\n\n\n\n<p>Exemple : dans l\u2019un de nos tests consacr\u00e9s au blanchiment dentaire, nous prenons en compte aussi bien des bandes blanchissantes que des poudres, des gels et des appareils \u00e0 LED.<\/p>\n\n\n\n<h3 class=\"wp-block-heading\">3. Approvisionnement des produits<\/h3>\n\n\n\n<p>Le plus souvent, notre \u00e9quipe ach\u00e8te elle-m\u00eame les produits \u2014 comme le ferait n\u2019importe quel consommateur ou consommatrice. Dans quelques rares cas, nous coop\u00e9rons avec des fabricants, en veillant toujours \u00e0 concevoir les crit\u00e8res, le d\u00e9roul\u00e9 du test et l\u2019\u00e9valuation de mani\u00e8re ind\u00e9pendante et objective.<\/p>\n\n\n\n<h2 class=\"wp-block-heading\" id=\"h-ii-inhaltsstoffe-amp-sicherheit\">II. Ingr\u00e9dients &amp; s\u00e9curit\u00e9<\/h2>\n\n\n\n<figure class=\"gb-block-image gb-block-image-bdaaf9a3\"><img decoding=\"async\" width=\"2048\" height=\"1363\" class=\"gb-image gb-image-bdaaf9a3\" src=\"https:\/\/dentaltestlab.com\/wp-content\/uploads\/2025\/04\/Analyzing-Ingredients-scaled.jpg\" alt=\"Analyse des ingr\u00e9dients\" title=\"Analyse des ingr\u00e9dients\" srcset=\"https:\/\/dentaltestlab.com\/wp-content\/uploads\/2025\/04\/Analyzing-Ingredients-scaled.jpg 2048w, https:\/\/dentaltestlab.com\/wp-content\/uploads\/2025\/04\/Analyzing-Ingredients-300x200.jpg 300w, https:\/\/dentaltestlab.com\/wp-content\/uploads\/2025\/04\/Analyzing-Ingredients-1024x681.jpg 1024w, https:\/\/dentaltestlab.com\/wp-content\/uploads\/2025\/04\/Analyzing-Ingredients-768x511.jpg 768w, https:\/\/dentaltestlab.com\/wp-content\/uploads\/2025\/04\/Analyzing-Ingredients-1536x1022.jpg 1536w\" sizes=\"(max-width: 2048px) 100vw, 2048px\" \/><\/figure>\n\n\n\n<h3 class=\"wp-block-heading\" id=\"h-1-analyse-der-inhaltsstoffe\">1. Analyse des ingr\u00e9dients<\/h3>\n\n\n\n<p>Nous \u00e9valuons la composition sur la base des connaissances actuelles en dentisterie. Nous prenons notamment en compte :<\/p>\n\n\n\n<ul class=\"wp-block-list\">\n<li>les m\u00e9canismes d\u2019action (p. ex. le peroxyde d\u2019hydrog\u00e8ne pour les produits blanchissants)<\/li>\n\n\n\n<li>les ingr\u00e9dients soumis \u00e0 obligation d\u2019\u00e9tiquetage<\/li>\n\n\n\n<li>les substances potentiellement pr\u00e9occupantes (p. ex. microplastiques, PEG)<\/li>\n<\/ul>\n\n\n\n<h3 class=\"wp-block-heading\">2. Standards de test &amp; valeurs limites<\/h3>\n\n\n\n<p>Lorsque cela est possible, nous comparons les produits \u00e0 :<\/p>\n\n\n\n<ul class=\"wp-block-list\">\n<li>des limites l\u00e9gales<\/li>\n\n\n\n<li>des recommandations de soci\u00e9t\u00e9s savantes<\/li>\n\n\n\n<li>des normes internationales<\/li>\n<\/ul>\n\n\n\n<h3 class=\"wp-block-heading\">3. Tol\u00e9rance &amp; allerg\u00e8nes<\/h3>\n\n\n\n<p>Nous restons attentifs aux irritants potentiels ou aux ingr\u00e9dients allerg\u00e8nes et donnons les indications correspondantes.<\/p>\n\n\n\n<h2 class=\"wp-block-heading\" id=\"h-iii-anwendung-amp-erfahrungen-von-verbraucher-innen\">III. Utilisation &amp; exp\u00e9riences des consommateurs et consommatrices<\/h2>\n\n\n\n<figure class=\"gb-block-image gb-block-image-04981c11\"><img decoding=\"async\" width=\"2048\" height=\"1363\" class=\"gb-image gb-image-04981c11\" src=\"https:\/\/dentaltestlab.com\/wp-content\/uploads\/2025\/04\/Anwendung-und-Komfort-scaled.jpg\" alt=\"Application et confort\" title=\"Application et confort\" srcset=\"https:\/\/dentaltestlab.com\/wp-content\/uploads\/2025\/04\/Anwendung-und-Komfort-scaled.jpg 2048w, https:\/\/dentaltestlab.com\/wp-content\/uploads\/2025\/04\/Anwendung-und-Komfort-300x200.jpg 300w, https:\/\/dentaltestlab.com\/wp-content\/uploads\/2025\/04\/Anwendung-und-Komfort-1024x681.jpg 1024w, https:\/\/dentaltestlab.com\/wp-content\/uploads\/2025\/04\/Anwendung-und-Komfort-768x511.jpg 768w, https:\/\/dentaltestlab.com\/wp-content\/uploads\/2025\/04\/Anwendung-und-Komfort-1536x1022.jpg 1536w\" sizes=\"(max-width: 2048px) 100vw, 2048px\" \/><\/figure>\n\n\n\n<h3 class=\"wp-block-heading\" id=\"h-1-praxisnahe-anwendungstests\">1. Tests d\u2019utilisation en conditions r\u00e9elles<\/h3>\n\n\n\n<p>Nos testeurs et testeuses \u00e9valuent :<\/p>\n\n\n\n<ul class=\"wp-block-list\">\n<li>le confort d\u2019utilisation<\/li>\n\n\n\n<li>le go\u00fbt &amp; la texture<\/li>\n\n\n\n<li>le dosage &amp; la prise en main<\/li>\n\n\n\n<li>l\u2019emballage &amp; l\u2019hygi\u00e8ne<\/li>\n\n\n\n<li>le mode d\u2019action et les effets<\/li>\n<\/ul>\n\n\n\n<h3 class=\"wp-block-heading\">2. Dur\u00e9e d\u2019observation &amp; test sur le long terme<\/h3>\n\n\n\n<p>En particulier pour les produits dont l\u2019effet se construit dans le temps (p. ex. les produits de blanchiment dentaire), nous r\u00e9alisons des observations sur plusieurs semaines.<\/p>\n\n\n\n<h3 class=\"wp-block-heading\">3. S\u00e9curit\u00e9 du produit<\/h3>\n\n\n\n<p>Nous v\u00e9rifions que les emballages sont s\u00e9curis\u00e9s pour les enfants, hygi\u00e9niques et qu\u2019ils se referment correctement. La notice d\u2019utilisation entre \u00e9galement dans l\u2019\u00e9valuation.<\/p>\n\n\n\n<h2 class=\"wp-block-heading\">IV. Transparence &amp; communication des fabricants<\/h2>\n\n\n\n<h3 class=\"wp-block-heading\">1. Qualit\u00e9 des informations<\/h3>\n\n\n\n<p>Nous \u00e9valuons si les fabricants informent de mani\u00e8re claire et compr\u00e9hensible sur :<\/p>\n\n\n\n<ul class=\"wp-block-list\">\n<li>les ingr\u00e9dients<\/li>\n\n\n\n<li>les conseils d\u2019utilisation<\/li>\n\n\n\n<li>les risques et les effets ind\u00e9sirables<\/li>\n<\/ul>\n\n\n\n<h3 class=\"wp-block-heading\">2. Accessibilit\u00e9 &amp; service client<\/h3>\n\n\n\n<p>Si n\u00e9cessaire, nous testons le support du fabricant \u2014 par exemple en cas de questions ou de probl\u00e8mes avec le produit.<\/p>\n\n\n\n<h3 class=\"wp-block-heading\">3. Durabilit\u00e9 &amp; responsabilit\u00e9<\/h3>\n\n\n\n<p>Lorsque cela est possible, nous int\u00e9grons aussi des aspects \u00e9thiques :<\/p>\n\n\n\n<ul class=\"wp-block-list\">\n<li>emballages plus respectueux de l\u2019environnement<\/li>\n\n\n\n<li>modes de production durables<\/li>\n\n\n\n<li>responsabilit\u00e9 sociale de l\u2019entreprise<\/li>\n<\/ul>\n\n\n\n<h2 class=\"wp-block-heading\">V. Avis des utilisateurs et utilisatrices &amp; expertise professionnelle<\/h2>\n\n\n\n<h3 class=\"wp-block-heading\">1. Analyse d\u2019exp\u00e9riences r\u00e9elles<\/h3>\n\n\n\n<p>Nous analysons les avis sur les plateformes de vente, les forums et les r\u00e9seaux sociaux, et nous examinons :<\/p>\n\n\n\n<ul class=\"wp-block-list\">\n<li>la fr\u00e9quence de certains points de critique<\/li>\n\n\n\n<li>les retours positifs et les pr\u00e9occupations<\/li>\n\n\n\n<li>des sch\u00e9mas marquants dans l\u2019utilisation<\/li>\n<\/ul>\n\n\n\n<h3 class=\"wp-block-heading\">2. Mise en perspective scientifique<\/h3>\n\n\n\n<p>Nous compl\u00e9tons notre \u00e9valuation avec :<\/p>\n\n\n\n<ul class=\"wp-block-list\">\n<li>des \u00e9tudes scientifiques<\/li>\n\n\n\n<li>des revues cliniques<\/li>\n\n\n\n<li>des recommandations de soci\u00e9t\u00e9s savantes dentaires<\/li>\n<\/ul>\n\n\n\n<h3 class=\"wp-block-heading\">3. Dialogue avec des expert\u00b7e\u00b7s<\/h3>\n\n\n\n<p>Des chirurgiens-dentistes, des hygi\u00e9nistes dentaires et des expertes et experts produit nous soutiennent ponctuellement avec des commentaires ou des \u00e9valuations professionnelles.<\/p>\n\n\n\n<h2 class=\"wp-block-heading\">VI. Effets ind\u00e9sirables &amp; avertissements<\/h2>\n\n\n\n<h3 class=\"wp-block-heading\">1. Documentation des plaintes<\/h3>\n\n\n\n<p>En particulier pour les produits contenant des substances actives (p. ex. des agents blanchissants), nous recensons syst\u00e9matiquement les effets ind\u00e9sirables possibles et les documentons de mani\u00e8re anonymis\u00e9e.<\/p>\n\n\n\n<h3 class=\"wp-block-heading\">2. Avertissements du fabricant concernant les risques<\/h3>\n\n\n\n<p>Nous \u00e9valuons si les avertissements sont communiqu\u00e9s de fa\u00e7on correcte, visible et compr\u00e9hensible.<\/p>\n\n\n\n<h3 class=\"wp-block-heading\">3. Retours de la communaut\u00e9<\/h3>\n\n\n\n<p>Nous prenons tr\u00e8s au s\u00e9rieux les retours de nos lectrices et lecteurs et examinons les r\u00e9actions ou intol\u00e9rances signal\u00e9es.<\/p>\n\n\n\n<h2 class=\"wp-block-heading\" id=\"h-vii-preis-leistungs-verhaltnis-amp-gesamtbewertung\">VII. Rapport qualit\u00e9-prix &amp; \u00e9valuation globale<\/h2>\n\n\n\n<figure class=\"gb-block-image gb-block-image-114188b4\"><img decoding=\"async\" width=\"2048\" height=\"1363\" class=\"gb-image gb-image-114188b4\" src=\"https:\/\/dentaltestlab.com\/wp-content\/uploads\/2025\/04\/Produktevergleich-hier-Zahnaufheller-LEDs-scaled.jpg\" alt=\"Comparaison de produits\u00a0: LED de blanchiment des dents\" title=\"Comparaison de produits\u00a0: LED de blanchiment des dents\" srcset=\"https:\/\/dentaltestlab.com\/wp-content\/uploads\/2025\/04\/Produktevergleich-hier-Zahnaufheller-LEDs-scaled.jpg 2048w, https:\/\/dentaltestlab.com\/wp-content\/uploads\/2025\/04\/Produktevergleich-hier-Zahnaufheller-LEDs-300x200.jpg 300w, https:\/\/dentaltestlab.com\/wp-content\/uploads\/2025\/04\/Produktevergleich-hier-Zahnaufheller-LEDs-1024x681.jpg 1024w, https:\/\/dentaltestlab.com\/wp-content\/uploads\/2025\/04\/Produktevergleich-hier-Zahnaufheller-LEDs-768x511.jpg 768w, https:\/\/dentaltestlab.com\/wp-content\/uploads\/2025\/04\/Produktevergleich-hier-Zahnaufheller-LEDs-1536x1022.jpg 1536w\" sizes=\"(max-width: 2048px) 100vw, 2048px\" \/><\/figure>\n\n\n\n<h3 class=\"wp-block-heading\" id=\"h-1-vergleich-der-kosten\">1. Comparaison des co\u00fbts<\/h3>\n\n\n\n<p>Nous analysons le prix par utilisation ou par unit\u00e9 de conditionnement, et le mettons en relation avec les performances et la qualit\u00e9 propos\u00e9es.<\/p>\n\n\n\n<h3 class=\"wp-block-heading\">2. Positionnement sur le march\u00e9<\/h3>\n\n\n\n<p>Notre \u00e9valuation se fait toujours aussi en comparaison avec le march\u00e9 : comment un produit se comporte-t-il face \u00e0 des offres similaires ? Pr\u00e9sente-t-il des caract\u00e9ristiques au-dessus ou en dessous de la moyenne ?<\/p>\n\n\n\n<h3 class=\"wp-block-heading\">3. Crit\u00e8res d\u2019\u00e9valuation sp\u00e9cifiques au produit<\/h3>\n\n\n\n<p>Les aspects test\u00e9s peuvent varier selon le type de produit. Par exemple, nous n\u2019\u00e9valuons pas les m\u00eames crit\u00e8res pour des produits de blanchiment dentaire que pour des dentifrices ou des bains de bouche.<\/p>\n\n\n\n<p>Les points d\u2019\u00e9valuation pris en compte sont donc toujours indiqu\u00e9s de mani\u00e8re concr\u00e8te et transparente dans le test correspondant.<\/p>\n\n\n\n<h3 class=\"wp-block-heading\">4. Conclusion pour nos lectrices et lecteurs<\/h3>\n\n\n\n<p>\u00c0 la fin de chaque test, nous \u00e9tablissons une synth\u00e8se structur\u00e9e comprenant :<\/p>\n\n\n\n<ul class=\"wp-block-list\">\n<li>une liste claire des points forts et des points faibles<\/li>\n\n\n\n<li>une identification explicite des produits gagnants<\/li>\n\n\n\n<li>des recommandations pour certains publics cibles (p. ex. dents sensibles, usage quotidien, etc.)<\/li>\n<\/ul>\n\n\n\n<h2 class=\"wp-block-heading\">Notre objectif : de la clart\u00e9 plut\u00f4t que des promesses publicitaires<\/h2>\n\n\n\n<p>Nous ne cherchons pas \u00e0 convaincre \u2014 mais \u00e0 aider \u00e0 s\u2019y retrouver. Nos tests suivent ce principe :<\/p>\n\n\n\n<ul class=\"wp-block-list\">\n<li>fond\u00e9s sur des faits<\/li>\n\n\n\n<li>structur\u00e9s<\/li>\n\n\n\n<li>transparents<\/li>\n<\/ul>\n\n\n\n<p>Si nous recommandons un produit, c\u2019est parce qu\u2019il a convaincu dans nos crit\u00e8res d\u2019\u00e9valuation \u2014 pas parce qu\u2019il a \u00e9t\u00e9 mis en avant.<\/p>\n\n\n\n<p>Dental Test Lab, c\u2019est la garantie de comparatifs produits transparents et compr\u00e9hensibles \u2014 avec une attention particuli\u00e8re port\u00e9e \u00e0 la qualit\u00e9, \u00e0 l\u2019utilisation et aux besoins des consommateurs et consommatrices.<\/p>\n","protected":false},"excerpt":{"rendered":"<p>Nos standards de test et d\u2019\u00e9valuation Chez Dental Test Lab, nous le savons : l\u2019offre de produits d\u2019hygi\u00e8ne bucco-dentaire est immense \u2014 et les \u00e9carts de qualit\u00e9 le sont tout autant. C\u2019est pourquoi nous voulons offrir \u00e0 nos lectrices et lecteurs une base de d\u00e9cision claire, honn\u00eate et compr\u00e9hensible. Qu\u2019il s\u2019agisse de produits de blanchiment &#8230; <a title=\"Nos standards de test et d\u2019\u00e9valuation\" class=\"read-more\" href=\"https:\/\/dentaltestlab.com\/fr\/nos-normes-de-test-et-devaluation\/\" aria-label=\"En savoir plus sur Nos standards de test et d\u2019\u00e9valuation\">Mehr erfahren<\/a><\/p>\n","protected":false},"author":1,"featured_media":13513,"parent":0,"menu_order":0,"comment_status":"closed","ping_status":"closed","template":"","meta":{"_lmt_disableupdate":"","_lmt_disable":"","footnotes":""},"categories":[],"tags":[],"class_list":["post-13503","page","type-page","status-publish","has-post-thumbnail"],"yoast_head":"<!-- This site is optimized with the Yoast SEO plugin v27.4 - https:\/\/yoast.com\/product\/yoast-seo-wordpress\/ -->\n<title>Nos standards de test et d\u2019\u00e9valuation | Dental Test Lab<\/title>\n<meta name=\"robots\" content=\"index, follow, max-snippet:-1, max-image-preview:large, max-video-preview:-1\" \/>\n<link rel=\"canonical\" href=\"https:\/\/dentaltestlab.com\/fr\/nos-normes-de-test-et-devaluation\/\" \/>\n<meta property=\"og:locale\" content=\"fr_FR\" \/>\n<meta property=\"og:type\" content=\"article\" \/>\n<meta property=\"og:title\" content=\"Nos standards de test et d\u2019\u00e9valuation | Dental Test Lab\" \/>\n<meta property=\"og:description\" content=\"Nos standards de test et d\u2019\u00e9valuation Chez Dental Test Lab, nous le savons : l\u2019offre de produits d\u2019hygi\u00e8ne bucco-dentaire est immense \u2014 et les \u00e9carts de qualit\u00e9 le sont tout autant. C\u2019est pourquoi nous voulons offrir \u00e0 nos lectrices et lecteurs une base de d\u00e9cision claire, honn\u00eate et compr\u00e9hensible. Qu\u2019il s\u2019agisse de produits de blanchiment ... Mehr erfahren\" \/>\n<meta property=\"og:url\" content=\"https:\/\/dentaltestlab.com\/fr\/nos-normes-de-test-et-devaluation\/\" \/>\n<meta property=\"og:site_name\" content=\"Dental Test Lab\" \/>\n<meta property=\"article:modified_time\" content=\"2025-12-18T20:26:41+00:00\" \/>\n<meta property=\"og:image\" content=\"https:\/\/dentaltestlab.com\/wp-content\/uploads\/2025\/04\/Test-und-Bewertungsstandards-1024x683.png\" \/>\n\t<meta property=\"og:image:width\" content=\"1024\" \/>\n\t<meta property=\"og:image:height\" content=\"683\" \/>\n\t<meta property=\"og:image:type\" content=\"image\/png\" \/>\n<script type=\"application\/ld+json\" class=\"yoast-schema-graph\">{\"@context\":\"https:\\\/\\\/schema.org\",\"@graph\":[{\"@type\":\"WebPage\",\"@id\":\"https:\\\/\\\/dentaltestlab.com\\\/fr\\\/nos-normes-de-test-et-devaluation\\\/\",\"url\":\"https:\\\/\\\/dentaltestlab.com\\\/fr\\\/nos-normes-de-test-et-devaluation\\\/\",\"name\":\"Nos standards de test et d\u2019\u00e9valuation | Dental Test Lab\",\"isPartOf\":{\"@id\":\"https:\\\/\\\/dentaltestlab.com\\\/fr\\\/#website\"},\"primaryImageOfPage\":{\"@id\":\"https:\\\/\\\/dentaltestlab.com\\\/fr\\\/nos-normes-de-test-et-devaluation\\\/#primaryimage\"},\"image\":{\"@id\":\"https:\\\/\\\/dentaltestlab.com\\\/fr\\\/nos-normes-de-test-et-devaluation\\\/#primaryimage\"},\"thumbnailUrl\":\"https:\\\/\\\/dentaltestlab.com\\\/wp-content\\\/uploads\\\/2025\\\/04\\\/Test-und-Bewertungsstandards.png\",\"datePublished\":\"2024-01-04T11:29:36+00:00\",\"dateModified\":\"2025-12-18T20:26:41+00:00\",\"breadcrumb\":{\"@id\":\"https:\\\/\\\/dentaltestlab.com\\\/fr\\\/nos-normes-de-test-et-devaluation\\\/#breadcrumb\"},\"inLanguage\":\"fr-FR\",\"potentialAction\":[{\"@type\":\"ReadAction\",\"target\":[\"https:\\\/\\\/dentaltestlab.com\\\/fr\\\/nos-normes-de-test-et-devaluation\\\/\"]}]},{\"@type\":\"ImageObject\",\"inLanguage\":\"fr-FR\",\"@id\":\"https:\\\/\\\/dentaltestlab.com\\\/fr\\\/nos-normes-de-test-et-devaluation\\\/#primaryimage\",\"url\":\"https:\\\/\\\/dentaltestlab.com\\\/wp-content\\\/uploads\\\/2025\\\/04\\\/Test-und-Bewertungsstandards.png\",\"contentUrl\":\"https:\\\/\\\/dentaltestlab.com\\\/wp-content\\\/uploads\\\/2025\\\/04\\\/Test-und-Bewertungsstandards.png\",\"width\":1536,\"height\":1024,\"caption\":\"Test and Evaluation Standards\"},{\"@type\":\"BreadcrumbList\",\"@id\":\"https:\\\/\\\/dentaltestlab.com\\\/fr\\\/nos-normes-de-test-et-devaluation\\\/#breadcrumb\",\"itemListElement\":[{\"@type\":\"ListItem\",\"position\":1,\"name\":\"Dental Test Lab\",\"item\":\"https:\\\/\\\/dentaltestlab.com\\\/fr\\\/\"},{\"@type\":\"ListItem\",\"position\":2,\"name\":\"Nos standards de test et d\u2019\u00e9valuation\"}]},{\"@type\":\"WebSite\",\"@id\":\"https:\\\/\\\/dentaltestlab.com\\\/fr\\\/#website\",\"url\":\"https:\\\/\\\/dentaltestlab.com\\\/fr\\\/\",\"name\":\"Dental Test Lab\",\"description\":\"\",\"publisher\":{\"@id\":\"https:\\\/\\\/dentaltestlab.com\\\/fr\\\/#organization\"},\"potentialAction\":[{\"@type\":\"SearchAction\",\"target\":{\"@type\":\"EntryPoint\",\"urlTemplate\":\"https:\\\/\\\/dentaltestlab.com\\\/fr\\\/?s={search_term_string}\"},\"query-input\":{\"@type\":\"PropertyValueSpecification\",\"valueRequired\":true,\"valueName\":\"search_term_string\"}}],\"inLanguage\":\"fr-FR\"},{\"@type\":\"Organization\",\"@id\":\"https:\\\/\\\/dentaltestlab.com\\\/fr\\\/#organization\",\"name\":\"Dental Test Lab\",\"url\":\"https:\\\/\\\/dentaltestlab.com\\\/fr\\\/\",\"logo\":{\"@type\":\"ImageObject\",\"inLanguage\":\"fr-FR\",\"@id\":\"https:\\\/\\\/dentaltestlab.com\\\/fr\\\/#\\\/schema\\\/logo\\\/image\\\/\",\"url\":\"https:\\\/\\\/dentaltestlab.com\\\/wp-content\\\/uploads\\\/2023\\\/10\\\/cropped-THE-DERMA-CHECK-FAVICON-NEW-1.png\",\"contentUrl\":\"https:\\\/\\\/dentaltestlab.com\\\/wp-content\\\/uploads\\\/2023\\\/10\\\/cropped-THE-DERMA-CHECK-FAVICON-NEW-1.png\",\"width\":512,\"height\":512,\"caption\":\"Dental Test Lab\"},\"image\":{\"@id\":\"https:\\\/\\\/dentaltestlab.com\\\/fr\\\/#\\\/schema\\\/logo\\\/image\\\/\"}}]}<\/script>\n<!-- \/ Yoast SEO plugin. -->","yoast_head_json":{"title":"Nos standards de test et d\u2019\u00e9valuation | Dental Test Lab","robots":{"index":"index","follow":"follow","max-snippet":"max-snippet:-1","max-image-preview":"max-image-preview:large","max-video-preview":"max-video-preview:-1"},"canonical":"https:\/\/dentaltestlab.com\/fr\/nos-normes-de-test-et-devaluation\/","og_locale":"fr_FR","og_type":"article","og_title":"Nos standards de test et d\u2019\u00e9valuation | Dental Test Lab","og_description":"Nos standards de test et d\u2019\u00e9valuation Chez Dental Test Lab, nous le savons : l\u2019offre de produits d\u2019hygi\u00e8ne bucco-dentaire est immense \u2014 et les \u00e9carts de qualit\u00e9 le sont tout autant. C\u2019est pourquoi nous voulons offrir \u00e0 nos lectrices et lecteurs une base de d\u00e9cision claire, honn\u00eate et compr\u00e9hensible. Qu\u2019il s\u2019agisse de produits de blanchiment ... Mehr erfahren","og_url":"https:\/\/dentaltestlab.com\/fr\/nos-normes-de-test-et-devaluation\/","og_site_name":"Dental Test Lab","article_modified_time":"2025-12-18T20:26:41+00:00","og_image":[{"width":1024,"height":683,"url":"https:\/\/dentaltestlab.com\/wp-content\/uploads\/2025\/04\/Test-und-Bewertungsstandards-1024x683.png","type":"image\/png"}],"schema":{"@context":"https:\/\/schema.org","@graph":[{"@type":"WebPage","@id":"https:\/\/dentaltestlab.com\/fr\/nos-normes-de-test-et-devaluation\/","url":"https:\/\/dentaltestlab.com\/fr\/nos-normes-de-test-et-devaluation\/","name":"Nos standards de test et d\u2019\u00e9valuation | Dental Test Lab","isPartOf":{"@id":"https:\/\/dentaltestlab.com\/fr\/#website"},"primaryImageOfPage":{"@id":"https:\/\/dentaltestlab.com\/fr\/nos-normes-de-test-et-devaluation\/#primaryimage"},"image":{"@id":"https:\/\/dentaltestlab.com\/fr\/nos-normes-de-test-et-devaluation\/#primaryimage"},"thumbnailUrl":"https:\/\/dentaltestlab.com\/wp-content\/uploads\/2025\/04\/Test-und-Bewertungsstandards.png","datePublished":"2024-01-04T11:29:36+00:00","dateModified":"2025-12-18T20:26:41+00:00","breadcrumb":{"@id":"https:\/\/dentaltestlab.com\/fr\/nos-normes-de-test-et-devaluation\/#breadcrumb"},"inLanguage":"fr-FR","potentialAction":[{"@type":"ReadAction","target":["https:\/\/dentaltestlab.com\/fr\/nos-normes-de-test-et-devaluation\/"]}]},{"@type":"ImageObject","inLanguage":"fr-FR","@id":"https:\/\/dentaltestlab.com\/fr\/nos-normes-de-test-et-devaluation\/#primaryimage","url":"https:\/\/dentaltestlab.com\/wp-content\/uploads\/2025\/04\/Test-und-Bewertungsstandards.png","contentUrl":"https:\/\/dentaltestlab.com\/wp-content\/uploads\/2025\/04\/Test-und-Bewertungsstandards.png","width":1536,"height":1024,"caption":"Test and Evaluation Standards"},{"@type":"BreadcrumbList","@id":"https:\/\/dentaltestlab.com\/fr\/nos-normes-de-test-et-devaluation\/#breadcrumb","itemListElement":[{"@type":"ListItem","position":1,"name":"Dental Test Lab","item":"https:\/\/dentaltestlab.com\/fr\/"},{"@type":"ListItem","position":2,"name":"Nos standards de test et d\u2019\u00e9valuation"}]},{"@type":"WebSite","@id":"https:\/\/dentaltestlab.com\/fr\/#website","url":"https:\/\/dentaltestlab.com\/fr\/","name":"Dental Test Lab","description":"","publisher":{"@id":"https:\/\/dentaltestlab.com\/fr\/#organization"},"potentialAction":[{"@type":"SearchAction","target":{"@type":"EntryPoint","urlTemplate":"https:\/\/dentaltestlab.com\/fr\/?s={search_term_string}"},"query-input":{"@type":"PropertyValueSpecification","valueRequired":true,"valueName":"search_term_string"}}],"inLanguage":"fr-FR"},{"@type":"Organization","@id":"https:\/\/dentaltestlab.com\/fr\/#organization","name":"Dental Test Lab","url":"https:\/\/dentaltestlab.com\/fr\/","logo":{"@type":"ImageObject","inLanguage":"fr-FR","@id":"https:\/\/dentaltestlab.com\/fr\/#\/schema\/logo\/image\/","url":"https:\/\/dentaltestlab.com\/wp-content\/uploads\/2023\/10\/cropped-THE-DERMA-CHECK-FAVICON-NEW-1.png","contentUrl":"https:\/\/dentaltestlab.com\/wp-content\/uploads\/2023\/10\/cropped-THE-DERMA-CHECK-FAVICON-NEW-1.png","width":512,"height":512,"caption":"Dental Test Lab"},"image":{"@id":"https:\/\/dentaltestlab.com\/fr\/#\/schema\/logo\/image\/"}}]}},"_links":{"self":[{"href":"https:\/\/dentaltestlab.com\/fr\/wp-json\/wp\/v2\/pages\/13503","targetHints":{"allow":["GET"]}}],"collection":[{"href":"https:\/\/dentaltestlab.com\/fr\/wp-json\/wp\/v2\/pages"}],"about":[{"href":"https:\/\/dentaltestlab.com\/fr\/wp-json\/wp\/v2\/types\/page"}],"author":[{"embeddable":true,"href":"https:\/\/dentaltestlab.com\/fr\/wp-json\/wp\/v2\/users\/1"}],"replies":[{"embeddable":true,"href":"https:\/\/dentaltestlab.com\/fr\/wp-json\/wp\/v2\/comments?post=13503"}],"version-history":[{"count":3,"href":"https:\/\/dentaltestlab.com\/fr\/wp-json\/wp\/v2\/pages\/13503\/revisions"}],"predecessor-version":[{"id":13530,"href":"https:\/\/dentaltestlab.com\/fr\/wp-json\/wp\/v2\/pages\/13503\/revisions\/13530"}],"wp:featuredmedia":[{"embeddable":true,"href":"https:\/\/dentaltestlab.com\/fr\/wp-json\/wp\/v2\/media\/13513"}],"wp:attachment":[{"href":"https:\/\/dentaltestlab.com\/fr\/wp-json\/wp\/v2\/media?parent=13503"}],"wp:term":[{"taxonomy":"category","embeddable":true,"href":"https:\/\/dentaltestlab.com\/fr\/wp-json\/wp\/v2\/categories?post=13503"},{"taxonomy":"post_tag","embeddable":true,"href":"https:\/\/dentaltestlab.com\/fr\/wp-json\/wp\/v2\/tags?post=13503"}],"curies":[{"name":"wp","href":"https:\/\/api.w.org\/{rel}","templated":true}]}}